{"id":2158,"date":"2020-07-05T12:36:53","date_gmt":"2020-07-05T12:36:53","guid":{"rendered":"https:\/\/timpurinoi.mynomnom.ro\/contact\/"},"modified":"2026-03-12T19:21:39","modified_gmt":"2026-03-12T17:21:39","slug":"contact","status":"publish","type":"page","link":"https:\/\/timpurinoi.mynomnom.ro\/en\/contact\/","title":{"rendered":"Contact"},"content":{"rendered":"<p id=\"tw-target-text\" class=\"tw-data-text tw-text-large tw-ta\" dir=\"ltr\" data-placeholder=\"Translation\" data-ved=\"2ahUKEwiKnp_ojoqDAxUvQvEDHXLVDXYQ3ewLegQIBRAQ\"><strong><span class=\"Y2IQFc\" lang=\"en\">Adress<\/span><\/strong><\/p><p>Splaiul Unirii 165, Carnivale Food Market,<span class=\"Y2IQFc\" lang=\"en\">Bucharest<\/span><\/p>\r\n<p id=\"tw-target-text\" class=\"tw-data-text tw-text-large tw-ta\" dir=\"ltr\" data-placeholder=\"Translation\" data-ved=\"2ahUKEwiKnp_ojoqDAxUvQvEDHXLVDXYQ3ewLegQIBRAQ\"><strong><span class=\"Y2IQFc\" lang=\"en\">Phone<\/span><\/strong>: 0756 252 627<br \/><strong>Email<\/strong>: <a href=\"mailto:bucuresti@mynomnom.ro\" target=\"_blank\" rel=\"noreferrer noopener\">bucuresti@mynomnom.ro<\/a><\/p><h3 class=\"wp-block-heading\">Open Hours<\/h3><p><strong>Monday &#8211; Friday<\/strong>: 11:00 &#8211; 20:00<br \/><strong>Saturday<\/strong>: 11:00 &#8211; 18:00<\/p><p><img data-recalc-dims=\"1\" loading=\"lazy\" decoding=\"async\" class=\"alignnone size-medium wp-image-2385\" src=\"https:\/\/i0.wp.com\/timpurinoi.mynomnom.ro\/wp-content\/uploads\/2023\/12\/IMG_20231205_131406-01_resized_20231205_013225198.jpeg?resize=450%2C600&#038;ssl=1\" alt=\"\" width=\"450\" height=\"600\" srcset=\"https:\/\/i0.wp.com\/timpurinoi.mynomnom.ro\/wp-content\/uploads\/2023\/12\/IMG_20231205_131406-01_resized_20231205_013225198.jpeg?resize=450%2C600&amp;ssl=1 450w, https:\/\/i0.wp.com\/timpurinoi.mynomnom.ro\/wp-content\/uploads\/2023\/12\/IMG_20231205_131406-01_resized_20231205_013225198.jpeg?resize=900%2C1200&amp;ssl=1 900w, https:\/\/i0.wp.com\/timpurinoi.mynomnom.ro\/wp-content\/uploads\/2023\/12\/IMG_20231205_131406-01_resized_20231205_013225198.jpeg?resize=768%2C1024&amp;ssl=1 768w, https:\/\/i0.wp.com\/timpurinoi.mynomnom.ro\/wp-content\/uploads\/2023\/12\/IMG_20231205_131406-01_resized_20231205_013225198.jpeg?resize=1152%2C1536&amp;ssl=1 1152w, https:\/\/i0.wp.com\/timpurinoi.mynomnom.ro\/wp-content\/uploads\/2023\/12\/IMG_20231205_131406-01_resized_20231205_013225198.jpeg?resize=1536%2C2048&amp;ssl=1 1536w, https:\/\/i0.wp.com\/timpurinoi.mynomnom.ro\/wp-content\/uploads\/2023\/12\/IMG_20231205_131406-01_resized_20231205_013225198.jpeg?resize=600%2C800&amp;ssl=1 600w, https:\/\/i0.wp.com\/timpurinoi.mynomnom.ro\/wp-content\/uploads\/2023\/12\/IMG_20231205_131406-01_resized_20231205_013225198.jpeg?w=1560&amp;ssl=1 1560w, https:\/\/i0.wp.com\/timpurinoi.mynomnom.ro\/wp-content\/uploads\/2023\/12\/IMG_20231205_131406-01_resized_20231205_013225198.jpeg?w=1280&amp;ssl=1 1280w\" sizes=\"auto, (max-width: 450px) 100vw, 450px\" \/><\/p>","protected":false},"excerpt":{"rendered":"<p>Adress Splaiul Unirii 165, Carnivale Food Market,Bucharest Phone: 0756 252 627Email: bucuresti@mynomnom.ro Open Hours Monday &#8211; Friday: 11:00 &#8211; 20:00Saturday: 11:00 &#8211; 18:00<\/p>\n","protected":false},"author":1,"featured_media":0,"parent":0,"menu_order":0,"comment_status":"closed","ping_status":"closed","template":"page-templates\/template-contact.php","meta":{"footnotes":""},"class_list":["post-2158","page","type-page","status-publish","hentry"],"acf":[],"yoast_head":"<!-- This site is optimized with the Yoast SEO plugin v24.1 - https:\/\/yoast.com\/wordpress\/plugins\/seo\/ -->\n<title>Contact - Nom Nom Bistro - Bucuresti, Timpuri Noi<\/title>\n<meta name=\"robots\" content=\"index, follow, max-snippet:-1, max-image-preview:large, max-video-preview:-1\" \/>\n<link rel=\"canonical\" href=\"https:\/\/timpurinoi.mynomnom.ro\/en\/contact\/\" \/>\n<meta property=\"og:locale\" content=\"en_US\" \/>\n<meta property=\"og:type\" content=\"article\" \/>\n<meta property=\"og:title\" content=\"Contact - Nom Nom Bistro - Bucuresti, Timpuri Noi\" \/>\n<meta property=\"og:description\" content=\"Adress Splaiul Unirii 165, Carnivale Food Market,Bucharest Phone: 0756 252 627Email: bucuresti@mynomnom.ro Open Hours Monday &#8211; Friday: 11:00 &#8211; 20:00Saturday: 11:00 &#8211; 18:00\" \/>\n<meta property=\"og:url\" content=\"https:\/\/timpurinoi.mynomnom.ro\/en\/contact\/\" \/>\n<meta property=\"og:site_name\" content=\"Nom Nom Bistro - Bucuresti, Timpuri Noi\" \/>\n<meta property=\"article:modified_time\" content=\"2026-03-12T17:21:39+00:00\" \/>\n<meta property=\"og:image\" content=\"https:\/\/timpurinoi.mynomnom.ro\/wp-content\/uploads\/2023\/12\/IMG_20231205_131406-01_resized_20231205_013225198-450x600.jpeg\" \/>\n<meta name=\"twitter:card\" content=\"summary_large_image\" \/>\n<meta name=\"twitter:label1\" content=\"Est. reading time\" \/>\n\t<meta name=\"twitter:data1\" content=\"1 minute\" \/>\n<script type=\"application\/ld+json\" class=\"yoast-schema-graph\">{\"@context\":\"https:\/\/schema.org\",\"@graph\":[{\"@type\":\"WebPage\",\"@id\":\"https:\/\/timpurinoi.mynomnom.ro\/en\/contact\/\",\"url\":\"https:\/\/timpurinoi.mynomnom.ro\/en\/contact\/\",\"name\":\"Contact - Nom Nom Bistro - Bucuresti, Timpuri Noi\",\"isPartOf\":{\"@id\":\"https:\/\/timpurinoi.mynomnom.ro\/#website\"},\"primaryImageOfPage\":{\"@id\":\"https:\/\/timpurinoi.mynomnom.ro\/en\/contact\/#primaryimage\"},\"image\":{\"@id\":\"https:\/\/timpurinoi.mynomnom.ro\/en\/contact\/#primaryimage\"},\"thumbnailUrl\":\"https:\/\/timpurinoi.mynomnom.ro\/wp-content\/uploads\/2023\/12\/IMG_20231205_131406-01_resized_20231205_013225198-450x600.jpeg\",\"datePublished\":\"2020-07-05T12:36:53+00:00\",\"dateModified\":\"2026-03-12T17:21:39+00:00\",\"breadcrumb\":{\"@id\":\"https:\/\/timpurinoi.mynomnom.ro\/en\/contact\/#breadcrumb\"},\"inLanguage\":\"en-US\",\"potentialAction\":[{\"@type\":\"ReadAction\",\"target\":[\"https:\/\/timpurinoi.mynomnom.ro\/en\/contact\/\"]}]},{\"@type\":\"ImageObject\",\"inLanguage\":\"en-US\",\"@id\":\"https:\/\/timpurinoi.mynomnom.ro\/en\/contact\/#primaryimage\",\"url\":\"https:\/\/timpurinoi.mynomnom.ro\/wp-content\/uploads\/2023\/12\/IMG_20231205_131406-01_resized_20231205_013225198-450x600.jpeg\",\"contentUrl\":\"https:\/\/timpurinoi.mynomnom.ro\/wp-content\/uploads\/2023\/12\/IMG_20231205_131406-01_resized_20231205_013225198-450x600.jpeg\"},{\"@type\":\"BreadcrumbList\",\"@id\":\"https:\/\/timpurinoi.mynomnom.ro\/en\/contact\/#breadcrumb\",\"itemListElement\":[{\"@type\":\"ListItem\",\"position\":1,\"name\":\"Prima pagin\u0103\",\"item\":\"https:\/\/timpurinoi.mynomnom.ro\/en\/\"},{\"@type\":\"ListItem\",\"position\":2,\"name\":\"Contact\"}]},{\"@type\":\"WebSite\",\"@id\":\"https:\/\/timpurinoi.mynomnom.ro\/#website\",\"url\":\"https:\/\/timpurinoi.mynomnom.ro\/\",\"name\":\"Nom Nom Bistro - Bucuresti, Timpuri Noi\",\"description\":\"M\u00e2ncare s\u0103n\u0103toas\u0103 \u00een Bucure\u0219ti - Timpuri noi\",\"potentialAction\":[{\"@type\":\"SearchAction\",\"target\":{\"@type\":\"EntryPoint\",\"urlTemplate\":\"https:\/\/timpurinoi.mynomnom.ro\/?s={search_term_string}\"},\"query-input\":{\"@type\":\"PropertyValueSpecification\",\"valueRequired\":true,\"valueName\":\"search_term_string\"}}],\"inLanguage\":\"en-US\"}]}<\/script>\n<!-- \/ Yoast SEO plugin. -->","yoast_head_json":{"title":"Contact - Nom Nom Bistro - Bucuresti, Timpuri Noi","robots":{"index":"index","follow":"follow","max-snippet":"max-snippet:-1","max-image-preview":"max-image-preview:large","max-video-preview":"max-video-preview:-1"},"canonical":"https:\/\/timpurinoi.mynomnom.ro\/en\/contact\/","og_locale":"en_US","og_type":"article","og_title":"Contact - Nom Nom Bistro - Bucuresti, Timpuri Noi","og_description":"Adress Splaiul Unirii 165, Carnivale Food Market,Bucharest Phone: 0756 252 627Email: bucuresti@mynomnom.ro Open Hours Monday &#8211; Friday: 11:00 &#8211; 20:00Saturday: 11:00 &#8211; 18:00","og_url":"https:\/\/timpurinoi.mynomnom.ro\/en\/contact\/","og_site_name":"Nom Nom Bistro - Bucuresti, Timpuri Noi","article_modified_time":"2026-03-12T17:21:39+00:00","og_image":[{"url":"https:\/\/timpurinoi.mynomnom.ro\/wp-content\/uploads\/2023\/12\/IMG_20231205_131406-01_resized_20231205_013225198-450x600.jpeg","type":"","width":"","height":""}],"twitter_card":"summary_large_image","twitter_misc":{"Est. reading time":"1 minute"},"schema":{"@context":"https:\/\/schema.org","@graph":[{"@type":"WebPage","@id":"https:\/\/timpurinoi.mynomnom.ro\/en\/contact\/","url":"https:\/\/timpurinoi.mynomnom.ro\/en\/contact\/","name":"Contact - Nom Nom Bistro - Bucuresti, Timpuri Noi","isPartOf":{"@id":"https:\/\/timpurinoi.mynomnom.ro\/#website"},"primaryImageOfPage":{"@id":"https:\/\/timpurinoi.mynomnom.ro\/en\/contact\/#primaryimage"},"image":{"@id":"https:\/\/timpurinoi.mynomnom.ro\/en\/contact\/#primaryimage"},"thumbnailUrl":"https:\/\/timpurinoi.mynomnom.ro\/wp-content\/uploads\/2023\/12\/IMG_20231205_131406-01_resized_20231205_013225198-450x600.jpeg","datePublished":"2020-07-05T12:36:53+00:00","dateModified":"2026-03-12T17:21:39+00:00","breadcrumb":{"@id":"https:\/\/timpurinoi.mynomnom.ro\/en\/contact\/#breadcrumb"},"inLanguage":"en-US","potentialAction":[{"@type":"ReadAction","target":["https:\/\/timpurinoi.mynomnom.ro\/en\/contact\/"]}]},{"@type":"ImageObject","inLanguage":"en-US","@id":"https:\/\/timpurinoi.mynomnom.ro\/en\/contact\/#primaryimage","url":"https:\/\/timpurinoi.mynomnom.ro\/wp-content\/uploads\/2023\/12\/IMG_20231205_131406-01_resized_20231205_013225198-450x600.jpeg","contentUrl":"https:\/\/timpurinoi.mynomnom.ro\/wp-content\/uploads\/2023\/12\/IMG_20231205_131406-01_resized_20231205_013225198-450x600.jpeg"},{"@type":"BreadcrumbList","@id":"https:\/\/timpurinoi.mynomnom.ro\/en\/contact\/#breadcrumb","itemListElement":[{"@type":"ListItem","position":1,"name":"Prima pagin\u0103","item":"https:\/\/timpurinoi.mynomnom.ro\/en\/"},{"@type":"ListItem","position":2,"name":"Contact"}]},{"@type":"WebSite","@id":"https:\/\/timpurinoi.mynomnom.ro\/#website","url":"https:\/\/timpurinoi.mynomnom.ro\/","name":"Nom Nom Bistro - Bucuresti, Timpuri Noi","description":"M\u00e2ncare s\u0103n\u0103toas\u0103 \u00een Bucure\u0219ti - Timpuri noi","potentialAction":[{"@type":"SearchAction","target":{"@type":"EntryPoint","urlTemplate":"https:\/\/timpurinoi.mynomnom.ro\/?s={search_term_string}"},"query-input":{"@type":"PropertyValueSpecification","valueRequired":true,"valueName":"search_term_string"}}],"inLanguage":"en-US"}]}},"jetpack_sharing_enabled":true,"_links":{"self":[{"href":"https:\/\/timpurinoi.mynomnom.ro\/en\/wp-json\/wp\/v2\/pages\/2158","targetHints":{"allow":["GET"]}}],"collection":[{"href":"https:\/\/timpurinoi.mynomnom.ro\/en\/wp-json\/wp\/v2\/pages"}],"about":[{"href":"https:\/\/timpurinoi.mynomnom.ro\/en\/wp-json\/wp\/v2\/types\/page"}],"author":[{"embeddable":true,"href":"https:\/\/timpurinoi.mynomnom.ro\/en\/wp-json\/wp\/v2\/users\/1"}],"replies":[{"embeddable":true,"href":"https:\/\/timpurinoi.mynomnom.ro\/en\/wp-json\/wp\/v2\/comments?post=2158"}],"version-history":[{"count":11,"href":"https:\/\/timpurinoi.mynomnom.ro\/en\/wp-json\/wp\/v2\/pages\/2158\/revisions"}],"predecessor-version":[{"id":4519,"href":"https:\/\/timpurinoi.mynomnom.ro\/en\/wp-json\/wp\/v2\/pages\/2158\/revisions\/4519"}],"wp:attachment":[{"href":"https:\/\/timpurinoi.mynomnom.ro\/en\/wp-json\/wp\/v2\/media?parent=2158"}],"curies":[{"name":"wp","href":"https:\/\/api.w.org\/{rel}","templated":true}]}}