{"id":2204,"date":"2020-07-05T12:38:55","date_gmt":"2020-07-05T12:38:55","guid":{"rendered":"https:\/\/timpurinoi.mynomnom.ro\/catering\/"},"modified":"2023-12-12T17:59:14","modified_gmt":"2023-12-12T15:59:14","slug":"catering","status":"publish","type":"page","link":"https:\/\/timpurinoi.mynomnom.ro\/en\/catering\/","title":{"rendered":"Catering"},"content":{"rendered":"<h2 class=\"wp-block-heading\">Healthy food for successful events!<\/h2>\r\n<p id=\"tw-target-text\" class=\"tw-data-text tw-text-large tw-ta\" dir=\"ltr\" data-placeholder=\"Translation\" data-ved=\"2ahUKEwiKnp_ojoqDAxUvQvEDHXLVDXYQ3ewLegQIBRAQ\"><span class=\"Y2IQFc\" lang=\"en\">When we organize an event, we want everything to be perfect, from the location, the music to the food. <\/span><\/p>\r\n<p class=\"tw-data-text tw-text-large tw-ta\" dir=\"ltr\" data-placeholder=\"Translation\" data-ved=\"2ahUKEwiKnp_ojoqDAxUvQvEDHXLVDXYQ3ewLegQIBRAQ\"><span class=\"Y2IQFc\" lang=\"en\">If you have special events and want to surprise your guests with a tasty and healthy menu, we are with you! <\/span><\/p>\r\n<p class=\"tw-data-text tw-text-large tw-ta\" dir=\"ltr\" data-placeholder=\"Translation\" data-ved=\"2ahUKEwiKnp_ojoqDAxUvQvEDHXLVDXYQ3ewLegQIBRAQ\"><span class=\"Y2IQFc\" lang=\"en\">We can design vegan dishes together, from whole ingredients, depending on the tastes or diets of your guests. <\/span><span class=\"Y2IQFc\" lang=\"en\">Cold or hot appetizers, main course, soups and desserts. <\/span><\/p>\r\n<p class=\"tw-data-text tw-text-large tw-ta\" dir=\"ltr\" data-placeholder=\"Translation\" data-ved=\"2ahUKEwiKnp_ojoqDAxUvQvEDHXLVDXYQ3ewLegQIBRAQ\"><span class=\"Y2IQFc\" lang=\"en\">The ingredients we use are natural and fresh. The preparations are cooked with care, without frying, without oil, without white sugar, preservatives or additives. <\/span><\/p>\r\n<p class=\"tw-data-text tw-text-large tw-ta\" dir=\"ltr\" data-placeholder=\"Translation\" data-ved=\"2ahUKEwiKnp_ojoqDAxUvQvEDHXLVDXYQ3ewLegQIBRAQ\"><span class=\"Y2IQFc\" lang=\"en\">Our vegan products are not only healthy, they are also tasty. <\/span><span class=\"Y2IQFc\" lang=\"en\">Even the most ardent carnivores will appreciate the taste. <\/span><\/p>\r\n<p class=\"tw-data-text tw-text-large tw-ta\" dir=\"ltr\" data-placeholder=\"Translation\" data-ved=\"2ahUKEwiKnp_ojoqDAxUvQvEDHXLVDXYQ3ewLegQIBRAQ\"><span class=\"Y2IQFc\" lang=\"en\">In this way, the guests will feel good, full of energy and will have a memorable culinary experience. <\/span><\/p>\r\n<p class=\"tw-data-text tw-text-large tw-ta\" dir=\"ltr\" data-placeholder=\"Translation\" data-ved=\"2ahUKEwiKnp_ojoqDAxUvQvEDHXLVDXYQ3ewLegQIBRAQ\"><span class=\"Y2IQFc\" lang=\"en\">For more details, please contact us by phone or through the attached form.<\/span><\/p>","protected":false},"excerpt":{"rendered":"<p>Healthy food for successful events! When we organize an event, we want everything to be perfect, from the location, the music to the food. If you have special events and want to surprise your guests with a tasty and healthy menu, we are with you! We can design vegan dishes together, from whole ingredients, depending<\/p>\n","protected":false},"author":1,"featured_media":0,"parent":0,"menu_order":0,"comment_status":"closed","ping_status":"closed","template":"page-templates\/template-catering.php","meta":{"footnotes":""},"class_list":["post-2204","page","type-page","status-publish","hentry"],"acf":[],"yoast_head":"<!-- This site is optimized with the Yoast SEO plugin v24.1 - https:\/\/yoast.com\/wordpress\/plugins\/seo\/ -->\n<title>Catering - Nom Nom Bistro - Bucuresti, Timpuri Noi<\/title>\n<meta name=\"robots\" content=\"index, follow, max-snippet:-1, max-image-preview:large, max-video-preview:-1\" \/>\n<link rel=\"canonical\" href=\"https:\/\/timpurinoi.mynomnom.ro\/en\/catering\/\" \/>\n<meta property=\"og:locale\" content=\"en_US\" \/>\n<meta property=\"og:type\" content=\"article\" \/>\n<meta property=\"og:title\" content=\"Catering - Nom Nom Bistro - Bucuresti, Timpuri Noi\" \/>\n<meta property=\"og:description\" content=\"Healthy food for successful events! When we organize an event, we want everything to be perfect, from the location, the music to the food. If you have special events and want to surprise your guests with a tasty and healthy menu, we are with you! We can design vegan dishes together, from whole ingredients, depending\" \/>\n<meta property=\"og:url\" content=\"https:\/\/timpurinoi.mynomnom.ro\/en\/catering\/\" \/>\n<meta property=\"og:site_name\" content=\"Nom Nom Bistro - Bucuresti, Timpuri Noi\" \/>\n<meta property=\"article:modified_time\" content=\"2023-12-12T15:59:14+00:00\" \/>\n<meta name=\"twitter:card\" content=\"summary_large_image\" \/>\n<meta name=\"twitter:label1\" content=\"Est. reading time\" \/>\n\t<meta name=\"twitter:data1\" content=\"1 minute\" \/>\n<script type=\"application\/ld+json\" class=\"yoast-schema-graph\">{\"@context\":\"https:\/\/schema.org\",\"@graph\":[{\"@type\":\"WebPage\",\"@id\":\"https:\/\/timpurinoi.mynomnom.ro\/en\/catering\/\",\"url\":\"https:\/\/timpurinoi.mynomnom.ro\/en\/catering\/\",\"name\":\"Catering - Nom Nom Bistro - Bucuresti, Timpuri Noi\",\"isPartOf\":{\"@id\":\"https:\/\/timpurinoi.mynomnom.ro\/#website\"},\"datePublished\":\"2020-07-05T12:38:55+00:00\",\"dateModified\":\"2023-12-12T15:59:14+00:00\",\"breadcrumb\":{\"@id\":\"https:\/\/timpurinoi.mynomnom.ro\/en\/catering\/#breadcrumb\"},\"inLanguage\":\"en-US\",\"potentialAction\":[{\"@type\":\"ReadAction\",\"target\":[\"https:\/\/timpurinoi.mynomnom.ro\/en\/catering\/\"]}]},{\"@type\":\"BreadcrumbList\",\"@id\":\"https:\/\/timpurinoi.mynomnom.ro\/en\/catering\/#breadcrumb\",\"itemListElement\":[{\"@type\":\"ListItem\",\"position\":1,\"name\":\"Prima pagin\u0103\",\"item\":\"https:\/\/timpurinoi.mynomnom.ro\/en\/\"},{\"@type\":\"ListItem\",\"position\":2,\"name\":\"Catering\"}]},{\"@type\":\"WebSite\",\"@id\":\"https:\/\/timpurinoi.mynomnom.ro\/#website\",\"url\":\"https:\/\/timpurinoi.mynomnom.ro\/\",\"name\":\"Nom Nom Bistro - Bucuresti, Timpuri Noi\",\"description\":\"M\u00e2ncare s\u0103n\u0103toas\u0103 \u00een Bucure\u0219ti - Timpuri noi\",\"potentialAction\":[{\"@type\":\"SearchAction\",\"target\":{\"@type\":\"EntryPoint\",\"urlTemplate\":\"https:\/\/timpurinoi.mynomnom.ro\/?s={search_term_string}\"},\"query-input\":{\"@type\":\"PropertyValueSpecification\",\"valueRequired\":true,\"valueName\":\"search_term_string\"}}],\"inLanguage\":\"en-US\"}]}<\/script>\n<!-- \/ Yoast SEO plugin. -->","yoast_head_json":{"title":"Catering - Nom Nom Bistro - Bucuresti, Timpuri Noi","robots":{"index":"index","follow":"follow","max-snippet":"max-snippet:-1","max-image-preview":"max-image-preview:large","max-video-preview":"max-video-preview:-1"},"canonical":"https:\/\/timpurinoi.mynomnom.ro\/en\/catering\/","og_locale":"en_US","og_type":"article","og_title":"Catering - Nom Nom Bistro - Bucuresti, Timpuri Noi","og_description":"Healthy food for successful events! When we organize an event, we want everything to be perfect, from the location, the music to the food. If you have special events and want to surprise your guests with a tasty and healthy menu, we are with you! We can design vegan dishes together, from whole ingredients, depending","og_url":"https:\/\/timpurinoi.mynomnom.ro\/en\/catering\/","og_site_name":"Nom Nom Bistro - Bucuresti, Timpuri Noi","article_modified_time":"2023-12-12T15:59:14+00:00","twitter_card":"summary_large_image","twitter_misc":{"Est. reading time":"1 minute"},"schema":{"@context":"https:\/\/schema.org","@graph":[{"@type":"WebPage","@id":"https:\/\/timpurinoi.mynomnom.ro\/en\/catering\/","url":"https:\/\/timpurinoi.mynomnom.ro\/en\/catering\/","name":"Catering - Nom Nom Bistro - Bucuresti, Timpuri Noi","isPartOf":{"@id":"https:\/\/timpurinoi.mynomnom.ro\/#website"},"datePublished":"2020-07-05T12:38:55+00:00","dateModified":"2023-12-12T15:59:14+00:00","breadcrumb":{"@id":"https:\/\/timpurinoi.mynomnom.ro\/en\/catering\/#breadcrumb"},"inLanguage":"en-US","potentialAction":[{"@type":"ReadAction","target":["https:\/\/timpurinoi.mynomnom.ro\/en\/catering\/"]}]},{"@type":"BreadcrumbList","@id":"https:\/\/timpurinoi.mynomnom.ro\/en\/catering\/#breadcrumb","itemListElement":[{"@type":"ListItem","position":1,"name":"Prima pagin\u0103","item":"https:\/\/timpurinoi.mynomnom.ro\/en\/"},{"@type":"ListItem","position":2,"name":"Catering"}]},{"@type":"WebSite","@id":"https:\/\/timpurinoi.mynomnom.ro\/#website","url":"https:\/\/timpurinoi.mynomnom.ro\/","name":"Nom Nom Bistro - Bucuresti, Timpuri Noi","description":"M\u00e2ncare s\u0103n\u0103toas\u0103 \u00een Bucure\u0219ti - Timpuri noi","potentialAction":[{"@type":"SearchAction","target":{"@type":"EntryPoint","urlTemplate":"https:\/\/timpurinoi.mynomnom.ro\/?s={search_term_string}"},"query-input":{"@type":"PropertyValueSpecification","valueRequired":true,"valueName":"search_term_string"}}],"inLanguage":"en-US"}]}},"jetpack_sharing_enabled":true,"_links":{"self":[{"href":"https:\/\/timpurinoi.mynomnom.ro\/en\/wp-json\/wp\/v2\/pages\/2204","targetHints":{"allow":["GET"]}}],"collection":[{"href":"https:\/\/timpurinoi.mynomnom.ro\/en\/wp-json\/wp\/v2\/pages"}],"about":[{"href":"https:\/\/timpurinoi.mynomnom.ro\/en\/wp-json\/wp\/v2\/types\/page"}],"author":[{"embeddable":true,"href":"https:\/\/timpurinoi.mynomnom.ro\/en\/wp-json\/wp\/v2\/users\/1"}],"replies":[{"embeddable":true,"href":"https:\/\/timpurinoi.mynomnom.ro\/en\/wp-json\/wp\/v2\/comments?post=2204"}],"version-history":[{"count":1,"href":"https:\/\/timpurinoi.mynomnom.ro\/en\/wp-json\/wp\/v2\/pages\/2204\/revisions"}],"predecessor-version":[{"id":2497,"href":"https:\/\/timpurinoi.mynomnom.ro\/en\/wp-json\/wp\/v2\/pages\/2204\/revisions\/2497"}],"wp:attachment":[{"href":"https:\/\/timpurinoi.mynomnom.ro\/en\/wp-json\/wp\/v2\/media?parent=2204"}],"curies":[{"name":"wp","href":"https:\/\/api.w.org\/{rel}","templated":true}]}}