{"id":2212,"date":"2020-07-05T12:35:47","date_gmt":"2020-07-05T12:35:47","guid":{"rendered":"https:\/\/timpurinoi.mynomnom.ro\/despre-noi\/"},"modified":"2023-12-12T18:14:34","modified_gmt":"2023-12-12T16:14:34","slug":"despre-noi","status":"publish","type":"page","link":"https:\/\/timpurinoi.mynomnom.ro\/en\/despre-noi\/","title":{"rendered":"About us"},"content":{"rendered":"<h2 id=\"tw-target-text\" class=\"tw-data-text tw-text-large tw-ta wp-block-heading\" dir=\"ltr\" data-placeholder=\"Translation\" data-ved=\"2ahUKEwiKnp_ojoqDAxUvQvEDHXLVDXYQ3ewLegQIBRAQ\"><span class=\"Y2IQFc\" lang=\"en\">A lifestyle&#8230;<\/span><\/h2><p id=\"tw-target-text\" class=\"tw-data-text tw-text-large tw-ta\" dir=\"ltr\" data-placeholder=\"Translation\" data-ved=\"2ahUKEwiKnp_ojoqDAxUvQvEDHXLVDXYQ3ewLegQIBRAQ\"><span class=\"Y2IQFc\" lang=\"en\"><strong>Nom Nom Bistro<\/strong> was born in Constan\u021ba, out of a passion for a balanced and healthy lifestyle. We believe that plant-based nutrition is not only about new, amazing flavors, but also about feeling much better!<\/span><\/p><p id=\"tw-target-text\" class=\"tw-data-text tw-text-large tw-ta\" dir=\"ltr\" data-placeholder=\"Translation\" data-ved=\"2ahUKEwiKnp_ojoqDAxUvQvEDHXLVDXYQ3ewLegQIBRAQ\"><span class=\"Y2IQFc\" lang=\"en\">We want to share with you that health does not mean a lot of restrictions or complicated diets, but a tasty balance. Through <strong>Nom Nom<\/strong> we show you how simple it is: eat healthy, feel good and look good! Nature is continuously doing a very beautiful job of taking care of us. We want to value everything that Nature gives us every day, making healthy choices: we cook with passion, we inspire each other, we combine fresh ingredients, without preservatives or sugars, so that everything that comes out of our hands is delicious!<\/span><\/p><p id=\"tw-target-text\" class=\"tw-data-text tw-text-large tw-ta\" dir=\"ltr\" data-placeholder=\"Translation\" data-ved=\"2ahUKEwiKnp_ojoqDAxUvQvEDHXLVDXYQ3ewLegQIBRAQ\"><span class=\"Y2IQFc\" lang=\"en\">We are a small but united team and we evolve together. We believe that healthy choices are not a fad adopted today and forgotten tomorrow, but a long-term promise! We want to show that food can be both tasty and healthy!<\/span><\/p>\r\n<p><strong>Nom Nom<\/strong> is more than a place where you can dine; has become the space where customers can adopt a lifestyle focused on health and well-being. Our vision is simple but profound: to create a space that not only delights the taste buds with exceptional flavors and dishes, but also nourishes the mind, body and spirit, in a harmonious way.<\/p>\r\n<p id=\"tw-target-text\" class=\"tw-data-text tw-text-large tw-ta\" dir=\"ltr\" data-placeholder=\"Translation\" data-ved=\"2ahUKEwiKnp_ojoqDAxUvQvEDHXLVDXYQ3ewLegQIBRAQ\"><span class=\"Y2IQFc\" lang=\"en\"><strong>Nom Nom<\/strong> has become a symbol of a shared journey, a testament to the power of collective community growth.<\/span><\/p>\r\n<p>&nbsp;<\/p>\r\n<div class=\"tiled-gallery type-rectangular tiled-gallery-unresized\" data-original-width=\"640\" data-carousel-extra='null' itemscope itemtype=\"http:\/\/schema.org\/ImageGallery\" > <div class=\"gallery-row\" style=\"width: 640px; height: 231px;\" data-original-width=\"640\" data-original-height=\"231\" > <div class=\"gallery-group images-1\" style=\"width: 156px; height: 231px;\" data-original-width=\"156\" data-original-height=\"231\" > <div class=\"tiled-gallery-item tiled-gallery-item-small\" itemprop=\"associatedMedia\" itemscope itemtype=\"http:\/\/schema.org\/ImageObject\"> <a href=\"https:\/\/timpurinoi.mynomnom.ro\/en\/image00350-2\/\" border=\"0\" itemprop=\"url\"> <meta itemprop=\"width\" content=\"152\"> <meta itemprop=\"height\" content=\"227\"> <img decoding=\"async\" class=\"\" data-attachment-id=\"2317\" data-orig-file=\"https:\/\/timpurinoi.mynomnom.ro\/wp-content\/uploads\/2023\/11\/image00350.jpg\" data-orig-size=\"1333,2000\" data-comments-opened=\"\" data-image-meta=\"{&quot;aperture&quot;:&quot;5&quot;,&quot;credit&quot;:&quot;&quot;,&quot;camera&quot;:&quot;ILCE-7M3&quot;,&quot;caption&quot;:&quot;&quot;,&quot;created_timestamp&quot;:&quot;1688118284&quot;,&quot;copyright&quot;:&quot;&quot;,&quot;focal_length&quot;:&quot;50.7&quot;,&quot;iso&quot;:&quot;100&quot;,&quot;shutter_speed&quot;:&quot;0.0025&quot;,&quot;title&quot;:&quot;&quot;,&quot;orientation&quot;:&quot;0&quot;}\" data-image-title=\"image00350\" data-image-description=\"\" data-medium-file=\"https:\/\/i0.wp.com\/timpurinoi.mynomnom.ro\/wp-content\/uploads\/2023\/11\/image00350.jpg?fit=400%2C600&#038;ssl=1\" data-large-file=\"https:\/\/i0.wp.com\/timpurinoi.mynomnom.ro\/wp-content\/uploads\/2023\/11\/image00350.jpg?fit=640%2C960&#038;ssl=1\" src=\"https:\/\/i0.wp.com\/timpurinoi.mynomnom.ro\/wp-content\/uploads\/2023\/11\/image00350.jpg?w=152&#038;h=227&#038;ssl=1\" srcset=\"https:\/\/i0.wp.com\/timpurinoi.mynomnom.ro\/wp-content\/uploads\/2023\/11\/image00350.jpg?w=1333&amp;ssl=1 1333w, https:\/\/i0.wp.com\/timpurinoi.mynomnom.ro\/wp-content\/uploads\/2023\/11\/image00350.jpg?resize=400%2C600&amp;ssl=1 400w, https:\/\/i0.wp.com\/timpurinoi.mynomnom.ro\/wp-content\/uploads\/2023\/11\/image00350.jpg?resize=800%2C1200&amp;ssl=1 800w, https:\/\/i0.wp.com\/timpurinoi.mynomnom.ro\/wp-content\/uploads\/2023\/11\/image00350.jpg?resize=768%2C1152&amp;ssl=1 768w, https:\/\/i0.wp.com\/timpurinoi.mynomnom.ro\/wp-content\/uploads\/2023\/11\/image00350.jpg?resize=1024%2C1536&amp;ssl=1 1024w, https:\/\/i0.wp.com\/timpurinoi.mynomnom.ro\/wp-content\/uploads\/2023\/11\/image00350.jpg?resize=600%2C900&amp;ssl=1 600w, https:\/\/i0.wp.com\/timpurinoi.mynomnom.ro\/wp-content\/uploads\/2023\/11\/image00350.jpg?w=1280&amp;ssl=1 1280w\" width=\"152\" height=\"227\" loading=\"lazy\" data-original-width=\"152\" data-original-height=\"227\" itemprop=\"http:\/\/schema.org\/image\" title=\"image00350\" alt=\"image00350\" style=\"width: 152px; height: 227px;\" \/> <\/a> <\/div> <\/div> <!-- close group --> <div class=\"gallery-group images-1\" style=\"width: 174px; height: 231px;\" data-original-width=\"174\" data-original-height=\"231\" > <div class=\"tiled-gallery-item tiled-gallery-item-small\" itemprop=\"associatedMedia\" itemscope itemtype=\"http:\/\/schema.org\/ImageObject\"> <a href=\"https:\/\/timpurinoi.mynomnom.ro\/en\/_cuva-2\/\" border=\"0\" itemprop=\"url\"> <meta itemprop=\"width\" content=\"170\"> <meta itemprop=\"height\" content=\"227\"> <img decoding=\"async\" class=\"\" data-attachment-id=\"2347\" data-orig-file=\"https:\/\/timpurinoi.mynomnom.ro\/wp-content\/uploads\/2023\/11\/IMG_20230912_124952-01.jpg\" data-orig-size=\"1500,2000\" data-comments-opened=\"\" data-image-meta=\"{&quot;aperture&quot;:&quot;2.1&quot;,&quot;credit&quot;:&quot;&quot;,&quot;camera&quot;:&quot;HUAWEI P60 Pro&quot;,&quot;caption&quot;:&quot;_cuva&quot;,&quot;created_timestamp&quot;:&quot;1694522992&quot;,&quot;copyright&quot;:&quot;&quot;,&quot;focal_length&quot;:&quot;14.552&quot;,&quot;iso&quot;:&quot;50&quot;,&quot;shutter_speed&quot;:&quot;0.01&quot;,&quot;title&quot;:&quot;_cuva&quot;,&quot;orientation&quot;:&quot;0&quot;}\" data-image-title=\"_cuva\" data-image-description=\"\" data-medium-file=\"https:\/\/i0.wp.com\/timpurinoi.mynomnom.ro\/wp-content\/uploads\/2023\/11\/IMG_20230912_124952-01.jpg?fit=450%2C600&#038;ssl=1\" data-large-file=\"https:\/\/i0.wp.com\/timpurinoi.mynomnom.ro\/wp-content\/uploads\/2023\/11\/IMG_20230912_124952-01.jpg?fit=640%2C853&#038;ssl=1\" src=\"https:\/\/i0.wp.com\/timpurinoi.mynomnom.ro\/wp-content\/uploads\/2023\/11\/IMG_20230912_124952-01.jpg?w=170&#038;h=227&#038;ssl=1\" srcset=\"https:\/\/i0.wp.com\/timpurinoi.mynomnom.ro\/wp-content\/uploads\/2023\/11\/IMG_20230912_124952-01.jpg?w=1500&amp;ssl=1 1500w, https:\/\/i0.wp.com\/timpurinoi.mynomnom.ro\/wp-content\/uploads\/2023\/11\/IMG_20230912_124952-01.jpg?resize=450%2C600&amp;ssl=1 450w, https:\/\/i0.wp.com\/timpurinoi.mynomnom.ro\/wp-content\/uploads\/2023\/11\/IMG_20230912_124952-01.jpg?resize=900%2C1200&amp;ssl=1 900w, https:\/\/i0.wp.com\/timpurinoi.mynomnom.ro\/wp-content\/uploads\/2023\/11\/IMG_20230912_124952-01.jpg?resize=768%2C1024&amp;ssl=1 768w, https:\/\/i0.wp.com\/timpurinoi.mynomnom.ro\/wp-content\/uploads\/2023\/11\/IMG_20230912_124952-01.jpg?resize=1152%2C1536&amp;ssl=1 1152w, https:\/\/i0.wp.com\/timpurinoi.mynomnom.ro\/wp-content\/uploads\/2023\/11\/IMG_20230912_124952-01.jpg?resize=600%2C800&amp;ssl=1 600w, https:\/\/i0.wp.com\/timpurinoi.mynomnom.ro\/wp-content\/uploads\/2023\/11\/IMG_20230912_124952-01.jpg?w=1280&amp;ssl=1 1280w\" width=\"170\" height=\"227\" loading=\"lazy\" data-original-width=\"170\" data-original-height=\"227\" itemprop=\"http:\/\/schema.org\/image\" title=\"_cuva\" alt=\"_cuva\" style=\"width: 170px; height: 227px;\" \/> <\/a> <div class=\"tiled-gallery-caption\" itemprop=\"caption description\"> _cuva <\/div> <\/div> <\/div> <!-- close group --> <div class=\"gallery-group images-1\" style=\"width: 155px; height: 231px;\" data-original-width=\"155\" data-original-height=\"231\" > <div class=\"tiled-gallery-item tiled-gallery-item-small\" itemprop=\"associatedMedia\" itemscope itemtype=\"http:\/\/schema.org\/ImageObject\"> <a href=\"https:\/\/timpurinoi.mynomnom.ro\/en\/image00001-2-2\/\" border=\"0\" itemprop=\"url\"> <meta itemprop=\"width\" content=\"151\"> <meta itemprop=\"height\" content=\"227\"> <img decoding=\"async\" class=\"\" data-attachment-id=\"2273\" data-orig-file=\"https:\/\/timpurinoi.mynomnom.ro\/wp-content\/uploads\/2023\/11\/image00001-2.jpg\" data-orig-size=\"1333,2000\" data-comments-opened=\"\" data-image-meta=\"{&quot;aperture&quot;:&quot;4&quot;,&quot;credit&quot;:&quot;&quot;,&quot;camera&quot;:&quot;ILCE-7M3&quot;,&quot;caption&quot;:&quot;&quot;,&quot;created_timestamp&quot;:&quot;1691064783&quot;,&quot;copyright&quot;:&quot;&quot;,&quot;focal_length&quot;:&quot;35.7&quot;,&quot;iso&quot;:&quot;800&quot;,&quot;shutter_speed&quot;:&quot;0.008&quot;,&quot;title&quot;:&quot;&quot;,&quot;orientation&quot;:&quot;0&quot;}\" data-image-title=\"image00001-2\" data-image-description=\"\" data-medium-file=\"https:\/\/i0.wp.com\/timpurinoi.mynomnom.ro\/wp-content\/uploads\/2023\/11\/image00001-2.jpg?fit=400%2C600&#038;ssl=1\" data-large-file=\"https:\/\/i0.wp.com\/timpurinoi.mynomnom.ro\/wp-content\/uploads\/2023\/11\/image00001-2.jpg?fit=640%2C960&#038;ssl=1\" src=\"https:\/\/i0.wp.com\/timpurinoi.mynomnom.ro\/wp-content\/uploads\/2023\/11\/image00001-2.jpg?w=151&#038;h=227&#038;ssl=1\" srcset=\"https:\/\/i0.wp.com\/timpurinoi.mynomnom.ro\/wp-content\/uploads\/2023\/11\/image00001-2.jpg?w=1333&amp;ssl=1 1333w, https:\/\/i0.wp.com\/timpurinoi.mynomnom.ro\/wp-content\/uploads\/2023\/11\/image00001-2.jpg?resize=400%2C600&amp;ssl=1 400w, https:\/\/i0.wp.com\/timpurinoi.mynomnom.ro\/wp-content\/uploads\/2023\/11\/image00001-2.jpg?resize=800%2C1200&amp;ssl=1 800w, https:\/\/i0.wp.com\/timpurinoi.mynomnom.ro\/wp-content\/uploads\/2023\/11\/image00001-2.jpg?resize=768%2C1152&amp;ssl=1 768w, https:\/\/i0.wp.com\/timpurinoi.mynomnom.ro\/wp-content\/uploads\/2023\/11\/image00001-2.jpg?resize=1024%2C1536&amp;ssl=1 1024w, https:\/\/i0.wp.com\/timpurinoi.mynomnom.ro\/wp-content\/uploads\/2023\/11\/image00001-2.jpg?resize=600%2C900&amp;ssl=1 600w, https:\/\/i0.wp.com\/timpurinoi.mynomnom.ro\/wp-content\/uploads\/2023\/11\/image00001-2.jpg?w=1280&amp;ssl=1 1280w\" width=\"151\" height=\"227\" loading=\"lazy\" data-original-width=\"151\" data-original-height=\"227\" itemprop=\"http:\/\/schema.org\/image\" title=\"image00001-2\" alt=\"image00001-2\" style=\"width: 151px; height: 227px;\" \/> <\/a> <\/div> <\/div> <!-- close group --> <div class=\"gallery-group images-1\" style=\"width: 155px; height: 231px;\" data-original-width=\"155\" data-original-height=\"231\" > <div class=\"tiled-gallery-item tiled-gallery-item-small\" itemprop=\"associatedMedia\" itemscope itemtype=\"http:\/\/schema.org\/ImageObject\"> <a href=\"https:\/\/timpurinoi.mynomnom.ro\/en\/image00026-2-2\/\" border=\"0\" itemprop=\"url\"> <meta itemprop=\"width\" content=\"151\"> <meta itemprop=\"height\" content=\"227\"> <img decoding=\"async\" class=\"\" data-attachment-id=\"2301\" data-orig-file=\"https:\/\/timpurinoi.mynomnom.ro\/wp-content\/uploads\/2023\/11\/image00026-2.jpg\" data-orig-size=\"1333,2000\" data-comments-opened=\"\" data-image-meta=\"{&quot;aperture&quot;:&quot;4.5&quot;,&quot;credit&quot;:&quot;&quot;,&quot;camera&quot;:&quot;ILCE-7M3&quot;,&quot;caption&quot;:&quot;&quot;,&quot;created_timestamp&quot;:&quot;1688055434&quot;,&quot;copyright&quot;:&quot;&quot;,&quot;focal_length&quot;:&quot;43.2&quot;,&quot;iso&quot;:&quot;100&quot;,&quot;shutter_speed&quot;:&quot;0.0025&quot;,&quot;title&quot;:&quot;&quot;,&quot;orientation&quot;:&quot;0&quot;}\" data-image-title=\"image00026-2\" data-image-description=\"\" data-medium-file=\"https:\/\/i0.wp.com\/timpurinoi.mynomnom.ro\/wp-content\/uploads\/2023\/11\/image00026-2.jpg?fit=400%2C600&#038;ssl=1\" data-large-file=\"https:\/\/i0.wp.com\/timpurinoi.mynomnom.ro\/wp-content\/uploads\/2023\/11\/image00026-2.jpg?fit=640%2C960&#038;ssl=1\" src=\"https:\/\/i0.wp.com\/timpurinoi.mynomnom.ro\/wp-content\/uploads\/2023\/11\/image00026-2.jpg?w=151&#038;h=227&#038;ssl=1\" srcset=\"https:\/\/i0.wp.com\/timpurinoi.mynomnom.ro\/wp-content\/uploads\/2023\/11\/image00026-2.jpg?w=1333&amp;ssl=1 1333w, https:\/\/i0.wp.com\/timpurinoi.mynomnom.ro\/wp-content\/uploads\/2023\/11\/image00026-2.jpg?resize=400%2C600&amp;ssl=1 400w, https:\/\/i0.wp.com\/timpurinoi.mynomnom.ro\/wp-content\/uploads\/2023\/11\/image00026-2.jpg?resize=800%2C1200&amp;ssl=1 800w, https:\/\/i0.wp.com\/timpurinoi.mynomnom.ro\/wp-content\/uploads\/2023\/11\/image00026-2.jpg?resize=768%2C1152&amp;ssl=1 768w, https:\/\/i0.wp.com\/timpurinoi.mynomnom.ro\/wp-content\/uploads\/2023\/11\/image00026-2.jpg?resize=1024%2C1536&amp;ssl=1 1024w, https:\/\/i0.wp.com\/timpurinoi.mynomnom.ro\/wp-content\/uploads\/2023\/11\/image00026-2.jpg?resize=600%2C900&amp;ssl=1 600w, https:\/\/i0.wp.com\/timpurinoi.mynomnom.ro\/wp-content\/uploads\/2023\/11\/image00026-2.jpg?w=1280&amp;ssl=1 1280w\" width=\"151\" height=\"227\" loading=\"lazy\" data-original-width=\"151\" data-original-height=\"227\" itemprop=\"http:\/\/schema.org\/image\" title=\"image00026-2\" alt=\"image00026-2\" style=\"width: 151px; height: 227px;\" \/> <\/a> <\/div> <\/div> <!-- close group --> <\/div> <!-- close row --> <div class=\"gallery-row\" style=\"width: 640px; height: 478px;\" data-original-width=\"640\" data-original-height=\"478\" > <div class=\"gallery-group images-1\" style=\"width: 320px; height: 478px;\" data-original-width=\"320\" data-original-height=\"478\" > <div class=\"tiled-gallery-item tiled-gallery-item-large\" itemprop=\"associatedMedia\" itemscope itemtype=\"http:\/\/schema.org\/ImageObject\"> <a href=\"https:\/\/timpurinoi.mynomnom.ro\/en\/image00008-2\/\" border=\"0\" itemprop=\"url\"> <meta itemprop=\"width\" content=\"316\"> <meta itemprop=\"height\" content=\"474\"> <img decoding=\"async\" class=\"\" data-attachment-id=\"2285\" data-orig-file=\"https:\/\/timpurinoi.mynomnom.ro\/wp-content\/uploads\/2023\/11\/image00008.jpg\" data-orig-size=\"1333,2000\" data-comments-opened=\"\" data-image-meta=\"{&quot;aperture&quot;:&quot;4&quot;,&quot;credit&quot;:&quot;&quot;,&quot;camera&quot;:&quot;ILCE-7M3&quot;,&quot;caption&quot;:&quot;&quot;,&quot;created_timestamp&quot;:&quot;1688737043&quot;,&quot;copyright&quot;:&quot;&quot;,&quot;focal_length&quot;:&quot;45.4&quot;,&quot;iso&quot;:&quot;200&quot;,&quot;shutter_speed&quot;:&quot;0.00625&quot;,&quot;title&quot;:&quot;&quot;,&quot;orientation&quot;:&quot;0&quot;}\" data-image-title=\"image00008\" data-image-description=\"\" data-medium-file=\"https:\/\/i0.wp.com\/timpurinoi.mynomnom.ro\/wp-content\/uploads\/2023\/11\/image00008.jpg?fit=400%2C600&#038;ssl=1\" data-large-file=\"https:\/\/i0.wp.com\/timpurinoi.mynomnom.ro\/wp-content\/uploads\/2023\/11\/image00008.jpg?fit=640%2C960&#038;ssl=1\" src=\"https:\/\/i0.wp.com\/timpurinoi.mynomnom.ro\/wp-content\/uploads\/2023\/11\/image00008.jpg?w=316&#038;h=474&#038;ssl=1\" srcset=\"https:\/\/i0.wp.com\/timpurinoi.mynomnom.ro\/wp-content\/uploads\/2023\/11\/image00008.jpg?w=1333&amp;ssl=1 1333w, https:\/\/i0.wp.com\/timpurinoi.mynomnom.ro\/wp-content\/uploads\/2023\/11\/image00008.jpg?resize=400%2C600&amp;ssl=1 400w, https:\/\/i0.wp.com\/timpurinoi.mynomnom.ro\/wp-content\/uploads\/2023\/11\/image00008.jpg?resize=800%2C1200&amp;ssl=1 800w, https:\/\/i0.wp.com\/timpurinoi.mynomnom.ro\/wp-content\/uploads\/2023\/11\/image00008.jpg?resize=768%2C1152&amp;ssl=1 768w, https:\/\/i0.wp.com\/timpurinoi.mynomnom.ro\/wp-content\/uploads\/2023\/11\/image00008.jpg?resize=1024%2C1536&amp;ssl=1 1024w, https:\/\/i0.wp.com\/timpurinoi.mynomnom.ro\/wp-content\/uploads\/2023\/11\/image00008.jpg?resize=600%2C900&amp;ssl=1 600w, https:\/\/i0.wp.com\/timpurinoi.mynomnom.ro\/wp-content\/uploads\/2023\/11\/image00008.jpg?w=1280&amp;ssl=1 1280w\" width=\"316\" height=\"474\" loading=\"lazy\" data-original-width=\"316\" data-original-height=\"474\" itemprop=\"http:\/\/schema.org\/image\" title=\"image00008\" alt=\"image00008\" style=\"width: 316px; height: 474px;\" \/> <\/a> <\/div> <\/div> <!-- close group --> <div class=\"gallery-group images-1\" style=\"width: 320px; height: 478px;\" data-original-width=\"320\" data-original-height=\"478\" > <div class=\"tiled-gallery-item tiled-gallery-item-large\" itemprop=\"associatedMedia\" itemscope itemtype=\"http:\/\/schema.org\/ImageObject\"> <a href=\"https:\/\/timpurinoi.mynomnom.ro\/en\/image00054-2\/\" border=\"0\" itemprop=\"url\"> <meta itemprop=\"width\" content=\"316\"> <meta itemprop=\"height\" content=\"474\"> <img decoding=\"async\" class=\"\" data-attachment-id=\"2309\" data-orig-file=\"https:\/\/timpurinoi.mynomnom.ro\/wp-content\/uploads\/2023\/11\/image00054.jpg\" data-orig-size=\"1333,2000\" data-comments-opened=\"\" data-image-meta=\"{&quot;aperture&quot;:&quot;2.8&quot;,&quot;credit&quot;:&quot;&quot;,&quot;camera&quot;:&quot;ILCE-7M3&quot;,&quot;caption&quot;:&quot;&quot;,&quot;created_timestamp&quot;:&quot;1688740205&quot;,&quot;copyright&quot;:&quot;&quot;,&quot;focal_length&quot;:&quot;49.9&quot;,&quot;iso&quot;:&quot;640&quot;,&quot;shutter_speed&quot;:&quot;0.008&quot;,&quot;title&quot;:&quot;&quot;,&quot;orientation&quot;:&quot;0&quot;}\" data-image-title=\"image00054\" data-image-description=\"\" data-medium-file=\"https:\/\/i0.wp.com\/timpurinoi.mynomnom.ro\/wp-content\/uploads\/2023\/11\/image00054.jpg?fit=400%2C600&#038;ssl=1\" data-large-file=\"https:\/\/i0.wp.com\/timpurinoi.mynomnom.ro\/wp-content\/uploads\/2023\/11\/image00054.jpg?fit=640%2C960&#038;ssl=1\" src=\"https:\/\/i0.wp.com\/timpurinoi.mynomnom.ro\/wp-content\/uploads\/2023\/11\/image00054.jpg?w=316&#038;h=474&#038;ssl=1\" srcset=\"https:\/\/i0.wp.com\/timpurinoi.mynomnom.ro\/wp-content\/uploads\/2023\/11\/image00054.jpg?w=1333&amp;ssl=1 1333w, https:\/\/i0.wp.com\/timpurinoi.mynomnom.ro\/wp-content\/uploads\/2023\/11\/image00054.jpg?resize=400%2C600&amp;ssl=1 400w, https:\/\/i0.wp.com\/timpurinoi.mynomnom.ro\/wp-content\/uploads\/2023\/11\/image00054.jpg?resize=800%2C1200&amp;ssl=1 800w, https:\/\/i0.wp.com\/timpurinoi.mynomnom.ro\/wp-content\/uploads\/2023\/11\/image00054.jpg?resize=768%2C1152&amp;ssl=1 768w, https:\/\/i0.wp.com\/timpurinoi.mynomnom.ro\/wp-content\/uploads\/2023\/11\/image00054.jpg?resize=1024%2C1536&amp;ssl=1 1024w, https:\/\/i0.wp.com\/timpurinoi.mynomnom.ro\/wp-content\/uploads\/2023\/11\/image00054.jpg?resize=600%2C900&amp;ssl=1 600w, https:\/\/i0.wp.com\/timpurinoi.mynomnom.ro\/wp-content\/uploads\/2023\/11\/image00054.jpg?w=1280&amp;ssl=1 1280w\" width=\"316\" height=\"474\" loading=\"lazy\" data-original-width=\"316\" data-original-height=\"474\" itemprop=\"http:\/\/schema.org\/image\" title=\"image00054\" alt=\"image00054\" style=\"width: 316px; height: 474px;\" \/> <\/a> <\/div> <\/div> <!-- close group --> <\/div> <!-- close row --> <\/div>","protected":false},"excerpt":{"rendered":"<p>A lifestyle&#8230; Nom Nom Bistro was born in Constan\u021ba, out of a passion for a balanced and healthy lifestyle. We believe that plant-based nutrition is not only about new, amazing flavors, but also about feeling much better! We want to share with you that health does not mean a lot of restrictions or complicated diets,<\/p>\n","protected":false},"author":1,"featured_media":0,"parent":0,"menu_order":0,"comment_status":"closed","ping_status":"closed","template":"","meta":{"footnotes":""},"class_list":["post-2212","page","type-page","status-publish","hentry"],"acf":[],"yoast_head":"<!-- This site is optimized with the Yoast SEO plugin v24.1 - https:\/\/yoast.com\/wordpress\/plugins\/seo\/ -->\n<title>About us - Nom Nom Bistro - Bucuresti, Timpuri Noi<\/title>\n<meta name=\"robots\" content=\"index, follow, max-snippet:-1, max-image-preview:large, max-video-preview:-1\" \/>\n<link rel=\"canonical\" href=\"https:\/\/timpurinoi.mynomnom.ro\/en\/despre-noi\/\" \/>\n<meta property=\"og:locale\" content=\"en_US\" \/>\n<meta property=\"og:type\" content=\"article\" \/>\n<meta property=\"og:title\" content=\"About us - Nom Nom Bistro - Bucuresti, Timpuri Noi\" \/>\n<meta property=\"og:description\" content=\"A lifestyle&#8230; Nom Nom Bistro was born in Constan\u021ba, out of a passion for a balanced and healthy lifestyle. We believe that plant-based nutrition is not only about new, amazing flavors, but also about feeling much better! We want to share with you that health does not mean a lot of restrictions or complicated diets,\" \/>\n<meta property=\"og:url\" content=\"https:\/\/timpurinoi.mynomnom.ro\/en\/despre-noi\/\" \/>\n<meta property=\"og:site_name\" content=\"Nom Nom Bistro - Bucuresti, Timpuri Noi\" \/>\n<meta property=\"article:modified_time\" content=\"2023-12-12T16:14:34+00:00\" \/>\n<meta property=\"og:image\" content=\"https:\/\/timpurinoi.mynomnom.ro\/wp-content\/uploads\/2023\/11\/image00350-300x190.jpg\" \/>\n<meta name=\"twitter:card\" content=\"summary_large_image\" \/>\n<meta name=\"twitter:label1\" content=\"Est. reading time\" \/>\n\t<meta name=\"twitter:data1\" content=\"2 minutes\" \/>\n<script type=\"application\/ld+json\" class=\"yoast-schema-graph\">{\"@context\":\"https:\/\/schema.org\",\"@graph\":[{\"@type\":\"WebPage\",\"@id\":\"https:\/\/timpurinoi.mynomnom.ro\/en\/despre-noi\/\",\"url\":\"https:\/\/timpurinoi.mynomnom.ro\/en\/despre-noi\/\",\"name\":\"About us - Nom Nom Bistro - Bucuresti, Timpuri Noi\",\"isPartOf\":{\"@id\":\"https:\/\/timpurinoi.mynomnom.ro\/#website\"},\"datePublished\":\"2020-07-05T12:35:47+00:00\",\"dateModified\":\"2023-12-12T16:14:34+00:00\",\"breadcrumb\":{\"@id\":\"https:\/\/timpurinoi.mynomnom.ro\/en\/despre-noi\/#breadcrumb\"},\"inLanguage\":\"en-US\",\"potentialAction\":[{\"@type\":\"ReadAction\",\"target\":[\"https:\/\/timpurinoi.mynomnom.ro\/en\/despre-noi\/\"]}]},{\"@type\":\"BreadcrumbList\",\"@id\":\"https:\/\/timpurinoi.mynomnom.ro\/en\/despre-noi\/#breadcrumb\",\"itemListElement\":[{\"@type\":\"ListItem\",\"position\":1,\"name\":\"Prima pagin\u0103\",\"item\":\"https:\/\/timpurinoi.mynomnom.ro\/en\/\"},{\"@type\":\"ListItem\",\"position\":2,\"name\":\"About us\"}]},{\"@type\":\"WebSite\",\"@id\":\"https:\/\/timpurinoi.mynomnom.ro\/#website\",\"url\":\"https:\/\/timpurinoi.mynomnom.ro\/\",\"name\":\"Nom Nom Bistro - Bucuresti, Timpuri Noi\",\"description\":\"M\u00e2ncare s\u0103n\u0103toas\u0103 \u00een Bucure\u0219ti - Timpuri noi\",\"potentialAction\":[{\"@type\":\"SearchAction\",\"target\":{\"@type\":\"EntryPoint\",\"urlTemplate\":\"https:\/\/timpurinoi.mynomnom.ro\/?s={search_term_string}\"},\"query-input\":{\"@type\":\"PropertyValueSpecification\",\"valueRequired\":true,\"valueName\":\"search_term_string\"}}],\"inLanguage\":\"en-US\"}]}<\/script>\n<!-- \/ Yoast SEO plugin. -->","yoast_head_json":{"title":"About us - Nom Nom Bistro - Bucuresti, Timpuri Noi","robots":{"index":"index","follow":"follow","max-snippet":"max-snippet:-1","max-image-preview":"max-image-preview:large","max-video-preview":"max-video-preview:-1"},"canonical":"https:\/\/timpurinoi.mynomnom.ro\/en\/despre-noi\/","og_locale":"en_US","og_type":"article","og_title":"About us - Nom Nom Bistro - Bucuresti, Timpuri Noi","og_description":"A lifestyle&#8230; Nom Nom Bistro was born in Constan\u021ba, out of a passion for a balanced and healthy lifestyle. We believe that plant-based nutrition is not only about new, amazing flavors, but also about feeling much better! We want to share with you that health does not mean a lot of restrictions or complicated diets,","og_url":"https:\/\/timpurinoi.mynomnom.ro\/en\/despre-noi\/","og_site_name":"Nom Nom Bistro - Bucuresti, Timpuri Noi","article_modified_time":"2023-12-12T16:14:34+00:00","og_image":[{"url":"https:\/\/timpurinoi.mynomnom.ro\/wp-content\/uploads\/2023\/11\/image00350-300x190.jpg","type":"","width":"","height":""}],"twitter_card":"summary_large_image","twitter_misc":{"Est. reading time":"2 minutes"},"schema":{"@context":"https:\/\/schema.org","@graph":[{"@type":"WebPage","@id":"https:\/\/timpurinoi.mynomnom.ro\/en\/despre-noi\/","url":"https:\/\/timpurinoi.mynomnom.ro\/en\/despre-noi\/","name":"About us - Nom Nom Bistro - Bucuresti, Timpuri Noi","isPartOf":{"@id":"https:\/\/timpurinoi.mynomnom.ro\/#website"},"datePublished":"2020-07-05T12:35:47+00:00","dateModified":"2023-12-12T16:14:34+00:00","breadcrumb":{"@id":"https:\/\/timpurinoi.mynomnom.ro\/en\/despre-noi\/#breadcrumb"},"inLanguage":"en-US","potentialAction":[{"@type":"ReadAction","target":["https:\/\/timpurinoi.mynomnom.ro\/en\/despre-noi\/"]}]},{"@type":"BreadcrumbList","@id":"https:\/\/timpurinoi.mynomnom.ro\/en\/despre-noi\/#breadcrumb","itemListElement":[{"@type":"ListItem","position":1,"name":"Prima pagin\u0103","item":"https:\/\/timpurinoi.mynomnom.ro\/en\/"},{"@type":"ListItem","position":2,"name":"About us"}]},{"@type":"WebSite","@id":"https:\/\/timpurinoi.mynomnom.ro\/#website","url":"https:\/\/timpurinoi.mynomnom.ro\/","name":"Nom Nom Bistro - Bucuresti, Timpuri Noi","description":"M\u00e2ncare s\u0103n\u0103toas\u0103 \u00een Bucure\u0219ti - Timpuri noi","potentialAction":[{"@type":"SearchAction","target":{"@type":"EntryPoint","urlTemplate":"https:\/\/timpurinoi.mynomnom.ro\/?s={search_term_string}"},"query-input":{"@type":"PropertyValueSpecification","valueRequired":true,"valueName":"search_term_string"}}],"inLanguage":"en-US"}]}},"jetpack_sharing_enabled":true,"_links":{"self":[{"href":"https:\/\/timpurinoi.mynomnom.ro\/en\/wp-json\/wp\/v2\/pages\/2212","targetHints":{"allow":["GET"]}}],"collection":[{"href":"https:\/\/timpurinoi.mynomnom.ro\/en\/wp-json\/wp\/v2\/pages"}],"about":[{"href":"https:\/\/timpurinoi.mynomnom.ro\/en\/wp-json\/wp\/v2\/types\/page"}],"author":[{"embeddable":true,"href":"https:\/\/timpurinoi.mynomnom.ro\/en\/wp-json\/wp\/v2\/users\/1"}],"replies":[{"embeddable":true,"href":"https:\/\/timpurinoi.mynomnom.ro\/en\/wp-json\/wp\/v2\/comments?post=2212"}],"version-history":[{"count":4,"href":"https:\/\/timpurinoi.mynomnom.ro\/en\/wp-json\/wp\/v2\/pages\/2212\/revisions"}],"predecessor-version":[{"id":2502,"href":"https:\/\/timpurinoi.mynomnom.ro\/en\/wp-json\/wp\/v2\/pages\/2212\/revisions\/2502"}],"wp:attachment":[{"href":"https:\/\/timpurinoi.mynomnom.ro\/en\/wp-json\/wp\/v2\/media?parent=2212"}],"curies":[{"name":"wp","href":"https:\/\/api.w.org\/{rel}","templated":true}]}}