{"id":2508,"date":"2022-02-22T12:43:57","date_gmt":"2022-02-22T10:43:57","guid":{"rendered":"https:\/\/timpurinoi.mynomnom.ro\/produs\/power-bowl\/"},"modified":"2023-12-13T15:39:05","modified_gmt":"2023-12-13T13:39:05","slug":"power-bowl","status":"publish","type":"product","link":"https:\/\/timpurinoi.mynomnom.ro\/en\/produs\/power-bowl\/","title":{"rendered":"Power Bowl"},"content":{"rendered":"<p id=\"tw-target-text\" class=\"tw-data-text tw-text-large tw-ta\" dir=\"ltr\" data-placeholder=\"Translation\" data-ved=\"2ahUKEwjolLjmw4yDAxVoSfEDHUQrAqIQ3ewLegQIARAQ\"><span class=\"Y2IQFc\" lang=\"en\">black rice, avocado, corn, chickpeas, salad, carrot, broccoli, peppers, mixed nuts &#8211; 300 gr <\/span><\/p>\n<p class=\"tw-data-text tw-text-large tw-ta\" dir=\"ltr\" data-placeholder=\"Translation\" data-ved=\"2ahUKEwjolLjmw4yDAxVoSfEDHUQrAqIQ3ewLegQIARAQ\"><span class=\"Y2IQFc\" lang=\"en\">*Gluten-free product<\/span><\/p>\n","protected":false},"excerpt":{"rendered":"<p id=\"tw-target-text\" class=\"tw-data-text tw-text-large tw-ta\" dir=\"ltr\" data-placeholder=\"Translation\" data-ved=\"2ahUKEwjolLjmw4yDAxVoSfEDHUQrAqIQ3ewLegQIARAQ\"><span class=\"Y2IQFc\" lang=\"en\">black rice, avocado, corn, chickpeas, salad, carrot, broccoli, peppers, mixed nuts &#8211; 300 gr<\/span><\/p>\n<p class=\"tw-data-text tw-text-large tw-ta\" dir=\"ltr\" data-placeholder=\"Translation\" data-ved=\"2ahUKEwjolLjmw4yDAxVoSfEDHUQrAqIQ3ewLegQIARAQ\"><span class=\"Y2IQFc\" lang=\"en\">*Gluten-free product<\/span><\/p>\n","protected":false},"featured_media":2509,"template":"","meta":[],"product_cat":[49],"product_tag":[],"class_list":{"0":"post-2508","1":"product","2":"type-product","3":"status-publish","4":"has-post-thumbnail","6":"product_menu-fridays-menu","7":"product_menu-mondays-menu","8":"product_menu-saturdays-menu","9":"product_menu-thursdays-menu","10":"product_menu-tuesdays-menu","11":"product_menu-wednesdays-menu","12":"product_cat-starters","14":"first","15":"instock","16":"shipping-taxable","17":"purchasable","18":"product-type-simple"},"acf":[],"yoast_head":"<!-- This site is optimized with the Yoast SEO plugin v24.1 - https:\/\/yoast.com\/wordpress\/plugins\/seo\/ -->\n<title>Power Bowl - Nom Nom Bistro - Bucuresti, Timpuri Noi<\/title>\n<meta name=\"robots\" content=\"index, follow, max-snippet:-1, max-image-preview:large, max-video-preview:-1\" \/>\n<link rel=\"canonical\" href=\"https:\/\/timpurinoi.mynomnom.ro\/en\/produs\/power-bowl\/\" \/>\n<meta property=\"og:locale\" content=\"en_US\" \/>\n<meta property=\"og:type\" content=\"article\" \/>\n<meta property=\"og:title\" content=\"Power Bowl - Nom Nom Bistro - Bucuresti, Timpuri Noi\" \/>\n<meta property=\"og:description\" content=\"black rice, avocado, corn, chickpeas, salad, carrot, broccoli, peppers, mixed nuts - 300 gr *Gluten-free product\" \/>\n<meta property=\"og:url\" content=\"https:\/\/timpurinoi.mynomnom.ro\/en\/produs\/power-bowl\/\" \/>\n<meta property=\"og:site_name\" content=\"Nom Nom Bistro - Bucuresti, Timpuri Noi\" \/>\n<meta property=\"article:modified_time\" content=\"2023-12-13T13:39:05+00:00\" \/>\n<meta property=\"og:image\" content=\"https:\/\/timpurinoi.mynomnom.ro\/wp-content\/uploads\/2022\/11\/IMG_3338.jpg\" \/>\n\t<meta property=\"og:image:width\" content=\"2000\" \/>\n\t<meta property=\"og:image:height\" content=\"1333\" \/>\n\t<meta property=\"og:image:type\" content=\"image\/jpeg\" \/>\n<meta name=\"twitter:card\" content=\"summary_large_image\" \/>\n<meta name=\"twitter:label1\" content=\"Est. reading time\" \/>\n\t<meta name=\"twitter:data1\" content=\"1 minute\" \/>\n<script type=\"application\/ld+json\" class=\"yoast-schema-graph\">{\"@context\":\"https:\/\/schema.org\",\"@graph\":[{\"@type\":\"WebPage\",\"@id\":\"https:\/\/timpurinoi.mynomnom.ro\/en\/produs\/power-bowl\/\",\"url\":\"https:\/\/timpurinoi.mynomnom.ro\/en\/produs\/power-bowl\/\",\"name\":\"Power Bowl - Nom Nom Bistro - Bucuresti, Timpuri Noi\",\"isPartOf\":{\"@id\":\"https:\/\/timpurinoi.mynomnom.ro\/#website\"},\"primaryImageOfPage\":{\"@id\":\"https:\/\/timpurinoi.mynomnom.ro\/en\/produs\/power-bowl\/#primaryimage\"},\"image\":{\"@id\":\"https:\/\/timpurinoi.mynomnom.ro\/en\/produs\/power-bowl\/#primaryimage\"},\"thumbnailUrl\":\"https:\/\/i0.wp.com\/timpurinoi.mynomnom.ro\/wp-content\/uploads\/2022\/11\/IMG_3338.jpg?fit=2000%2C1333&ssl=1\",\"datePublished\":\"2022-02-22T10:43:57+00:00\",\"dateModified\":\"2023-12-13T13:39:05+00:00\",\"breadcrumb\":{\"@id\":\"https:\/\/timpurinoi.mynomnom.ro\/en\/produs\/power-bowl\/#breadcrumb\"},\"inLanguage\":\"en-US\",\"potentialAction\":[{\"@type\":\"ReadAction\",\"target\":[\"https:\/\/timpurinoi.mynomnom.ro\/en\/produs\/power-bowl\/\"]}]},{\"@type\":\"ImageObject\",\"inLanguage\":\"en-US\",\"@id\":\"https:\/\/timpurinoi.mynomnom.ro\/en\/produs\/power-bowl\/#primaryimage\",\"url\":\"https:\/\/i0.wp.com\/timpurinoi.mynomnom.ro\/wp-content\/uploads\/2022\/11\/IMG_3338.jpg?fit=2000%2C1333&ssl=1\",\"contentUrl\":\"https:\/\/i0.wp.com\/timpurinoi.mynomnom.ro\/wp-content\/uploads\/2022\/11\/IMG_3338.jpg?fit=2000%2C1333&ssl=1\",\"width\":2000,\"height\":1333},{\"@type\":\"BreadcrumbList\",\"@id\":\"https:\/\/timpurinoi.mynomnom.ro\/en\/produs\/power-bowl\/#breadcrumb\",\"itemListElement\":[{\"@type\":\"ListItem\",\"position\":1,\"name\":\"Prima pagin\u0103\",\"item\":\"https:\/\/timpurinoi.mynomnom.ro\/en\/\"},{\"@type\":\"ListItem\",\"position\":2,\"name\":\"Meniu\",\"item\":\"https:\/\/timpurinoi.mynomnom.ro\/menu\/\"},{\"@type\":\"ListItem\",\"position\":3,\"name\":\"Power Bowl\"}]},{\"@type\":\"WebSite\",\"@id\":\"https:\/\/timpurinoi.mynomnom.ro\/#website\",\"url\":\"https:\/\/timpurinoi.mynomnom.ro\/\",\"name\":\"Nom Nom Bistro - Bucuresti, Timpuri Noi\",\"description\":\"M\u00e2ncare s\u0103n\u0103toas\u0103 \u00een Bucure\u0219ti - Timpuri noi\",\"potentialAction\":[{\"@type\":\"SearchAction\",\"target\":{\"@type\":\"EntryPoint\",\"urlTemplate\":\"https:\/\/timpurinoi.mynomnom.ro\/?s={search_term_string}\"},\"query-input\":{\"@type\":\"PropertyValueSpecification\",\"valueRequired\":true,\"valueName\":\"search_term_string\"}}],\"inLanguage\":\"en-US\"}]}<\/script>\n<!-- \/ Yoast SEO plugin. -->","yoast_head_json":{"title":"Power Bowl - Nom Nom Bistro - Bucuresti, Timpuri Noi","robots":{"index":"index","follow":"follow","max-snippet":"max-snippet:-1","max-image-preview":"max-image-preview:large","max-video-preview":"max-video-preview:-1"},"canonical":"https:\/\/timpurinoi.mynomnom.ro\/en\/produs\/power-bowl\/","og_locale":"en_US","og_type":"article","og_title":"Power Bowl - Nom Nom Bistro - Bucuresti, Timpuri Noi","og_description":"black rice, avocado, corn, chickpeas, salad, carrot, broccoli, peppers, mixed nuts - 300 gr *Gluten-free product","og_url":"https:\/\/timpurinoi.mynomnom.ro\/en\/produs\/power-bowl\/","og_site_name":"Nom Nom Bistro - Bucuresti, Timpuri Noi","article_modified_time":"2023-12-13T13:39:05+00:00","og_image":[{"width":2000,"height":1333,"url":"https:\/\/timpurinoi.mynomnom.ro\/wp-content\/uploads\/2022\/11\/IMG_3338.jpg","type":"image\/jpeg"}],"twitter_card":"summary_large_image","twitter_misc":{"Est. reading time":"1 minute"},"schema":{"@context":"https:\/\/schema.org","@graph":[{"@type":"WebPage","@id":"https:\/\/timpurinoi.mynomnom.ro\/en\/produs\/power-bowl\/","url":"https:\/\/timpurinoi.mynomnom.ro\/en\/produs\/power-bowl\/","name":"Power Bowl - Nom Nom Bistro - Bucuresti, Timpuri Noi","isPartOf":{"@id":"https:\/\/timpurinoi.mynomnom.ro\/#website"},"primaryImageOfPage":{"@id":"https:\/\/timpurinoi.mynomnom.ro\/en\/produs\/power-bowl\/#primaryimage"},"image":{"@id":"https:\/\/timpurinoi.mynomnom.ro\/en\/produs\/power-bowl\/#primaryimage"},"thumbnailUrl":"https:\/\/i0.wp.com\/timpurinoi.mynomnom.ro\/wp-content\/uploads\/2022\/11\/IMG_3338.jpg?fit=2000%2C1333&ssl=1","datePublished":"2022-02-22T10:43:57+00:00","dateModified":"2023-12-13T13:39:05+00:00","breadcrumb":{"@id":"https:\/\/timpurinoi.mynomnom.ro\/en\/produs\/power-bowl\/#breadcrumb"},"inLanguage":"en-US","potentialAction":[{"@type":"ReadAction","target":["https:\/\/timpurinoi.mynomnom.ro\/en\/produs\/power-bowl\/"]}]},{"@type":"ImageObject","inLanguage":"en-US","@id":"https:\/\/timpurinoi.mynomnom.ro\/en\/produs\/power-bowl\/#primaryimage","url":"https:\/\/i0.wp.com\/timpurinoi.mynomnom.ro\/wp-content\/uploads\/2022\/11\/IMG_3338.jpg?fit=2000%2C1333&ssl=1","contentUrl":"https:\/\/i0.wp.com\/timpurinoi.mynomnom.ro\/wp-content\/uploads\/2022\/11\/IMG_3338.jpg?fit=2000%2C1333&ssl=1","width":2000,"height":1333},{"@type":"BreadcrumbList","@id":"https:\/\/timpurinoi.mynomnom.ro\/en\/produs\/power-bowl\/#breadcrumb","itemListElement":[{"@type":"ListItem","position":1,"name":"Prima pagin\u0103","item":"https:\/\/timpurinoi.mynomnom.ro\/en\/"},{"@type":"ListItem","position":2,"name":"Meniu","item":"https:\/\/timpurinoi.mynomnom.ro\/menu\/"},{"@type":"ListItem","position":3,"name":"Power Bowl"}]},{"@type":"WebSite","@id":"https:\/\/timpurinoi.mynomnom.ro\/#website","url":"https:\/\/timpurinoi.mynomnom.ro\/","name":"Nom Nom Bistro - Bucuresti, Timpuri Noi","description":"M\u00e2ncare s\u0103n\u0103toas\u0103 \u00een Bucure\u0219ti - Timpuri noi","potentialAction":[{"@type":"SearchAction","target":{"@type":"EntryPoint","urlTemplate":"https:\/\/timpurinoi.mynomnom.ro\/?s={search_term_string}"},"query-input":{"@type":"PropertyValueSpecification","valueRequired":true,"valueName":"search_term_string"}}],"inLanguage":"en-US"}]}},"jetpack_sharing_enabled":true,"_links":{"self":[{"href":"https:\/\/timpurinoi.mynomnom.ro\/en\/wp-json\/wp\/v2\/product\/2508","targetHints":{"allow":["GET"]}}],"collection":[{"href":"https:\/\/timpurinoi.mynomnom.ro\/en\/wp-json\/wp\/v2\/product"}],"about":[{"href":"https:\/\/timpurinoi.mynomnom.ro\/en\/wp-json\/wp\/v2\/types\/product"}],"wp:featuredmedia":[{"embeddable":true,"href":"https:\/\/timpurinoi.mynomnom.ro\/en\/wp-json\/wp\/v2\/media\/2509"}],"wp:attachment":[{"href":"https:\/\/timpurinoi.mynomnom.ro\/en\/wp-json\/wp\/v2\/media?parent=2508"}],"wp:term":[{"taxonomy":"product_cat","embeddable":true,"href":"https:\/\/timpurinoi.mynomnom.ro\/en\/wp-json\/wp\/v2\/product_cat?post=2508"},{"taxonomy":"product_tag","embeddable":true,"href":"https:\/\/timpurinoi.mynomnom.ro\/en\/wp-json\/wp\/v2\/product_tag?post=2508"}],"curies":[{"name":"wp","href":"https:\/\/api.w.org\/{rel}","templated":true}]}}