{"id":2520,"date":"2021-01-05T20:19:54","date_gmt":"2021-01-05T18:19:54","guid":{"rendered":"https:\/\/timpurinoi.mynomnom.ro\/produs\/supa-romesco\/"},"modified":"2026-02-20T13:13:51","modified_gmt":"2026-02-20T11:13:51","slug":"pumpkin-cream-soup-with-coconut-milk","status":"publish","type":"product","link":"https:\/\/timpurinoi.mynomnom.ro\/en\/produs\/pumpkin-cream-soup-with-coconut-milk\/","title":{"rendered":"Pumpkin cream soup with coconut milk"},"content":{"rendered":"<p id=\"tw-target-text\" class=\"tw-data-text tw-text-large tw-ta\" dir=\"ltr\" data-placeholder=\"Translation\" data-ved=\"2ahUKEwjolLjmw4yDAxVoSfEDHUQrAqIQ3ewLegQIARAQ\">pumpkin, onion, carrots, celery, pepper, parsnip, coconut milk, ginger &#8211; 300 gr<br \/>\n*gluten-free product<\/p>\n<p class=\"tw-data-text tw-text-large tw-ta\" dir=\"ltr\" data-placeholder=\"Translation\" data-ved=\"2ahUKEwjolLjmw4yDAxVoSfEDHUQrAqIQ3ewLegQIARAQ\"><span class=\"Y2IQFc\" lang=\"en\">Nutritional values \u200b\u200b\/ 100g: Energy value: 82.02 kcal \/ 343.19 kJ, Fat: 1.81 g, Carbohydrates: 15.82 g, Protein: 4.24 g, Fiber: 5.42 g, Saturated fatty acids (from fats): 0.09 g, Sugars (from carbohydrates) : 0.96 g, Salt: 0.10 g<\/span><\/p>\n","protected":false},"excerpt":{"rendered":"<p id=\"tw-target-text\" class=\"tw-data-text tw-text-large tw-ta\" dir=\"ltr\" data-placeholder=\"Translation\" data-ved=\"2ahUKEwjolLjmw4yDAxVoSfEDHUQrAqIQ3ewLegQIARAQ\">pumpkin, onion, carrots, celery, pepper, parsnip, coconut milk, ginger &#8211; 300 gr<br \/>\n*gluten-free product<\/p>\n","protected":false},"featured_media":2301,"template":"","meta":[],"product_cat":[],"product_tag":[],"class_list":{"0":"post-2520","1":"product","2":"type-product","3":"status-publish","4":"has-post-thumbnail","6":"product_menu-tuesdays-menu","8":"first","9":"instock","10":"shipping-taxable","11":"purchasable","12":"product-type-simple"},"acf":[],"yoast_head":"<!-- This site is optimized with the Yoast SEO plugin v24.1 - https:\/\/yoast.com\/wordpress\/plugins\/seo\/ -->\n<title>Pumpkin cream soup with coconut milk - Nom Nom Bistro - Bucuresti, Timpuri Noi<\/title>\n<meta name=\"robots\" content=\"index, follow, max-snippet:-1, max-image-preview:large, max-video-preview:-1\" \/>\n<link rel=\"canonical\" href=\"https:\/\/timpurinoi.mynomnom.ro\/en\/produs\/pumpkin-cream-soup-with-coconut-milk\/\" \/>\n<meta property=\"og:locale\" content=\"en_US\" \/>\n<meta property=\"og:type\" content=\"article\" \/>\n<meta property=\"og:title\" content=\"Pumpkin cream soup with coconut milk - Nom Nom Bistro - Bucuresti, Timpuri Noi\" \/>\n<meta property=\"og:description\" content=\"pumpkin, onion, carrots, celery, pepper, parsnip, coconut milk, ginger - 300 gr *gluten-free product\" \/>\n<meta property=\"og:url\" content=\"https:\/\/timpurinoi.mynomnom.ro\/en\/produs\/pumpkin-cream-soup-with-coconut-milk\/\" \/>\n<meta property=\"og:site_name\" content=\"Nom Nom Bistro - Bucuresti, Timpuri Noi\" \/>\n<meta property=\"article:modified_time\" content=\"2026-02-20T11:13:51+00:00\" \/>\n<meta property=\"og:image\" content=\"https:\/\/timpurinoi.mynomnom.ro\/wp-content\/uploads\/2023\/11\/image00026-2.jpg\" \/>\n\t<meta property=\"og:image:width\" content=\"1333\" \/>\n\t<meta property=\"og:image:height\" content=\"2000\" \/>\n\t<meta property=\"og:image:type\" content=\"image\/jpeg\" \/>\n<meta name=\"twitter:card\" content=\"summary_large_image\" \/>\n<meta name=\"twitter:label1\" content=\"Est. reading time\" \/>\n\t<meta name=\"twitter:data1\" content=\"1 minute\" \/>\n<script type=\"application\/ld+json\" class=\"yoast-schema-graph\">{\"@context\":\"https:\/\/schema.org\",\"@graph\":[{\"@type\":\"WebPage\",\"@id\":\"https:\/\/timpurinoi.mynomnom.ro\/en\/produs\/pumpkin-cream-soup-with-coconut-milk\/\",\"url\":\"https:\/\/timpurinoi.mynomnom.ro\/en\/produs\/pumpkin-cream-soup-with-coconut-milk\/\",\"name\":\"Pumpkin cream soup with coconut milk - Nom Nom Bistro - Bucuresti, Timpuri Noi\",\"isPartOf\":{\"@id\":\"https:\/\/timpurinoi.mynomnom.ro\/#website\"},\"primaryImageOfPage\":{\"@id\":\"https:\/\/timpurinoi.mynomnom.ro\/en\/produs\/pumpkin-cream-soup-with-coconut-milk\/#primaryimage\"},\"image\":{\"@id\":\"https:\/\/timpurinoi.mynomnom.ro\/en\/produs\/pumpkin-cream-soup-with-coconut-milk\/#primaryimage\"},\"thumbnailUrl\":\"https:\/\/i0.wp.com\/timpurinoi.mynomnom.ro\/wp-content\/uploads\/2023\/11\/image00026-2.jpg?fit=1333%2C2000&ssl=1\",\"datePublished\":\"2021-01-05T18:19:54+00:00\",\"dateModified\":\"2026-02-20T11:13:51+00:00\",\"breadcrumb\":{\"@id\":\"https:\/\/timpurinoi.mynomnom.ro\/en\/produs\/pumpkin-cream-soup-with-coconut-milk\/#breadcrumb\"},\"inLanguage\":\"en-US\",\"potentialAction\":[{\"@type\":\"ReadAction\",\"target\":[\"https:\/\/timpurinoi.mynomnom.ro\/en\/produs\/pumpkin-cream-soup-with-coconut-milk\/\"]}]},{\"@type\":\"ImageObject\",\"inLanguage\":\"en-US\",\"@id\":\"https:\/\/timpurinoi.mynomnom.ro\/en\/produs\/pumpkin-cream-soup-with-coconut-milk\/#primaryimage\",\"url\":\"https:\/\/i0.wp.com\/timpurinoi.mynomnom.ro\/wp-content\/uploads\/2023\/11\/image00026-2.jpg?fit=1333%2C2000&ssl=1\",\"contentUrl\":\"https:\/\/i0.wp.com\/timpurinoi.mynomnom.ro\/wp-content\/uploads\/2023\/11\/image00026-2.jpg?fit=1333%2C2000&ssl=1\",\"width\":1333,\"height\":2000},{\"@type\":\"BreadcrumbList\",\"@id\":\"https:\/\/timpurinoi.mynomnom.ro\/en\/produs\/pumpkin-cream-soup-with-coconut-milk\/#breadcrumb\",\"itemListElement\":[{\"@type\":\"ListItem\",\"position\":1,\"name\":\"Prima pagin\u0103\",\"item\":\"https:\/\/timpurinoi.mynomnom.ro\/en\/\"},{\"@type\":\"ListItem\",\"position\":2,\"name\":\"Meniu\",\"item\":\"https:\/\/timpurinoi.mynomnom.ro\/menu\/\"},{\"@type\":\"ListItem\",\"position\":3,\"name\":\"Pumpkin cream soup with coconut milk\"}]},{\"@type\":\"WebSite\",\"@id\":\"https:\/\/timpurinoi.mynomnom.ro\/#website\",\"url\":\"https:\/\/timpurinoi.mynomnom.ro\/\",\"name\":\"Nom Nom Bistro - Bucuresti, Timpuri Noi\",\"description\":\"M\u00e2ncare s\u0103n\u0103toas\u0103 \u00een Bucure\u0219ti - Timpuri noi\",\"potentialAction\":[{\"@type\":\"SearchAction\",\"target\":{\"@type\":\"EntryPoint\",\"urlTemplate\":\"https:\/\/timpurinoi.mynomnom.ro\/?s={search_term_string}\"},\"query-input\":{\"@type\":\"PropertyValueSpecification\",\"valueRequired\":true,\"valueName\":\"search_term_string\"}}],\"inLanguage\":\"en-US\"}]}<\/script>\n<!-- \/ Yoast SEO plugin. -->","yoast_head_json":{"title":"Pumpkin cream soup with coconut milk - Nom Nom Bistro - Bucuresti, Timpuri Noi","robots":{"index":"index","follow":"follow","max-snippet":"max-snippet:-1","max-image-preview":"max-image-preview:large","max-video-preview":"max-video-preview:-1"},"canonical":"https:\/\/timpurinoi.mynomnom.ro\/en\/produs\/pumpkin-cream-soup-with-coconut-milk\/","og_locale":"en_US","og_type":"article","og_title":"Pumpkin cream soup with coconut milk - Nom Nom Bistro - Bucuresti, Timpuri Noi","og_description":"pumpkin, onion, carrots, celery, pepper, parsnip, coconut milk, ginger - 300 gr *gluten-free product","og_url":"https:\/\/timpurinoi.mynomnom.ro\/en\/produs\/pumpkin-cream-soup-with-coconut-milk\/","og_site_name":"Nom Nom Bistro - Bucuresti, Timpuri Noi","article_modified_time":"2026-02-20T11:13:51+00:00","og_image":[{"width":1333,"height":2000,"url":"https:\/\/timpurinoi.mynomnom.ro\/wp-content\/uploads\/2023\/11\/image00026-2.jpg","type":"image\/jpeg"}],"twitter_card":"summary_large_image","twitter_misc":{"Est. reading time":"1 minute"},"schema":{"@context":"https:\/\/schema.org","@graph":[{"@type":"WebPage","@id":"https:\/\/timpurinoi.mynomnom.ro\/en\/produs\/pumpkin-cream-soup-with-coconut-milk\/","url":"https:\/\/timpurinoi.mynomnom.ro\/en\/produs\/pumpkin-cream-soup-with-coconut-milk\/","name":"Pumpkin cream soup with coconut milk - Nom Nom Bistro - Bucuresti, Timpuri Noi","isPartOf":{"@id":"https:\/\/timpurinoi.mynomnom.ro\/#website"},"primaryImageOfPage":{"@id":"https:\/\/timpurinoi.mynomnom.ro\/en\/produs\/pumpkin-cream-soup-with-coconut-milk\/#primaryimage"},"image":{"@id":"https:\/\/timpurinoi.mynomnom.ro\/en\/produs\/pumpkin-cream-soup-with-coconut-milk\/#primaryimage"},"thumbnailUrl":"https:\/\/i0.wp.com\/timpurinoi.mynomnom.ro\/wp-content\/uploads\/2023\/11\/image00026-2.jpg?fit=1333%2C2000&ssl=1","datePublished":"2021-01-05T18:19:54+00:00","dateModified":"2026-02-20T11:13:51+00:00","breadcrumb":{"@id":"https:\/\/timpurinoi.mynomnom.ro\/en\/produs\/pumpkin-cream-soup-with-coconut-milk\/#breadcrumb"},"inLanguage":"en-US","potentialAction":[{"@type":"ReadAction","target":["https:\/\/timpurinoi.mynomnom.ro\/en\/produs\/pumpkin-cream-soup-with-coconut-milk\/"]}]},{"@type":"ImageObject","inLanguage":"en-US","@id":"https:\/\/timpurinoi.mynomnom.ro\/en\/produs\/pumpkin-cream-soup-with-coconut-milk\/#primaryimage","url":"https:\/\/i0.wp.com\/timpurinoi.mynomnom.ro\/wp-content\/uploads\/2023\/11\/image00026-2.jpg?fit=1333%2C2000&ssl=1","contentUrl":"https:\/\/i0.wp.com\/timpurinoi.mynomnom.ro\/wp-content\/uploads\/2023\/11\/image00026-2.jpg?fit=1333%2C2000&ssl=1","width":1333,"height":2000},{"@type":"BreadcrumbList","@id":"https:\/\/timpurinoi.mynomnom.ro\/en\/produs\/pumpkin-cream-soup-with-coconut-milk\/#breadcrumb","itemListElement":[{"@type":"ListItem","position":1,"name":"Prima pagin\u0103","item":"https:\/\/timpurinoi.mynomnom.ro\/en\/"},{"@type":"ListItem","position":2,"name":"Meniu","item":"https:\/\/timpurinoi.mynomnom.ro\/menu\/"},{"@type":"ListItem","position":3,"name":"Pumpkin cream soup with coconut milk"}]},{"@type":"WebSite","@id":"https:\/\/timpurinoi.mynomnom.ro\/#website","url":"https:\/\/timpurinoi.mynomnom.ro\/","name":"Nom Nom Bistro - Bucuresti, Timpuri Noi","description":"M\u00e2ncare s\u0103n\u0103toas\u0103 \u00een Bucure\u0219ti - Timpuri noi","potentialAction":[{"@type":"SearchAction","target":{"@type":"EntryPoint","urlTemplate":"https:\/\/timpurinoi.mynomnom.ro\/?s={search_term_string}"},"query-input":{"@type":"PropertyValueSpecification","valueRequired":true,"valueName":"search_term_string"}}],"inLanguage":"en-US"}]}},"jetpack_sharing_enabled":true,"_links":{"self":[{"href":"https:\/\/timpurinoi.mynomnom.ro\/en\/wp-json\/wp\/v2\/product\/2520","targetHints":{"allow":["GET"]}}],"collection":[{"href":"https:\/\/timpurinoi.mynomnom.ro\/en\/wp-json\/wp\/v2\/product"}],"about":[{"href":"https:\/\/timpurinoi.mynomnom.ro\/en\/wp-json\/wp\/v2\/types\/product"}],"wp:featuredmedia":[{"embeddable":true,"href":"https:\/\/timpurinoi.mynomnom.ro\/en\/wp-json\/wp\/v2\/media\/2301"}],"wp:attachment":[{"href":"https:\/\/timpurinoi.mynomnom.ro\/en\/wp-json\/wp\/v2\/media?parent=2520"}],"wp:term":[{"taxonomy":"product_cat","embeddable":true,"href":"https:\/\/timpurinoi.mynomnom.ro\/en\/wp-json\/wp\/v2\/product_cat?post=2520"},{"taxonomy":"product_tag","embeddable":true,"href":"https:\/\/timpurinoi.mynomnom.ro\/en\/wp-json\/wp\/v2\/product_tag?post=2520"}],"curies":[{"name":"wp","href":"https:\/\/api.w.org\/{rel}","templated":true}]}}