{"id":2522,"date":"2020-07-15T13:38:55","date_gmt":"2020-07-15T10:38:55","guid":{"rendered":"https:\/\/timpurinoi.mynomnom.ro\/produs\/supa-de-linte-rosie-cu-dovleac\/"},"modified":"2026-02-20T13:18:30","modified_gmt":"2026-02-20T11:18:30","slug":"creamy-carrot-ginger-soup","status":"publish","type":"product","link":"https:\/\/timpurinoi.mynomnom.ro\/en\/produs\/creamy-carrot-ginger-soup\/","title":{"rendered":"Creamy Carrot Ginger Soup"},"content":{"rendered":"<p id=\"tw-target-text\" class=\"tw-data-text tw-text-large tw-ta\" dir=\"ltr\" data-placeholder=\"Translation\" aria-label=\"Translated text\" data-ved=\"2ahUKEwjK85DQqriFAxX3g_0HHdh7BeQQ3ewLegQIBRAU\"><span class=\"Y2IQFc\" lang=\"en\">carrots, onions, celery, turmeric, garlic, ginger, coconut milk, salt, pepper, croutons &#8211; 300g<\/span><\/p>\n<p class=\"tw-data-text tw-text-large tw-ta\" dir=\"ltr\" data-placeholder=\"Translation\" aria-label=\"Translated text\" data-ved=\"2ahUKEwjK85DQqriFAxX3g_0HHdh7BeQQ3ewLegQIBRAU\"><span class=\"Y2IQFc\" lang=\"en\">*gluten-free product <\/span><\/p>\n<p class=\"tw-data-text tw-text-large tw-ta\" dir=\"ltr\" data-placeholder=\"Translation\" aria-label=\"Translated text\" data-ved=\"2ahUKEwjK85DQqriFAxX3g_0HHdh7BeQQ3ewLegQIBRAU\"><span class=\"Y2IQFc\" lang=\"en\">Nutritional values \u200b\u200b\/ 100g: Energy value: 37.34 kcal \/ 156.21 kJ, Fat: 0.16 g, Saturated fatty acids (from fats): 0.14 g, Carbohydrates: 6.90 g, Sugars (from carbohydrates): 0.72 g, Protein: 2.24 g, Fiber : 2.31 g, Salt: 0.20 g<\/span><\/p>\n","protected":false},"excerpt":{"rendered":"<p id=\"tw-target-text\" class=\"tw-data-text tw-text-large tw-ta\" dir=\"ltr\" data-placeholder=\"Translation\" data-ved=\"2ahUKEwjolLjmw4yDAxVoSfEDHUQrAqIQ3ewLegQIARAQ\"><span class=\"Y2IQFc\" lang=\"en\">carrots, onions, celery, turmeric, garlic, ginger, coconut milk, salt, pepper, croutons &#8211; 300g<\/span><\/p>\n<p class=\"tw-data-text tw-text-large tw-ta\" dir=\"ltr\" data-placeholder=\"Translation\" data-ved=\"2ahUKEwjolLjmw4yDAxVoSfEDHUQrAqIQ3ewLegQIARAQ\"><span class=\"Y2IQFc\" lang=\"en\">*gluten-free product<\/span><\/p>\n","protected":false},"featured_media":2692,"template":"","meta":[],"product_cat":[23],"product_tag":[],"class_list":{"0":"post-2522","1":"product","2":"type-product","3":"status-publish","4":"has-post-thumbnail","6":"product_menu-fridays-menu","7":"product_cat-soups","9":"first","10":"instock","11":"shipping-taxable","12":"purchasable","13":"product-type-simple"},"acf":[],"yoast_head":"<!-- This site is optimized with the Yoast SEO plugin v24.1 - https:\/\/yoast.com\/wordpress\/plugins\/seo\/ -->\n<title>Creamy Carrot Ginger Soup - Nom Nom Bistro - Bucuresti, Timpuri Noi<\/title>\n<meta name=\"robots\" content=\"index, follow, max-snippet:-1, max-image-preview:large, max-video-preview:-1\" \/>\n<link rel=\"canonical\" href=\"https:\/\/timpurinoi.mynomnom.ro\/en\/produs\/creamy-carrot-ginger-soup\/\" \/>\n<meta property=\"og:locale\" content=\"en_US\" \/>\n<meta property=\"og:type\" content=\"article\" \/>\n<meta property=\"og:title\" content=\"Creamy Carrot Ginger Soup - Nom Nom Bistro - Bucuresti, Timpuri Noi\" \/>\n<meta property=\"og:description\" content=\"carrots, onions, celery, turmeric, garlic, ginger, coconut milk, salt, pepper, croutons - 300g *gluten-free product\" \/>\n<meta property=\"og:url\" content=\"https:\/\/timpurinoi.mynomnom.ro\/en\/produs\/creamy-carrot-ginger-soup\/\" \/>\n<meta property=\"og:site_name\" content=\"Nom Nom Bistro - Bucuresti, Timpuri Noi\" \/>\n<meta property=\"article:modified_time\" content=\"2026-02-20T11:18:30+00:00\" \/>\n<meta property=\"og:image\" content=\"https:\/\/timpurinoi.mynomnom.ro\/wp-content\/uploads\/2020\/07\/IMG_1092-Copy.jpg\" \/>\n\t<meta property=\"og:image:width\" content=\"1333\" \/>\n\t<meta property=\"og:image:height\" content=\"2000\" \/>\n\t<meta property=\"og:image:type\" content=\"image\/jpeg\" \/>\n<meta name=\"twitter:card\" content=\"summary_large_image\" \/>\n<meta name=\"twitter:label1\" content=\"Est. reading time\" \/>\n\t<meta name=\"twitter:data1\" content=\"1 minute\" \/>\n<script type=\"application\/ld+json\" class=\"yoast-schema-graph\">{\"@context\":\"https:\/\/schema.org\",\"@graph\":[{\"@type\":\"WebPage\",\"@id\":\"https:\/\/timpurinoi.mynomnom.ro\/en\/produs\/creamy-carrot-ginger-soup\/\",\"url\":\"https:\/\/timpurinoi.mynomnom.ro\/en\/produs\/creamy-carrot-ginger-soup\/\",\"name\":\"Creamy Carrot Ginger Soup - Nom Nom Bistro - Bucuresti, Timpuri Noi\",\"isPartOf\":{\"@id\":\"https:\/\/timpurinoi.mynomnom.ro\/#website\"},\"primaryImageOfPage\":{\"@id\":\"https:\/\/timpurinoi.mynomnom.ro\/en\/produs\/creamy-carrot-ginger-soup\/#primaryimage\"},\"image\":{\"@id\":\"https:\/\/timpurinoi.mynomnom.ro\/en\/produs\/creamy-carrot-ginger-soup\/#primaryimage\"},\"thumbnailUrl\":\"https:\/\/i0.wp.com\/timpurinoi.mynomnom.ro\/wp-content\/uploads\/2020\/07\/IMG_1092-Copy.jpg?fit=1333%2C2000&ssl=1\",\"datePublished\":\"2020-07-15T10:38:55+00:00\",\"dateModified\":\"2026-02-20T11:18:30+00:00\",\"breadcrumb\":{\"@id\":\"https:\/\/timpurinoi.mynomnom.ro\/en\/produs\/creamy-carrot-ginger-soup\/#breadcrumb\"},\"inLanguage\":\"en-US\",\"potentialAction\":[{\"@type\":\"ReadAction\",\"target\":[\"https:\/\/timpurinoi.mynomnom.ro\/en\/produs\/creamy-carrot-ginger-soup\/\"]}]},{\"@type\":\"ImageObject\",\"inLanguage\":\"en-US\",\"@id\":\"https:\/\/timpurinoi.mynomnom.ro\/en\/produs\/creamy-carrot-ginger-soup\/#primaryimage\",\"url\":\"https:\/\/i0.wp.com\/timpurinoi.mynomnom.ro\/wp-content\/uploads\/2020\/07\/IMG_1092-Copy.jpg?fit=1333%2C2000&ssl=1\",\"contentUrl\":\"https:\/\/i0.wp.com\/timpurinoi.mynomnom.ro\/wp-content\/uploads\/2020\/07\/IMG_1092-Copy.jpg?fit=1333%2C2000&ssl=1\",\"width\":1333,\"height\":2000},{\"@type\":\"BreadcrumbList\",\"@id\":\"https:\/\/timpurinoi.mynomnom.ro\/en\/produs\/creamy-carrot-ginger-soup\/#breadcrumb\",\"itemListElement\":[{\"@type\":\"ListItem\",\"position\":1,\"name\":\"Prima pagin\u0103\",\"item\":\"https:\/\/timpurinoi.mynomnom.ro\/en\/\"},{\"@type\":\"ListItem\",\"position\":2,\"name\":\"Meniu\",\"item\":\"https:\/\/timpurinoi.mynomnom.ro\/menu\/\"},{\"@type\":\"ListItem\",\"position\":3,\"name\":\"Creamy Carrot Ginger Soup\"}]},{\"@type\":\"WebSite\",\"@id\":\"https:\/\/timpurinoi.mynomnom.ro\/#website\",\"url\":\"https:\/\/timpurinoi.mynomnom.ro\/\",\"name\":\"Nom Nom Bistro - Bucuresti, Timpuri Noi\",\"description\":\"M\u00e2ncare s\u0103n\u0103toas\u0103 \u00een Bucure\u0219ti - Timpuri noi\",\"potentialAction\":[{\"@type\":\"SearchAction\",\"target\":{\"@type\":\"EntryPoint\",\"urlTemplate\":\"https:\/\/timpurinoi.mynomnom.ro\/?s={search_term_string}\"},\"query-input\":{\"@type\":\"PropertyValueSpecification\",\"valueRequired\":true,\"valueName\":\"search_term_string\"}}],\"inLanguage\":\"en-US\"}]}<\/script>\n<!-- \/ Yoast SEO plugin. -->","yoast_head_json":{"title":"Creamy Carrot Ginger Soup - Nom Nom Bistro - Bucuresti, Timpuri Noi","robots":{"index":"index","follow":"follow","max-snippet":"max-snippet:-1","max-image-preview":"max-image-preview:large","max-video-preview":"max-video-preview:-1"},"canonical":"https:\/\/timpurinoi.mynomnom.ro\/en\/produs\/creamy-carrot-ginger-soup\/","og_locale":"en_US","og_type":"article","og_title":"Creamy Carrot Ginger Soup - Nom Nom Bistro - Bucuresti, Timpuri Noi","og_description":"carrots, onions, celery, turmeric, garlic, ginger, coconut milk, salt, pepper, croutons - 300g *gluten-free product","og_url":"https:\/\/timpurinoi.mynomnom.ro\/en\/produs\/creamy-carrot-ginger-soup\/","og_site_name":"Nom Nom Bistro - Bucuresti, Timpuri Noi","article_modified_time":"2026-02-20T11:18:30+00:00","og_image":[{"width":1333,"height":2000,"url":"https:\/\/timpurinoi.mynomnom.ro\/wp-content\/uploads\/2020\/07\/IMG_1092-Copy.jpg","type":"image\/jpeg"}],"twitter_card":"summary_large_image","twitter_misc":{"Est. reading time":"1 minute"},"schema":{"@context":"https:\/\/schema.org","@graph":[{"@type":"WebPage","@id":"https:\/\/timpurinoi.mynomnom.ro\/en\/produs\/creamy-carrot-ginger-soup\/","url":"https:\/\/timpurinoi.mynomnom.ro\/en\/produs\/creamy-carrot-ginger-soup\/","name":"Creamy Carrot Ginger Soup - Nom Nom Bistro - Bucuresti, Timpuri Noi","isPartOf":{"@id":"https:\/\/timpurinoi.mynomnom.ro\/#website"},"primaryImageOfPage":{"@id":"https:\/\/timpurinoi.mynomnom.ro\/en\/produs\/creamy-carrot-ginger-soup\/#primaryimage"},"image":{"@id":"https:\/\/timpurinoi.mynomnom.ro\/en\/produs\/creamy-carrot-ginger-soup\/#primaryimage"},"thumbnailUrl":"https:\/\/i0.wp.com\/timpurinoi.mynomnom.ro\/wp-content\/uploads\/2020\/07\/IMG_1092-Copy.jpg?fit=1333%2C2000&ssl=1","datePublished":"2020-07-15T10:38:55+00:00","dateModified":"2026-02-20T11:18:30+00:00","breadcrumb":{"@id":"https:\/\/timpurinoi.mynomnom.ro\/en\/produs\/creamy-carrot-ginger-soup\/#breadcrumb"},"inLanguage":"en-US","potentialAction":[{"@type":"ReadAction","target":["https:\/\/timpurinoi.mynomnom.ro\/en\/produs\/creamy-carrot-ginger-soup\/"]}]},{"@type":"ImageObject","inLanguage":"en-US","@id":"https:\/\/timpurinoi.mynomnom.ro\/en\/produs\/creamy-carrot-ginger-soup\/#primaryimage","url":"https:\/\/i0.wp.com\/timpurinoi.mynomnom.ro\/wp-content\/uploads\/2020\/07\/IMG_1092-Copy.jpg?fit=1333%2C2000&ssl=1","contentUrl":"https:\/\/i0.wp.com\/timpurinoi.mynomnom.ro\/wp-content\/uploads\/2020\/07\/IMG_1092-Copy.jpg?fit=1333%2C2000&ssl=1","width":1333,"height":2000},{"@type":"BreadcrumbList","@id":"https:\/\/timpurinoi.mynomnom.ro\/en\/produs\/creamy-carrot-ginger-soup\/#breadcrumb","itemListElement":[{"@type":"ListItem","position":1,"name":"Prima pagin\u0103","item":"https:\/\/timpurinoi.mynomnom.ro\/en\/"},{"@type":"ListItem","position":2,"name":"Meniu","item":"https:\/\/timpurinoi.mynomnom.ro\/menu\/"},{"@type":"ListItem","position":3,"name":"Creamy Carrot Ginger Soup"}]},{"@type":"WebSite","@id":"https:\/\/timpurinoi.mynomnom.ro\/#website","url":"https:\/\/timpurinoi.mynomnom.ro\/","name":"Nom Nom Bistro - Bucuresti, Timpuri Noi","description":"M\u00e2ncare s\u0103n\u0103toas\u0103 \u00een Bucure\u0219ti - Timpuri noi","potentialAction":[{"@type":"SearchAction","target":{"@type":"EntryPoint","urlTemplate":"https:\/\/timpurinoi.mynomnom.ro\/?s={search_term_string}"},"query-input":{"@type":"PropertyValueSpecification","valueRequired":true,"valueName":"search_term_string"}}],"inLanguage":"en-US"}]}},"jetpack_sharing_enabled":true,"_links":{"self":[{"href":"https:\/\/timpurinoi.mynomnom.ro\/en\/wp-json\/wp\/v2\/product\/2522","targetHints":{"allow":["GET"]}}],"collection":[{"href":"https:\/\/timpurinoi.mynomnom.ro\/en\/wp-json\/wp\/v2\/product"}],"about":[{"href":"https:\/\/timpurinoi.mynomnom.ro\/en\/wp-json\/wp\/v2\/types\/product"}],"wp:featuredmedia":[{"embeddable":true,"href":"https:\/\/timpurinoi.mynomnom.ro\/en\/wp-json\/wp\/v2\/media\/2692"}],"wp:attachment":[{"href":"https:\/\/timpurinoi.mynomnom.ro\/en\/wp-json\/wp\/v2\/media?parent=2522"}],"wp:term":[{"taxonomy":"product_cat","embeddable":true,"href":"https:\/\/timpurinoi.mynomnom.ro\/en\/wp-json\/wp\/v2\/product_cat?post=2522"},{"taxonomy":"product_tag","embeddable":true,"href":"https:\/\/timpurinoi.mynomnom.ro\/en\/wp-json\/wp\/v2\/product_tag?post=2522"}],"curies":[{"name":"wp","href":"https:\/\/api.w.org\/{rel}","templated":true}]}}