{"id":2523,"date":"2022-05-30T15:36:57","date_gmt":"2022-05-30T12:36:57","guid":{"rendered":"https:\/\/timpurinoi.mynomnom.ro\/produs\/orez-cu-curry\/"},"modified":"2026-02-20T13:20:10","modified_gmt":"2026-02-20T11:20:10","slug":"curry-with-lentils-and-rice","status":"publish","type":"product","link":"https:\/\/timpurinoi.mynomnom.ro\/en\/produs\/curry-with-lentils-and-rice\/","title":{"rendered":"Curry with lentils and rice"},"content":{"rendered":"<p id=\"tw-target-text\" class=\"tw-data-text tw-text-large tw-ta\" dir=\"ltr\" data-placeholder=\"Translation\" data-ved=\"2ahUKEwipmKbX5YSLAxUd1AIHHZKlC88Q3ewLegQIBxAU\" aria-label=\"Translated text: lentils, basmati rice, onion, garlic, ginger, baby spinach, tomatoes, paprika, curry, coriander, cumin, turmeric, olive oil, lemon - 350 gr *gluten-free product *slightly spicy product Nutritional values \u200b\u200b\/ 100g: Energy value: 33.38 kcal \/ 139.66 kJ, Fat: 1.89 g, Saturated fatty acids (from fats): 1.14 g, Carbohydrates: 2.67 g, Sugars (from carbohydrates): 1.76 g, Protein: 0.83 g, Fiber : 0.63 g, Salt: 0.01 g\"><span class=\"Y2IQFc\" lang=\"en\">lentils, basmati rice, onion, garlic, ginger, baby spinach, tomatoes, paprika, curry, coriander, cumin, turmeric, olive oil, lemon &#8211; 350 gr *gluten-free product <\/span><\/p>\n<p class=\"tw-data-text tw-text-large tw-ta\" dir=\"ltr\" data-placeholder=\"Translation\" data-ved=\"2ahUKEwipmKbX5YSLAxUd1AIHHZKlC88Q3ewLegQIBxAU\" aria-label=\"Translated text: lentils, basmati rice, onion, garlic, ginger, baby spinach, tomatoes, paprika, curry, coriander, cumin, turmeric, olive oil, lemon - 350 gr *gluten-free product *slightly spicy product Nutritional values \u200b\u200b\/ 100g: Energy value: 33.38 kcal \/ 139.66 kJ, Fat: 1.89 g, Saturated fatty acids (from fats): 1.14 g, Carbohydrates: 2.67 g, Sugars (from carbohydrates): 1.76 g, Protein: 0.83 g, Fiber : 0.63 g, Salt: 0.01 g\"><span class=\"Y2IQFc\" lang=\"en\">*slightly spicy product <\/span><\/p>\n<p class=\"tw-data-text tw-text-large tw-ta\" dir=\"ltr\" data-placeholder=\"Translation\" data-ved=\"2ahUKEwipmKbX5YSLAxUd1AIHHZKlC88Q3ewLegQIBxAU\" aria-label=\"Translated text: lentils, basmati rice, onion, garlic, ginger, baby spinach, tomatoes, paprika, curry, coriander, cumin, turmeric, olive oil, lemon - 350 gr *gluten-free product *slightly spicy product Nutritional values \u200b\u200b\/ 100g: Energy value: 33.38 kcal \/ 139.66 kJ, Fat: 1.89 g, Saturated fatty acids (from fats): 1.14 g, Carbohydrates: 2.67 g, Sugars (from carbohydrates): 1.76 g, Protein: 0.83 g, Fiber : 0.63 g, Salt: 0.01 g\"><span class=\"Y2IQFc\" lang=\"en\">Nutritional values \u200b\u200b\/ 100g: Energy value: 33.38 kcal \/ 139.66 kJ, Fat: 1.89 g, Saturated fatty acids (from fats): 1.14 g, Carbohydrates: 2.67 g, Sugars (from carbohydrates): 1.76 g, Protein: 0.83 g, Fiber : 0.63 g, Salt: 0.01 g<\/span><\/p>\n","protected":false},"excerpt":{"rendered":"<p>lentils, basmati rice, onion, garlic, ginger, baby spinach, tomatoes, paprika, curry, coriander, cumin, turmeric, olive oil, lemon &#8211; 350 gr<\/p>\n<p>*gluten-free product<\/p>\n<p data-placeholder=\"Translation\" data-ved=\"2ahUKEwipmKbX5YSLAxUd1AIHHZKlC88Q3ewLegQIBxAU\" aria-label=\"Translated text: lentils, basmati rice, onion, garlic, ginger, baby spinach, tomatoes, paprika, curry, coriander, cumin, turmeric, olive oil, lemon - 350 gr *gluten-free product *slightly spicy product Nutritional values \u200b\u200b\/ 100g: Energy value: 33.38 kcal \/ 139.66 kJ, Fat: 1.89 g, Saturated fatty acids (from fats): 1.14 g, Carbohydrates: 2.67 g, Sugars (from carbohydrates): 1.76 g, Protein: 0.83 g, Fiber : 0.63 g, Salt: 0.01 g\">*slightly spicy product<\/p>\n","protected":false},"featured_media":3509,"template":"","meta":[],"product_cat":[47],"product_tag":[],"class_list":{"0":"post-2523","1":"product","2":"type-product","3":"status-publish","4":"has-post-thumbnail","6":"product_menu-fridays-menu","7":"product_cat-main-dish","9":"first","10":"instock","11":"shipping-taxable","12":"purchasable","13":"product-type-simple"},"acf":[],"yoast_head":"<!-- This site is optimized with the Yoast SEO plugin v24.1 - https:\/\/yoast.com\/wordpress\/plugins\/seo\/ -->\n<title>Curry with lentils and rice - Nom Nom Bistro - Bucuresti, Timpuri Noi<\/title>\n<meta name=\"robots\" content=\"index, follow, max-snippet:-1, max-image-preview:large, max-video-preview:-1\" \/>\n<link rel=\"canonical\" href=\"https:\/\/timpurinoi.mynomnom.ro\/en\/produs\/curry-with-lentils-and-rice\/\" \/>\n<meta property=\"og:locale\" content=\"en_US\" \/>\n<meta property=\"og:type\" content=\"article\" \/>\n<meta property=\"og:title\" content=\"Curry with lentils and rice - Nom Nom Bistro - Bucuresti, Timpuri Noi\" \/>\n<meta property=\"og:description\" content=\"lentils, basmati rice, onion, garlic, ginger, baby spinach, tomatoes, paprika, curry, coriander, cumin, turmeric, olive oil, lemon - 350 gr  *gluten-free product *slightly spicy product\" \/>\n<meta property=\"og:url\" content=\"https:\/\/timpurinoi.mynomnom.ro\/en\/produs\/curry-with-lentils-and-rice\/\" \/>\n<meta property=\"og:site_name\" content=\"Nom Nom Bistro - Bucuresti, Timpuri Noi\" \/>\n<meta property=\"article:modified_time\" content=\"2026-02-20T11:20:10+00:00\" \/>\n<meta property=\"og:image\" content=\"https:\/\/timpurinoi.mynomnom.ro\/wp-content\/uploads\/2025\/01\/IMG_20250113_162335-01_resized_20250114_054503674-scaled.jpeg\" \/>\n\t<meta property=\"og:image:width\" content=\"1920\" \/>\n\t<meta property=\"og:image:height\" content=\"2560\" \/>\n\t<meta property=\"og:image:type\" content=\"image\/jpeg\" \/>\n<meta name=\"twitter:card\" content=\"summary_large_image\" \/>\n<meta name=\"twitter:label1\" content=\"Est. reading time\" \/>\n\t<meta name=\"twitter:data1\" content=\"1 minute\" \/>\n<script type=\"application\/ld+json\" class=\"yoast-schema-graph\">{\"@context\":\"https:\/\/schema.org\",\"@graph\":[{\"@type\":\"WebPage\",\"@id\":\"https:\/\/timpurinoi.mynomnom.ro\/en\/produs\/curry-with-lentils-and-rice\/\",\"url\":\"https:\/\/timpurinoi.mynomnom.ro\/en\/produs\/curry-with-lentils-and-rice\/\",\"name\":\"Curry with lentils and rice - Nom Nom Bistro - Bucuresti, Timpuri Noi\",\"isPartOf\":{\"@id\":\"https:\/\/timpurinoi.mynomnom.ro\/#website\"},\"primaryImageOfPage\":{\"@id\":\"https:\/\/timpurinoi.mynomnom.ro\/en\/produs\/curry-with-lentils-and-rice\/#primaryimage\"},\"image\":{\"@id\":\"https:\/\/timpurinoi.mynomnom.ro\/en\/produs\/curry-with-lentils-and-rice\/#primaryimage\"},\"thumbnailUrl\":\"https:\/\/i0.wp.com\/timpurinoi.mynomnom.ro\/wp-content\/uploads\/2025\/01\/IMG_20250113_162335-01_resized_20250114_054503674-scaled.jpeg?fit=1920%2C2560&ssl=1\",\"datePublished\":\"2022-05-30T12:36:57+00:00\",\"dateModified\":\"2026-02-20T11:20:10+00:00\",\"breadcrumb\":{\"@id\":\"https:\/\/timpurinoi.mynomnom.ro\/en\/produs\/curry-with-lentils-and-rice\/#breadcrumb\"},\"inLanguage\":\"en-US\",\"potentialAction\":[{\"@type\":\"ReadAction\",\"target\":[\"https:\/\/timpurinoi.mynomnom.ro\/en\/produs\/curry-with-lentils-and-rice\/\"]}]},{\"@type\":\"ImageObject\",\"inLanguage\":\"en-US\",\"@id\":\"https:\/\/timpurinoi.mynomnom.ro\/en\/produs\/curry-with-lentils-and-rice\/#primaryimage\",\"url\":\"https:\/\/i0.wp.com\/timpurinoi.mynomnom.ro\/wp-content\/uploads\/2025\/01\/IMG_20250113_162335-01_resized_20250114_054503674-scaled.jpeg?fit=1920%2C2560&ssl=1\",\"contentUrl\":\"https:\/\/i0.wp.com\/timpurinoi.mynomnom.ro\/wp-content\/uploads\/2025\/01\/IMG_20250113_162335-01_resized_20250114_054503674-scaled.jpeg?fit=1920%2C2560&ssl=1\",\"width\":1920,\"height\":2560},{\"@type\":\"BreadcrumbList\",\"@id\":\"https:\/\/timpurinoi.mynomnom.ro\/en\/produs\/curry-with-lentils-and-rice\/#breadcrumb\",\"itemListElement\":[{\"@type\":\"ListItem\",\"position\":1,\"name\":\"Prima pagin\u0103\",\"item\":\"https:\/\/timpurinoi.mynomnom.ro\/en\/\"},{\"@type\":\"ListItem\",\"position\":2,\"name\":\"Meniu\",\"item\":\"https:\/\/timpurinoi.mynomnom.ro\/menu\/\"},{\"@type\":\"ListItem\",\"position\":3,\"name\":\"Curry with lentils and rice\"}]},{\"@type\":\"WebSite\",\"@id\":\"https:\/\/timpurinoi.mynomnom.ro\/#website\",\"url\":\"https:\/\/timpurinoi.mynomnom.ro\/\",\"name\":\"Nom Nom Bistro - Bucuresti, Timpuri Noi\",\"description\":\"M\u00e2ncare s\u0103n\u0103toas\u0103 \u00een Bucure\u0219ti - Timpuri noi\",\"potentialAction\":[{\"@type\":\"SearchAction\",\"target\":{\"@type\":\"EntryPoint\",\"urlTemplate\":\"https:\/\/timpurinoi.mynomnom.ro\/?s={search_term_string}\"},\"query-input\":{\"@type\":\"PropertyValueSpecification\",\"valueRequired\":true,\"valueName\":\"search_term_string\"}}],\"inLanguage\":\"en-US\"}]}<\/script>\n<!-- \/ Yoast SEO plugin. -->","yoast_head_json":{"title":"Curry with lentils and rice - Nom Nom Bistro - Bucuresti, Timpuri Noi","robots":{"index":"index","follow":"follow","max-snippet":"max-snippet:-1","max-image-preview":"max-image-preview:large","max-video-preview":"max-video-preview:-1"},"canonical":"https:\/\/timpurinoi.mynomnom.ro\/en\/produs\/curry-with-lentils-and-rice\/","og_locale":"en_US","og_type":"article","og_title":"Curry with lentils and rice - Nom Nom Bistro - Bucuresti, Timpuri Noi","og_description":"lentils, basmati rice, onion, garlic, ginger, baby spinach, tomatoes, paprika, curry, coriander, cumin, turmeric, olive oil, lemon - 350 gr  *gluten-free product *slightly spicy product","og_url":"https:\/\/timpurinoi.mynomnom.ro\/en\/produs\/curry-with-lentils-and-rice\/","og_site_name":"Nom Nom Bistro - Bucuresti, Timpuri Noi","article_modified_time":"2026-02-20T11:20:10+00:00","og_image":[{"width":1920,"height":2560,"url":"https:\/\/timpurinoi.mynomnom.ro\/wp-content\/uploads\/2025\/01\/IMG_20250113_162335-01_resized_20250114_054503674-scaled.jpeg","type":"image\/jpeg"}],"twitter_card":"summary_large_image","twitter_misc":{"Est. reading time":"1 minute"},"schema":{"@context":"https:\/\/schema.org","@graph":[{"@type":"WebPage","@id":"https:\/\/timpurinoi.mynomnom.ro\/en\/produs\/curry-with-lentils-and-rice\/","url":"https:\/\/timpurinoi.mynomnom.ro\/en\/produs\/curry-with-lentils-and-rice\/","name":"Curry with lentils and rice - Nom Nom Bistro - Bucuresti, Timpuri Noi","isPartOf":{"@id":"https:\/\/timpurinoi.mynomnom.ro\/#website"},"primaryImageOfPage":{"@id":"https:\/\/timpurinoi.mynomnom.ro\/en\/produs\/curry-with-lentils-and-rice\/#primaryimage"},"image":{"@id":"https:\/\/timpurinoi.mynomnom.ro\/en\/produs\/curry-with-lentils-and-rice\/#primaryimage"},"thumbnailUrl":"https:\/\/i0.wp.com\/timpurinoi.mynomnom.ro\/wp-content\/uploads\/2025\/01\/IMG_20250113_162335-01_resized_20250114_054503674-scaled.jpeg?fit=1920%2C2560&ssl=1","datePublished":"2022-05-30T12:36:57+00:00","dateModified":"2026-02-20T11:20:10+00:00","breadcrumb":{"@id":"https:\/\/timpurinoi.mynomnom.ro\/en\/produs\/curry-with-lentils-and-rice\/#breadcrumb"},"inLanguage":"en-US","potentialAction":[{"@type":"ReadAction","target":["https:\/\/timpurinoi.mynomnom.ro\/en\/produs\/curry-with-lentils-and-rice\/"]}]},{"@type":"ImageObject","inLanguage":"en-US","@id":"https:\/\/timpurinoi.mynomnom.ro\/en\/produs\/curry-with-lentils-and-rice\/#primaryimage","url":"https:\/\/i0.wp.com\/timpurinoi.mynomnom.ro\/wp-content\/uploads\/2025\/01\/IMG_20250113_162335-01_resized_20250114_054503674-scaled.jpeg?fit=1920%2C2560&ssl=1","contentUrl":"https:\/\/i0.wp.com\/timpurinoi.mynomnom.ro\/wp-content\/uploads\/2025\/01\/IMG_20250113_162335-01_resized_20250114_054503674-scaled.jpeg?fit=1920%2C2560&ssl=1","width":1920,"height":2560},{"@type":"BreadcrumbList","@id":"https:\/\/timpurinoi.mynomnom.ro\/en\/produs\/curry-with-lentils-and-rice\/#breadcrumb","itemListElement":[{"@type":"ListItem","position":1,"name":"Prima pagin\u0103","item":"https:\/\/timpurinoi.mynomnom.ro\/en\/"},{"@type":"ListItem","position":2,"name":"Meniu","item":"https:\/\/timpurinoi.mynomnom.ro\/menu\/"},{"@type":"ListItem","position":3,"name":"Curry with lentils and rice"}]},{"@type":"WebSite","@id":"https:\/\/timpurinoi.mynomnom.ro\/#website","url":"https:\/\/timpurinoi.mynomnom.ro\/","name":"Nom Nom Bistro - Bucuresti, Timpuri Noi","description":"M\u00e2ncare s\u0103n\u0103toas\u0103 \u00een Bucure\u0219ti - Timpuri noi","potentialAction":[{"@type":"SearchAction","target":{"@type":"EntryPoint","urlTemplate":"https:\/\/timpurinoi.mynomnom.ro\/?s={search_term_string}"},"query-input":{"@type":"PropertyValueSpecification","valueRequired":true,"valueName":"search_term_string"}}],"inLanguage":"en-US"}]}},"jetpack_sharing_enabled":true,"_links":{"self":[{"href":"https:\/\/timpurinoi.mynomnom.ro\/en\/wp-json\/wp\/v2\/product\/2523","targetHints":{"allow":["GET"]}}],"collection":[{"href":"https:\/\/timpurinoi.mynomnom.ro\/en\/wp-json\/wp\/v2\/product"}],"about":[{"href":"https:\/\/timpurinoi.mynomnom.ro\/en\/wp-json\/wp\/v2\/types\/product"}],"wp:featuredmedia":[{"embeddable":true,"href":"https:\/\/timpurinoi.mynomnom.ro\/en\/wp-json\/wp\/v2\/media\/3509"}],"wp:attachment":[{"href":"https:\/\/timpurinoi.mynomnom.ro\/en\/wp-json\/wp\/v2\/media?parent=2523"}],"wp:term":[{"taxonomy":"product_cat","embeddable":true,"href":"https:\/\/timpurinoi.mynomnom.ro\/en\/wp-json\/wp\/v2\/product_cat?post=2523"},{"taxonomy":"product_tag","embeddable":true,"href":"https:\/\/timpurinoi.mynomnom.ro\/en\/wp-json\/wp\/v2\/product_tag?post=2523"}],"curies":[{"name":"wp","href":"https:\/\/api.w.org\/{rel}","templated":true}]}}