{"id":2527,"date":"2020-10-28T15:34:43","date_gmt":"2020-10-28T13:34:43","guid":{"rendered":"https:\/\/timpurinoi.mynomnom.ro\/produs\/chiftelute-in-sos-rosu-si-piure-cu-pesto\/"},"modified":"2026-02-20T13:37:19","modified_gmt":"2026-02-20T11:37:19","slug":"vegan-smoked-bean-stew","status":"publish","type":"product","link":"https:\/\/timpurinoi.mynomnom.ro\/en\/produs\/vegan-smoked-bean-stew\/","title":{"rendered":"Vegan smoked bean stew"},"content":{"rendered":"<p id=\"tw-target-text\" class=\"tw-data-text tw-text-large tw-ta\" dir=\"ltr\" tabindex=\"-1\" role=\"text\" data-placeholder=\"Translation\" data-ved=\"2ahUKEwi0nKHa8-eSAxVe0gIHHRN9FBwQ3ewLegQIBBAW\" aria-label=\"Translated text: beans, smoked tofu, tomato juice, onion, kapia, carrots, garlic, thyme, bay leaves, pickles, salt, pepper - 400 gr\n* gluten-free product\n\n* fasting product\n\nNutritional values \u200b\u200b\/ 100g: Energy value: 142.24 kcal \/ 595.14 kJ, Fat: 7.64 g, Saturated fatty acids (from fat): 1.37 g, Carbohydrates: 13.28 g, Sugars (from carbohydrates): 2.36 g, Proteins: 8.73 g, Fiber: 1.57 g, Salt: 0.22 g\"><span class=\"Y2IQFc\" lang=\"en\">beans, smoked tofu, tomato juice, onion, kapia, carrots, garlic, thyme, bay leaves, pickles, salt, pepper &#8211; 400 gr<\/span><\/p>\n<p class=\"tw-data-text tw-text-large tw-ta\" dir=\"ltr\" tabindex=\"-1\" role=\"text\" data-placeholder=\"Translation\" data-ved=\"2ahUKEwi0nKHa8-eSAxVe0gIHHRN9FBwQ3ewLegQIBBAW\" aria-label=\"Translated text: beans, smoked tofu, tomato juice, onion, kapia, carrots, garlic, thyme, bay leaves, pickles, salt, pepper - 400 gr\n* gluten-free product\n\n* fasting product\n\nNutritional values \u200b\u200b\/ 100g: Energy value: 142.24 kcal \/ 595.14 kJ, Fat: 7.64 g, Saturated fatty acids (from fat): 1.37 g, Carbohydrates: 13.28 g, Sugars (from carbohydrates): 2.36 g, Proteins: 8.73 g, Fiber: 1.57 g, Salt: 0.22 g\"><span class=\"Y2IQFc\" lang=\"en\">* gluten-free product <\/span><\/p>\n<p class=\"tw-data-text tw-text-large tw-ta\" dir=\"ltr\" tabindex=\"-1\" role=\"text\" data-placeholder=\"Translation\" data-ved=\"2ahUKEwi0nKHa8-eSAxVe0gIHHRN9FBwQ3ewLegQIBBAW\" aria-label=\"Translated text: beans, smoked tofu, tomato juice, onion, kapia, carrots, garlic, thyme, bay leaves, pickles, salt, pepper - 400 gr\n* gluten-free product\n\n* fasting product\n\nNutritional values \u200b\u200b\/ 100g: Energy value: 142.24 kcal \/ 595.14 kJ, Fat: 7.64 g, Saturated fatty acids (from fat): 1.37 g, Carbohydrates: 13.28 g, Sugars (from carbohydrates): 2.36 g, Proteins: 8.73 g, Fiber: 1.57 g, Salt: 0.22 g\"><span class=\"Y2IQFc\" lang=\"en\">* fasting product <\/span><\/p>\n<p class=\"tw-data-text tw-text-large tw-ta\" dir=\"ltr\" tabindex=\"-1\" role=\"text\" data-placeholder=\"Translation\" data-ved=\"2ahUKEwi0nKHa8-eSAxVe0gIHHRN9FBwQ3ewLegQIBBAW\" aria-label=\"Translated text: beans, smoked tofu, tomato juice, onion, kapia, carrots, garlic, thyme, bay leaves, pickles, salt, pepper - 400 gr\n* gluten-free product\n\n* fasting product\n\nNutritional values \u200b\u200b\/ 100g: Energy value: 142.24 kcal \/ 595.14 kJ, Fat: 7.64 g, Saturated fatty acids (from fat): 1.37 g, Carbohydrates: 13.28 g, Sugars (from carbohydrates): 2.36 g, Proteins: 8.73 g, Fiber: 1.57 g, Salt: 0.22 g\"><span class=\"Y2IQFc\" lang=\"en\">Nutritional values \u200b\u200b\/ 100g: Energy value: 142.24 kcal \/ 595.14 kJ, Fat: 7.64 g, Saturated fatty acids (from fat): 1.37 g, Carbohydrates: 13.28 g, Sugars (from carbohydrates): 2.36 g, Proteins: 8.73 g, Fiber: 1.57 g, Salt: 0.22 g<\/span><\/p>\n","protected":false},"excerpt":{"rendered":"<p id=\"tw-target-text\" class=\"tw-data-text tw-text-large tw-ta\" dir=\"ltr\" tabindex=\"-1\" role=\"text\" data-placeholder=\"Translation\" data-ved=\"2ahUKEwi0nKHa8-eSAxVe0gIHHRN9FBwQ3ewLegQIBBAW\" aria-label=\"Translated text: beans, smoked tofu, tomato juice, onion, kapia, carrots, garlic, thyme, bay leaves, pickles, salt, pepper - 400 gr\n* gluten-free product\n\n* fasting product\n\nNutritional values \u200b\u200b\/ 100g: Energy value: 142.24 kcal \/ 595.14 kJ, Fat: 7.64 g, Saturated fatty acids (from fat): 1.37 g, Carbohydrates: 13.28 g, Sugars (from carbohydrates): 2.36 g, Proteins: 8.73 g, Fiber: 1.57 g, Salt: 0.22 g\"><span class=\"Y2IQFc\" lang=\"en\">beans, smoked tofu, tomato juice, onion, kapia, carrots, garlic, thyme, bay leaves, pickles, salt, pepper &#8211; 400 gr<\/span><\/p>\n<p class=\"tw-data-text tw-text-large tw-ta\" dir=\"ltr\" tabindex=\"-1\" role=\"text\" data-placeholder=\"Translation\" data-ved=\"2ahUKEwi0nKHa8-eSAxVe0gIHHRN9FBwQ3ewLegQIBBAW\" aria-label=\"Translated text: beans, smoked tofu, tomato juice, onion, kapia, carrots, garlic, thyme, bay leaves, pickles, salt, pepper - 400 gr\n* gluten-free product\n\n* fasting product\n\nNutritional values \u200b\u200b\/ 100g: Energy value: 142.24 kcal \/ 595.14 kJ, Fat: 7.64 g, Saturated fatty acids (from fat): 1.37 g, Carbohydrates: 13.28 g, Sugars (from carbohydrates): 2.36 g, Proteins: 8.73 g, Fiber: 1.57 g, Salt: 0.22 g\"><span class=\"Y2IQFc\" lang=\"en\">* gluten-free product<\/span><\/p>\n","protected":false},"featured_media":4429,"template":"","meta":[],"product_cat":[47],"product_tag":[],"class_list":{"0":"post-2527","1":"product","2":"type-product","3":"status-publish","4":"has-post-thumbnail","6":"product_menu-tuesdays-menu","7":"product_cat-main-dish","9":"first","10":"instock","11":"shipping-taxable","12":"purchasable","13":"product-type-simple"},"acf":[],"yoast_head":"<!-- This site is optimized with the Yoast SEO plugin v24.1 - https:\/\/yoast.com\/wordpress\/plugins\/seo\/ -->\n<title>Vegan smoked bean stew - Nom Nom Bistro - Bucuresti, Timpuri Noi<\/title>\n<meta name=\"robots\" content=\"index, follow, max-snippet:-1, max-image-preview:large, max-video-preview:-1\" \/>\n<link rel=\"canonical\" href=\"https:\/\/timpurinoi.mynomnom.ro\/en\/produs\/vegan-smoked-bean-stew\/\" \/>\n<meta property=\"og:locale\" content=\"en_US\" \/>\n<meta property=\"og:type\" content=\"article\" \/>\n<meta property=\"og:title\" content=\"Vegan smoked bean stew - Nom Nom Bistro - Bucuresti, Timpuri Noi\" \/>\n<meta property=\"og:description\" content=\"beans, smoked tofu, tomato juice, onion, kapia, carrots, garlic, thyme, bay leaves, pickles, salt, pepper - 400 gr * gluten-free product\" \/>\n<meta property=\"og:url\" content=\"https:\/\/timpurinoi.mynomnom.ro\/en\/produs\/vegan-smoked-bean-stew\/\" \/>\n<meta property=\"og:site_name\" content=\"Nom Nom Bistro - Bucuresti, Timpuri Noi\" \/>\n<meta property=\"article:modified_time\" content=\"2026-02-20T11:37:19+00:00\" \/>\n<meta property=\"og:image\" content=\"https:\/\/timpurinoi.mynomnom.ro\/wp-content\/uploads\/2026\/02\/IMG_20250923_171342-01_resized_20250923_093147406-scaled.jpeg\" \/>\n\t<meta property=\"og:image:width\" content=\"1920\" \/>\n\t<meta property=\"og:image:height\" content=\"2560\" \/>\n\t<meta property=\"og:image:type\" content=\"image\/jpeg\" \/>\n<meta name=\"twitter:card\" content=\"summary_large_image\" \/>\n<meta name=\"twitter:label1\" content=\"Est. reading time\" \/>\n\t<meta name=\"twitter:data1\" content=\"1 minute\" \/>\n<script type=\"application\/ld+json\" class=\"yoast-schema-graph\">{\"@context\":\"https:\/\/schema.org\",\"@graph\":[{\"@type\":\"WebPage\",\"@id\":\"https:\/\/timpurinoi.mynomnom.ro\/en\/produs\/vegan-smoked-bean-stew\/\",\"url\":\"https:\/\/timpurinoi.mynomnom.ro\/en\/produs\/vegan-smoked-bean-stew\/\",\"name\":\"Vegan smoked bean stew - Nom Nom Bistro - Bucuresti, Timpuri Noi\",\"isPartOf\":{\"@id\":\"https:\/\/timpurinoi.mynomnom.ro\/#website\"},\"primaryImageOfPage\":{\"@id\":\"https:\/\/timpurinoi.mynomnom.ro\/en\/produs\/vegan-smoked-bean-stew\/#primaryimage\"},\"image\":{\"@id\":\"https:\/\/timpurinoi.mynomnom.ro\/en\/produs\/vegan-smoked-bean-stew\/#primaryimage\"},\"thumbnailUrl\":\"https:\/\/i0.wp.com\/timpurinoi.mynomnom.ro\/wp-content\/uploads\/2026\/02\/IMG_20250923_171342-01_resized_20250923_093147406-scaled.jpeg?fit=1920%2C2560&ssl=1\",\"datePublished\":\"2020-10-28T13:34:43+00:00\",\"dateModified\":\"2026-02-20T11:37:19+00:00\",\"breadcrumb\":{\"@id\":\"https:\/\/timpurinoi.mynomnom.ro\/en\/produs\/vegan-smoked-bean-stew\/#breadcrumb\"},\"inLanguage\":\"en-US\",\"potentialAction\":[{\"@type\":\"ReadAction\",\"target\":[\"https:\/\/timpurinoi.mynomnom.ro\/en\/produs\/vegan-smoked-bean-stew\/\"]}]},{\"@type\":\"ImageObject\",\"inLanguage\":\"en-US\",\"@id\":\"https:\/\/timpurinoi.mynomnom.ro\/en\/produs\/vegan-smoked-bean-stew\/#primaryimage\",\"url\":\"https:\/\/i0.wp.com\/timpurinoi.mynomnom.ro\/wp-content\/uploads\/2026\/02\/IMG_20250923_171342-01_resized_20250923_093147406-scaled.jpeg?fit=1920%2C2560&ssl=1\",\"contentUrl\":\"https:\/\/i0.wp.com\/timpurinoi.mynomnom.ro\/wp-content\/uploads\/2026\/02\/IMG_20250923_171342-01_resized_20250923_093147406-scaled.jpeg?fit=1920%2C2560&ssl=1\",\"width\":1920,\"height\":2560},{\"@type\":\"BreadcrumbList\",\"@id\":\"https:\/\/timpurinoi.mynomnom.ro\/en\/produs\/vegan-smoked-bean-stew\/#breadcrumb\",\"itemListElement\":[{\"@type\":\"ListItem\",\"position\":1,\"name\":\"Prima pagin\u0103\",\"item\":\"https:\/\/timpurinoi.mynomnom.ro\/en\/\"},{\"@type\":\"ListItem\",\"position\":2,\"name\":\"Meniu\",\"item\":\"https:\/\/timpurinoi.mynomnom.ro\/menu\/\"},{\"@type\":\"ListItem\",\"position\":3,\"name\":\"Vegan smoked bean stew\"}]},{\"@type\":\"WebSite\",\"@id\":\"https:\/\/timpurinoi.mynomnom.ro\/#website\",\"url\":\"https:\/\/timpurinoi.mynomnom.ro\/\",\"name\":\"Nom Nom Bistro - Bucuresti, Timpuri Noi\",\"description\":\"M\u00e2ncare s\u0103n\u0103toas\u0103 \u00een Bucure\u0219ti - Timpuri noi\",\"potentialAction\":[{\"@type\":\"SearchAction\",\"target\":{\"@type\":\"EntryPoint\",\"urlTemplate\":\"https:\/\/timpurinoi.mynomnom.ro\/?s={search_term_string}\"},\"query-input\":{\"@type\":\"PropertyValueSpecification\",\"valueRequired\":true,\"valueName\":\"search_term_string\"}}],\"inLanguage\":\"en-US\"}]}<\/script>\n<!-- \/ Yoast SEO plugin. -->","yoast_head_json":{"title":"Vegan smoked bean stew - Nom Nom Bistro - Bucuresti, Timpuri Noi","robots":{"index":"index","follow":"follow","max-snippet":"max-snippet:-1","max-image-preview":"max-image-preview:large","max-video-preview":"max-video-preview:-1"},"canonical":"https:\/\/timpurinoi.mynomnom.ro\/en\/produs\/vegan-smoked-bean-stew\/","og_locale":"en_US","og_type":"article","og_title":"Vegan smoked bean stew - Nom Nom Bistro - Bucuresti, Timpuri Noi","og_description":"beans, smoked tofu, tomato juice, onion, kapia, carrots, garlic, thyme, bay leaves, pickles, salt, pepper - 400 gr * gluten-free product","og_url":"https:\/\/timpurinoi.mynomnom.ro\/en\/produs\/vegan-smoked-bean-stew\/","og_site_name":"Nom Nom Bistro - Bucuresti, Timpuri Noi","article_modified_time":"2026-02-20T11:37:19+00:00","og_image":[{"width":1920,"height":2560,"url":"https:\/\/timpurinoi.mynomnom.ro\/wp-content\/uploads\/2026\/02\/IMG_20250923_171342-01_resized_20250923_093147406-scaled.jpeg","type":"image\/jpeg"}],"twitter_card":"summary_large_image","twitter_misc":{"Est. reading time":"1 minute"},"schema":{"@context":"https:\/\/schema.org","@graph":[{"@type":"WebPage","@id":"https:\/\/timpurinoi.mynomnom.ro\/en\/produs\/vegan-smoked-bean-stew\/","url":"https:\/\/timpurinoi.mynomnom.ro\/en\/produs\/vegan-smoked-bean-stew\/","name":"Vegan smoked bean stew - Nom Nom Bistro - Bucuresti, Timpuri Noi","isPartOf":{"@id":"https:\/\/timpurinoi.mynomnom.ro\/#website"},"primaryImageOfPage":{"@id":"https:\/\/timpurinoi.mynomnom.ro\/en\/produs\/vegan-smoked-bean-stew\/#primaryimage"},"image":{"@id":"https:\/\/timpurinoi.mynomnom.ro\/en\/produs\/vegan-smoked-bean-stew\/#primaryimage"},"thumbnailUrl":"https:\/\/i0.wp.com\/timpurinoi.mynomnom.ro\/wp-content\/uploads\/2026\/02\/IMG_20250923_171342-01_resized_20250923_093147406-scaled.jpeg?fit=1920%2C2560&ssl=1","datePublished":"2020-10-28T13:34:43+00:00","dateModified":"2026-02-20T11:37:19+00:00","breadcrumb":{"@id":"https:\/\/timpurinoi.mynomnom.ro\/en\/produs\/vegan-smoked-bean-stew\/#breadcrumb"},"inLanguage":"en-US","potentialAction":[{"@type":"ReadAction","target":["https:\/\/timpurinoi.mynomnom.ro\/en\/produs\/vegan-smoked-bean-stew\/"]}]},{"@type":"ImageObject","inLanguage":"en-US","@id":"https:\/\/timpurinoi.mynomnom.ro\/en\/produs\/vegan-smoked-bean-stew\/#primaryimage","url":"https:\/\/i0.wp.com\/timpurinoi.mynomnom.ro\/wp-content\/uploads\/2026\/02\/IMG_20250923_171342-01_resized_20250923_093147406-scaled.jpeg?fit=1920%2C2560&ssl=1","contentUrl":"https:\/\/i0.wp.com\/timpurinoi.mynomnom.ro\/wp-content\/uploads\/2026\/02\/IMG_20250923_171342-01_resized_20250923_093147406-scaled.jpeg?fit=1920%2C2560&ssl=1","width":1920,"height":2560},{"@type":"BreadcrumbList","@id":"https:\/\/timpurinoi.mynomnom.ro\/en\/produs\/vegan-smoked-bean-stew\/#breadcrumb","itemListElement":[{"@type":"ListItem","position":1,"name":"Prima pagin\u0103","item":"https:\/\/timpurinoi.mynomnom.ro\/en\/"},{"@type":"ListItem","position":2,"name":"Meniu","item":"https:\/\/timpurinoi.mynomnom.ro\/menu\/"},{"@type":"ListItem","position":3,"name":"Vegan smoked bean stew"}]},{"@type":"WebSite","@id":"https:\/\/timpurinoi.mynomnom.ro\/#website","url":"https:\/\/timpurinoi.mynomnom.ro\/","name":"Nom Nom Bistro - Bucuresti, Timpuri Noi","description":"M\u00e2ncare s\u0103n\u0103toas\u0103 \u00een Bucure\u0219ti - Timpuri noi","potentialAction":[{"@type":"SearchAction","target":{"@type":"EntryPoint","urlTemplate":"https:\/\/timpurinoi.mynomnom.ro\/?s={search_term_string}"},"query-input":{"@type":"PropertyValueSpecification","valueRequired":true,"valueName":"search_term_string"}}],"inLanguage":"en-US"}]}},"jetpack_sharing_enabled":true,"_links":{"self":[{"href":"https:\/\/timpurinoi.mynomnom.ro\/en\/wp-json\/wp\/v2\/product\/2527","targetHints":{"allow":["GET"]}}],"collection":[{"href":"https:\/\/timpurinoi.mynomnom.ro\/en\/wp-json\/wp\/v2\/product"}],"about":[{"href":"https:\/\/timpurinoi.mynomnom.ro\/en\/wp-json\/wp\/v2\/types\/product"}],"wp:featuredmedia":[{"embeddable":true,"href":"https:\/\/timpurinoi.mynomnom.ro\/en\/wp-json\/wp\/v2\/media\/4429"}],"wp:attachment":[{"href":"https:\/\/timpurinoi.mynomnom.ro\/en\/wp-json\/wp\/v2\/media?parent=2527"}],"wp:term":[{"taxonomy":"product_cat","embeddable":true,"href":"https:\/\/timpurinoi.mynomnom.ro\/en\/wp-json\/wp\/v2\/product_cat?post=2527"},{"taxonomy":"product_tag","embeddable":true,"href":"https:\/\/timpurinoi.mynomnom.ro\/en\/wp-json\/wp\/v2\/product_tag?post=2527"}],"curies":[{"name":"wp","href":"https:\/\/api.w.org\/{rel}","templated":true}]}}