{"id":2531,"date":"2023-12-13T16:17:54","date_gmt":"2023-12-13T14:17:54","guid":{"rendered":"https:\/\/timpurinoi.mynomnom.ro\/?post_type=product&#038;p=2531"},"modified":"2025-01-07T16:09:58","modified_gmt":"2025-01-07T14:09:58","slug":"tiramisu","status":"publish","type":"product","link":"https:\/\/timpurinoi.mynomnom.ro\/en\/produs\/tiramisu\/","title":{"rendered":"Tiramisu"},"content":{"rendered":"<p id=\"tw-target-text\" class=\"tw-data-text tw-text-large tw-ta\" dir=\"ltr\" data-placeholder=\"Translation\" data-ved=\"2ahUKEwjolLjmw4yDAxVoSfEDHUQrAqIQ3ewLegQIARAQ\">cashews, coconut cream, soy milk, dates, vanilla and almond essence, coconut oil, digestive biscuits, coffee, alkalized cocoa &#8211; 180gr<\/p>\n<p class=\"tw-data-text tw-text-large tw-ta\" dir=\"ltr\" data-placeholder=\"Translation\" data-ved=\"2ahUKEwjolLjmw4yDAxVoSfEDHUQrAqIQ3ewLegQIARAQ\"><span class=\"Y2IQFc\" lang=\"en\">* sugar-free product<\/span><\/p>\n<p id=\"tw-target-text\" class=\"tw-data-text tw-text-large tw-ta\" dir=\"ltr\" data-placeholder=\"Translation\" data-ved=\"2ahUKEwjolLjmw4yDAxVoSfEDHUQrAqIQ3ewLegQIARAQ\"><span class=\"Y2IQFc\" lang=\"en\">Nutritional values \u200b\u200b\/ 100g: Energy value: 296.79 kcal \/ 1241.76 kJ, Fat: 21.55 g, Saturated fatty acids (from fat): 5.95 g, Carbohydrates: 17.44 g, Sugars (from carbohydrates): 12.71 g, Protein: 7.22 g, Fiber : 1.72 g, Salt: 0.32 g<\/span><\/p>\n","protected":false},"excerpt":{"rendered":"<p id=\"tw-target-text\" class=\"tw-data-text tw-text-large tw-ta\" dir=\"ltr\" data-placeholder=\"Translation\" data-ved=\"2ahUKEwjolLjmw4yDAxVoSfEDHUQrAqIQ3ewLegQIARAQ\">cashews, coconut cream, soy milk, dates, vanilla and almond essence, coconut oil, digestive biscuits, coffee, alkalized cocoa &#8211; 180gr<\/p>\n<p class=\"tw-data-text tw-text-large tw-ta\" dir=\"ltr\" data-placeholder=\"Translation\" data-ved=\"2ahUKEwjolLjmw4yDAxVoSfEDHUQrAqIQ3ewLegQIARAQ\"><span class=\"Y2IQFc\" lang=\"en\">* sugar-free product<\/span><\/p>\n","protected":false},"featured_media":2882,"template":"","meta":[],"product_cat":[48],"product_tag":[],"class_list":{"0":"post-2531","1":"product","2":"type-product","3":"status-publish","4":"has-post-thumbnail","6":"product_menu-fridays-menu","7":"product_menu-mondays-menu","8":"product_menu-saturdays-menu","9":"product_menu-thursdays-menu","10":"product_menu-tuesdays-menu","11":"product_menu-wednesdays-menu","12":"product_cat-desert-en","14":"first","15":"instock","16":"shipping-taxable","17":"purchasable","18":"product-type-simple"},"acf":[],"yoast_head":"<!-- This site is optimized with the Yoast SEO plugin v24.1 - https:\/\/yoast.com\/wordpress\/plugins\/seo\/ -->\n<title>Tiramisu - Nom Nom Bistro - Bucuresti, Timpuri Noi<\/title>\n<meta name=\"robots\" content=\"index, follow, max-snippet:-1, max-image-preview:large, max-video-preview:-1\" \/>\n<link rel=\"canonical\" href=\"https:\/\/timpurinoi.mynomnom.ro\/en\/produs\/tiramisu\/\" \/>\n<meta property=\"og:locale\" content=\"en_US\" \/>\n<meta property=\"og:type\" content=\"article\" \/>\n<meta property=\"og:title\" content=\"Tiramisu - Nom Nom Bistro - Bucuresti, Timpuri Noi\" \/>\n<meta property=\"og:description\" content=\"cashews, coconut cream, soy milk, dates, vanilla and almond essence, coconut oil, digestive biscuits, coffee, alkalized cocoa - 180gr * sugar-free product\" \/>\n<meta property=\"og:url\" content=\"https:\/\/timpurinoi.mynomnom.ro\/en\/produs\/tiramisu\/\" \/>\n<meta property=\"og:site_name\" content=\"Nom Nom Bistro - Bucuresti, Timpuri Noi\" \/>\n<meta property=\"article:modified_time\" content=\"2025-01-07T14:09:58+00:00\" \/>\n<meta property=\"og:image\" content=\"https:\/\/timpurinoi.mynomnom.ro\/wp-content\/uploads\/2024\/06\/IMG_6331.jpg\" \/>\n\t<meta property=\"og:image:width\" content=\"1333\" \/>\n\t<meta property=\"og:image:height\" content=\"2000\" \/>\n\t<meta property=\"og:image:type\" content=\"image\/jpeg\" \/>\n<meta name=\"twitter:card\" content=\"summary_large_image\" \/>\n<meta name=\"twitter:label1\" content=\"Est. reading time\" \/>\n\t<meta name=\"twitter:data1\" content=\"1 minute\" \/>\n<script type=\"application\/ld+json\" class=\"yoast-schema-graph\">{\"@context\":\"https:\/\/schema.org\",\"@graph\":[{\"@type\":\"WebPage\",\"@id\":\"https:\/\/timpurinoi.mynomnom.ro\/en\/produs\/tiramisu\/\",\"url\":\"https:\/\/timpurinoi.mynomnom.ro\/en\/produs\/tiramisu\/\",\"name\":\"Tiramisu - Nom Nom Bistro - Bucuresti, Timpuri Noi\",\"isPartOf\":{\"@id\":\"https:\/\/timpurinoi.mynomnom.ro\/#website\"},\"primaryImageOfPage\":{\"@id\":\"https:\/\/timpurinoi.mynomnom.ro\/en\/produs\/tiramisu\/#primaryimage\"},\"image\":{\"@id\":\"https:\/\/timpurinoi.mynomnom.ro\/en\/produs\/tiramisu\/#primaryimage\"},\"thumbnailUrl\":\"https:\/\/i0.wp.com\/timpurinoi.mynomnom.ro\/wp-content\/uploads\/2024\/06\/IMG_6331.jpg?fit=1333%2C2000&ssl=1\",\"datePublished\":\"2023-12-13T14:17:54+00:00\",\"dateModified\":\"2025-01-07T14:09:58+00:00\",\"breadcrumb\":{\"@id\":\"https:\/\/timpurinoi.mynomnom.ro\/en\/produs\/tiramisu\/#breadcrumb\"},\"inLanguage\":\"en-US\",\"potentialAction\":[{\"@type\":\"ReadAction\",\"target\":[\"https:\/\/timpurinoi.mynomnom.ro\/en\/produs\/tiramisu\/\"]}]},{\"@type\":\"ImageObject\",\"inLanguage\":\"en-US\",\"@id\":\"https:\/\/timpurinoi.mynomnom.ro\/en\/produs\/tiramisu\/#primaryimage\",\"url\":\"https:\/\/i0.wp.com\/timpurinoi.mynomnom.ro\/wp-content\/uploads\/2024\/06\/IMG_6331.jpg?fit=1333%2C2000&ssl=1\",\"contentUrl\":\"https:\/\/i0.wp.com\/timpurinoi.mynomnom.ro\/wp-content\/uploads\/2024\/06\/IMG_6331.jpg?fit=1333%2C2000&ssl=1\",\"width\":1333,\"height\":2000},{\"@type\":\"BreadcrumbList\",\"@id\":\"https:\/\/timpurinoi.mynomnom.ro\/en\/produs\/tiramisu\/#breadcrumb\",\"itemListElement\":[{\"@type\":\"ListItem\",\"position\":1,\"name\":\"Prima pagin\u0103\",\"item\":\"https:\/\/timpurinoi.mynomnom.ro\/en\/\"},{\"@type\":\"ListItem\",\"position\":2,\"name\":\"Meniu\",\"item\":\"https:\/\/timpurinoi.mynomnom.ro\/menu\/\"},{\"@type\":\"ListItem\",\"position\":3,\"name\":\"Tiramisu\"}]},{\"@type\":\"WebSite\",\"@id\":\"https:\/\/timpurinoi.mynomnom.ro\/#website\",\"url\":\"https:\/\/timpurinoi.mynomnom.ro\/\",\"name\":\"Nom Nom Bistro - Bucuresti, Timpuri Noi\",\"description\":\"M\u00e2ncare s\u0103n\u0103toas\u0103 \u00een Bucure\u0219ti - Timpuri noi\",\"potentialAction\":[{\"@type\":\"SearchAction\",\"target\":{\"@type\":\"EntryPoint\",\"urlTemplate\":\"https:\/\/timpurinoi.mynomnom.ro\/?s={search_term_string}\"},\"query-input\":{\"@type\":\"PropertyValueSpecification\",\"valueRequired\":true,\"valueName\":\"search_term_string\"}}],\"inLanguage\":\"en-US\"}]}<\/script>\n<!-- \/ Yoast SEO plugin. -->","yoast_head_json":{"title":"Tiramisu - Nom Nom Bistro - Bucuresti, Timpuri Noi","robots":{"index":"index","follow":"follow","max-snippet":"max-snippet:-1","max-image-preview":"max-image-preview:large","max-video-preview":"max-video-preview:-1"},"canonical":"https:\/\/timpurinoi.mynomnom.ro\/en\/produs\/tiramisu\/","og_locale":"en_US","og_type":"article","og_title":"Tiramisu - Nom Nom Bistro - Bucuresti, Timpuri Noi","og_description":"cashews, coconut cream, soy milk, dates, vanilla and almond essence, coconut oil, digestive biscuits, coffee, alkalized cocoa - 180gr * sugar-free product","og_url":"https:\/\/timpurinoi.mynomnom.ro\/en\/produs\/tiramisu\/","og_site_name":"Nom Nom Bistro - Bucuresti, Timpuri Noi","article_modified_time":"2025-01-07T14:09:58+00:00","og_image":[{"width":1333,"height":2000,"url":"https:\/\/timpurinoi.mynomnom.ro\/wp-content\/uploads\/2024\/06\/IMG_6331.jpg","type":"image\/jpeg"}],"twitter_card":"summary_large_image","twitter_misc":{"Est. reading time":"1 minute"},"schema":{"@context":"https:\/\/schema.org","@graph":[{"@type":"WebPage","@id":"https:\/\/timpurinoi.mynomnom.ro\/en\/produs\/tiramisu\/","url":"https:\/\/timpurinoi.mynomnom.ro\/en\/produs\/tiramisu\/","name":"Tiramisu - Nom Nom Bistro - Bucuresti, Timpuri Noi","isPartOf":{"@id":"https:\/\/timpurinoi.mynomnom.ro\/#website"},"primaryImageOfPage":{"@id":"https:\/\/timpurinoi.mynomnom.ro\/en\/produs\/tiramisu\/#primaryimage"},"image":{"@id":"https:\/\/timpurinoi.mynomnom.ro\/en\/produs\/tiramisu\/#primaryimage"},"thumbnailUrl":"https:\/\/i0.wp.com\/timpurinoi.mynomnom.ro\/wp-content\/uploads\/2024\/06\/IMG_6331.jpg?fit=1333%2C2000&ssl=1","datePublished":"2023-12-13T14:17:54+00:00","dateModified":"2025-01-07T14:09:58+00:00","breadcrumb":{"@id":"https:\/\/timpurinoi.mynomnom.ro\/en\/produs\/tiramisu\/#breadcrumb"},"inLanguage":"en-US","potentialAction":[{"@type":"ReadAction","target":["https:\/\/timpurinoi.mynomnom.ro\/en\/produs\/tiramisu\/"]}]},{"@type":"ImageObject","inLanguage":"en-US","@id":"https:\/\/timpurinoi.mynomnom.ro\/en\/produs\/tiramisu\/#primaryimage","url":"https:\/\/i0.wp.com\/timpurinoi.mynomnom.ro\/wp-content\/uploads\/2024\/06\/IMG_6331.jpg?fit=1333%2C2000&ssl=1","contentUrl":"https:\/\/i0.wp.com\/timpurinoi.mynomnom.ro\/wp-content\/uploads\/2024\/06\/IMG_6331.jpg?fit=1333%2C2000&ssl=1","width":1333,"height":2000},{"@type":"BreadcrumbList","@id":"https:\/\/timpurinoi.mynomnom.ro\/en\/produs\/tiramisu\/#breadcrumb","itemListElement":[{"@type":"ListItem","position":1,"name":"Prima pagin\u0103","item":"https:\/\/timpurinoi.mynomnom.ro\/en\/"},{"@type":"ListItem","position":2,"name":"Meniu","item":"https:\/\/timpurinoi.mynomnom.ro\/menu\/"},{"@type":"ListItem","position":3,"name":"Tiramisu"}]},{"@type":"WebSite","@id":"https:\/\/timpurinoi.mynomnom.ro\/#website","url":"https:\/\/timpurinoi.mynomnom.ro\/","name":"Nom Nom Bistro - Bucuresti, Timpuri Noi","description":"M\u00e2ncare s\u0103n\u0103toas\u0103 \u00een Bucure\u0219ti - Timpuri noi","potentialAction":[{"@type":"SearchAction","target":{"@type":"EntryPoint","urlTemplate":"https:\/\/timpurinoi.mynomnom.ro\/?s={search_term_string}"},"query-input":{"@type":"PropertyValueSpecification","valueRequired":true,"valueName":"search_term_string"}}],"inLanguage":"en-US"}]}},"jetpack_sharing_enabled":true,"_links":{"self":[{"href":"https:\/\/timpurinoi.mynomnom.ro\/en\/wp-json\/wp\/v2\/product\/2531","targetHints":{"allow":["GET"]}}],"collection":[{"href":"https:\/\/timpurinoi.mynomnom.ro\/en\/wp-json\/wp\/v2\/product"}],"about":[{"href":"https:\/\/timpurinoi.mynomnom.ro\/en\/wp-json\/wp\/v2\/types\/product"}],"wp:featuredmedia":[{"embeddable":true,"href":"https:\/\/timpurinoi.mynomnom.ro\/en\/wp-json\/wp\/v2\/media\/2882"}],"wp:attachment":[{"href":"https:\/\/timpurinoi.mynomnom.ro\/en\/wp-json\/wp\/v2\/media?parent=2531"}],"wp:term":[{"taxonomy":"product_cat","embeddable":true,"href":"https:\/\/timpurinoi.mynomnom.ro\/en\/wp-json\/wp\/v2\/product_cat?post=2531"},{"taxonomy":"product_tag","embeddable":true,"href":"https:\/\/timpurinoi.mynomnom.ro\/en\/wp-json\/wp\/v2\/product_tag?post=2531"}],"curies":[{"name":"wp","href":"https:\/\/api.w.org\/{rel}","templated":true}]}}