{"id":3977,"date":"2025-07-12T13:41:13","date_gmt":"2025-07-12T10:41:13","guid":{"rendered":"https:\/\/timpurinoi.mynomnom.ro\/?post_type=product&#038;p=3977"},"modified":"2026-02-02T14:22:52","modified_gmt":"2026-02-02T12:22:52","slug":"supa-crema-de-praz","status":"publish","type":"product","link":"https:\/\/timpurinoi.mynomnom.ro\/en\/produs\/supa-crema-de-praz\/","title":{"rendered":"Sup\u0103 crem\u0103 de praz"},"content":{"rendered":"<p>praz, cartofi, \u021belin\u0103, p\u0103st\u00e2rnac, lapte de soia, usturoi, ulei de m\u0103sline, boia afumat\u0103, sare, piper &#8211; 300g<br \/>\n*produs f\u0103r\u0103 gluten<\/p>\n<p>*produs de post<\/p>\n<p>Valori nutri\u021bionale \/ 100g: Valoarea energetic\u0103: 37.34 kcal \/ 156.21 kJ, Gr\u0103simi: 0.16 g, Acizi gra\u0219i satura\u021bi (din grasimi): 0.14 g, Glucide: 6.90 g, Zaharuri (din glucide): 0.72 g, Proteine: 2.24 g, Fibre: 2.31 g, Sare: 0.20 g<\/p>\n","protected":false},"excerpt":{"rendered":"<p>praz, cartofi, \u021belin\u0103, p\u0103st\u00e2rnac, lapte de soia, usturoi, ulei de m\u0103sline, boia afumat\u0103, sare, piper &#8211; 300g<br \/>\n*produs f\u0103r\u0103 gluten<\/p>\n","protected":false},"featured_media":4424,"template":"","meta":[],"product_cat":[15],"product_tag":[],"class_list":{"0":"post-3977","1":"product","2":"type-product","3":"status-publish","4":"has-post-thumbnail","6":"product_menu-meniul-joi","7":"product_cat-supe","9":"first","10":"instock","11":"shipping-taxable","12":"purchasable","13":"product-type-simple"},"acf":[],"yoast_head":"<!-- This site is optimized with the Yoast SEO plugin v24.1 - https:\/\/yoast.com\/wordpress\/plugins\/seo\/ -->\n<title>Sup\u0103 crem\u0103 de praz - Nom Nom Bistro - Bucuresti, Timpuri Noi<\/title>\n<meta name=\"robots\" content=\"index, follow, max-snippet:-1, max-image-preview:large, max-video-preview:-1\" \/>\n<link rel=\"canonical\" href=\"https:\/\/timpurinoi.mynomnom.ro\/produs\/supa-crema-de-praz\/\" \/>\n<meta property=\"og:locale\" content=\"en_US\" \/>\n<meta property=\"og:type\" content=\"article\" \/>\n<meta property=\"og:title\" content=\"Sup\u0103 crem\u0103 de praz - Nom Nom Bistro - Bucuresti, Timpuri Noi\" \/>\n<meta property=\"og:description\" content=\"praz, cartofi, \u021belin\u0103, p\u0103st\u00e2rnac, lapte de soia, usturoi, ulei de m\u0103sline, boia afumat\u0103, sare, piper - 300g *produs f\u0103r\u0103 gluten\" \/>\n<meta property=\"og:url\" content=\"https:\/\/timpurinoi.mynomnom.ro\/produs\/supa-crema-de-praz\/\" \/>\n<meta property=\"og:site_name\" content=\"Nom Nom Bistro - Bucuresti, Timpuri Noi\" \/>\n<meta property=\"article:modified_time\" content=\"2026-02-02T12:22:52+00:00\" \/>\n<meta property=\"og:image\" content=\"https:\/\/timpurinoi.mynomnom.ro\/wp-content\/uploads\/2026\/02\/IMG_20250901_164947-01_resized_20250901_045443024-scaled.jpeg\" \/>\n\t<meta property=\"og:image:width\" content=\"1920\" \/>\n\t<meta property=\"og:image:height\" content=\"2560\" \/>\n\t<meta property=\"og:image:type\" content=\"image\/jpeg\" \/>\n<meta name=\"twitter:card\" content=\"summary_large_image\" \/>\n<meta name=\"twitter:label1\" content=\"Est. reading time\" \/>\n\t<meta name=\"twitter:data1\" content=\"1 minute\" \/>\n<script type=\"application\/ld+json\" class=\"yoast-schema-graph\">{\"@context\":\"https:\/\/schema.org\",\"@graph\":[{\"@type\":\"WebPage\",\"@id\":\"https:\/\/timpurinoi.mynomnom.ro\/produs\/supa-crema-de-praz\/\",\"url\":\"https:\/\/timpurinoi.mynomnom.ro\/produs\/supa-crema-de-praz\/\",\"name\":\"Sup\u0103 crem\u0103 de praz - Nom Nom Bistro - Bucuresti, Timpuri Noi\",\"isPartOf\":{\"@id\":\"https:\/\/timpurinoi.mynomnom.ro\/#website\"},\"primaryImageOfPage\":{\"@id\":\"https:\/\/timpurinoi.mynomnom.ro\/produs\/supa-crema-de-praz\/#primaryimage\"},\"image\":{\"@id\":\"https:\/\/timpurinoi.mynomnom.ro\/produs\/supa-crema-de-praz\/#primaryimage\"},\"thumbnailUrl\":\"https:\/\/i0.wp.com\/timpurinoi.mynomnom.ro\/wp-content\/uploads\/2026\/02\/IMG_20250901_164947-01_resized_20250901_045443024-scaled.jpeg?fit=1920%2C2560&ssl=1\",\"datePublished\":\"2025-07-12T10:41:13+00:00\",\"dateModified\":\"2026-02-02T12:22:52+00:00\",\"breadcrumb\":{\"@id\":\"https:\/\/timpurinoi.mynomnom.ro\/produs\/supa-crema-de-praz\/#breadcrumb\"},\"inLanguage\":\"en-US\",\"potentialAction\":[{\"@type\":\"ReadAction\",\"target\":[\"https:\/\/timpurinoi.mynomnom.ro\/produs\/supa-crema-de-praz\/\"]}]},{\"@type\":\"ImageObject\",\"inLanguage\":\"en-US\",\"@id\":\"https:\/\/timpurinoi.mynomnom.ro\/produs\/supa-crema-de-praz\/#primaryimage\",\"url\":\"https:\/\/i0.wp.com\/timpurinoi.mynomnom.ro\/wp-content\/uploads\/2026\/02\/IMG_20250901_164947-01_resized_20250901_045443024-scaled.jpeg?fit=1920%2C2560&ssl=1\",\"contentUrl\":\"https:\/\/i0.wp.com\/timpurinoi.mynomnom.ro\/wp-content\/uploads\/2026\/02\/IMG_20250901_164947-01_resized_20250901_045443024-scaled.jpeg?fit=1920%2C2560&ssl=1\",\"width\":1920,\"height\":2560},{\"@type\":\"BreadcrumbList\",\"@id\":\"https:\/\/timpurinoi.mynomnom.ro\/produs\/supa-crema-de-praz\/#breadcrumb\",\"itemListElement\":[{\"@type\":\"ListItem\",\"position\":1,\"name\":\"Prima pagin\u0103\",\"item\":\"https:\/\/timpurinoi.mynomnom.ro\/en\/\"},{\"@type\":\"ListItem\",\"position\":2,\"name\":\"Meniu\",\"item\":\"https:\/\/timpurinoi.mynomnom.ro\/menu\/\"},{\"@type\":\"ListItem\",\"position\":3,\"name\":\"Sup\u0103 crem\u0103 de praz\"}]},{\"@type\":\"WebSite\",\"@id\":\"https:\/\/timpurinoi.mynomnom.ro\/#website\",\"url\":\"https:\/\/timpurinoi.mynomnom.ro\/\",\"name\":\"Nom Nom Bistro - Bucuresti, Timpuri Noi\",\"description\":\"M\u00e2ncare s\u0103n\u0103toas\u0103 \u00een Bucure\u0219ti - Timpuri noi\",\"potentialAction\":[{\"@type\":\"SearchAction\",\"target\":{\"@type\":\"EntryPoint\",\"urlTemplate\":\"https:\/\/timpurinoi.mynomnom.ro\/?s={search_term_string}\"},\"query-input\":{\"@type\":\"PropertyValueSpecification\",\"valueRequired\":true,\"valueName\":\"search_term_string\"}}],\"inLanguage\":\"en-US\"}]}<\/script>\n<!-- \/ Yoast SEO plugin. -->","yoast_head_json":{"title":"Sup\u0103 crem\u0103 de praz - Nom Nom Bistro - Bucuresti, Timpuri Noi","robots":{"index":"index","follow":"follow","max-snippet":"max-snippet:-1","max-image-preview":"max-image-preview:large","max-video-preview":"max-video-preview:-1"},"canonical":"https:\/\/timpurinoi.mynomnom.ro\/produs\/supa-crema-de-praz\/","og_locale":"en_US","og_type":"article","og_title":"Sup\u0103 crem\u0103 de praz - Nom Nom Bistro - Bucuresti, Timpuri Noi","og_description":"praz, cartofi, \u021belin\u0103, p\u0103st\u00e2rnac, lapte de soia, usturoi, ulei de m\u0103sline, boia afumat\u0103, sare, piper - 300g *produs f\u0103r\u0103 gluten","og_url":"https:\/\/timpurinoi.mynomnom.ro\/produs\/supa-crema-de-praz\/","og_site_name":"Nom Nom Bistro - Bucuresti, Timpuri Noi","article_modified_time":"2026-02-02T12:22:52+00:00","og_image":[{"width":1920,"height":2560,"url":"https:\/\/timpurinoi.mynomnom.ro\/wp-content\/uploads\/2026\/02\/IMG_20250901_164947-01_resized_20250901_045443024-scaled.jpeg","type":"image\/jpeg"}],"twitter_card":"summary_large_image","twitter_misc":{"Est. reading time":"1 minute"},"schema":{"@context":"https:\/\/schema.org","@graph":[{"@type":"WebPage","@id":"https:\/\/timpurinoi.mynomnom.ro\/produs\/supa-crema-de-praz\/","url":"https:\/\/timpurinoi.mynomnom.ro\/produs\/supa-crema-de-praz\/","name":"Sup\u0103 crem\u0103 de praz - Nom Nom Bistro - Bucuresti, Timpuri Noi","isPartOf":{"@id":"https:\/\/timpurinoi.mynomnom.ro\/#website"},"primaryImageOfPage":{"@id":"https:\/\/timpurinoi.mynomnom.ro\/produs\/supa-crema-de-praz\/#primaryimage"},"image":{"@id":"https:\/\/timpurinoi.mynomnom.ro\/produs\/supa-crema-de-praz\/#primaryimage"},"thumbnailUrl":"https:\/\/i0.wp.com\/timpurinoi.mynomnom.ro\/wp-content\/uploads\/2026\/02\/IMG_20250901_164947-01_resized_20250901_045443024-scaled.jpeg?fit=1920%2C2560&ssl=1","datePublished":"2025-07-12T10:41:13+00:00","dateModified":"2026-02-02T12:22:52+00:00","breadcrumb":{"@id":"https:\/\/timpurinoi.mynomnom.ro\/produs\/supa-crema-de-praz\/#breadcrumb"},"inLanguage":"en-US","potentialAction":[{"@type":"ReadAction","target":["https:\/\/timpurinoi.mynomnom.ro\/produs\/supa-crema-de-praz\/"]}]},{"@type":"ImageObject","inLanguage":"en-US","@id":"https:\/\/timpurinoi.mynomnom.ro\/produs\/supa-crema-de-praz\/#primaryimage","url":"https:\/\/i0.wp.com\/timpurinoi.mynomnom.ro\/wp-content\/uploads\/2026\/02\/IMG_20250901_164947-01_resized_20250901_045443024-scaled.jpeg?fit=1920%2C2560&ssl=1","contentUrl":"https:\/\/i0.wp.com\/timpurinoi.mynomnom.ro\/wp-content\/uploads\/2026\/02\/IMG_20250901_164947-01_resized_20250901_045443024-scaled.jpeg?fit=1920%2C2560&ssl=1","width":1920,"height":2560},{"@type":"BreadcrumbList","@id":"https:\/\/timpurinoi.mynomnom.ro\/produs\/supa-crema-de-praz\/#breadcrumb","itemListElement":[{"@type":"ListItem","position":1,"name":"Prima pagin\u0103","item":"https:\/\/timpurinoi.mynomnom.ro\/en\/"},{"@type":"ListItem","position":2,"name":"Meniu","item":"https:\/\/timpurinoi.mynomnom.ro\/menu\/"},{"@type":"ListItem","position":3,"name":"Sup\u0103 crem\u0103 de praz"}]},{"@type":"WebSite","@id":"https:\/\/timpurinoi.mynomnom.ro\/#website","url":"https:\/\/timpurinoi.mynomnom.ro\/","name":"Nom Nom Bistro - Bucuresti, Timpuri Noi","description":"M\u00e2ncare s\u0103n\u0103toas\u0103 \u00een Bucure\u0219ti - Timpuri noi","potentialAction":[{"@type":"SearchAction","target":{"@type":"EntryPoint","urlTemplate":"https:\/\/timpurinoi.mynomnom.ro\/?s={search_term_string}"},"query-input":{"@type":"PropertyValueSpecification","valueRequired":true,"valueName":"search_term_string"}}],"inLanguage":"en-US"}]}},"jetpack_sharing_enabled":true,"_links":{"self":[{"href":"https:\/\/timpurinoi.mynomnom.ro\/en\/wp-json\/wp\/v2\/product\/3977","targetHints":{"allow":["GET"]}}],"collection":[{"href":"https:\/\/timpurinoi.mynomnom.ro\/en\/wp-json\/wp\/v2\/product"}],"about":[{"href":"https:\/\/timpurinoi.mynomnom.ro\/en\/wp-json\/wp\/v2\/types\/product"}],"wp:featuredmedia":[{"embeddable":true,"href":"https:\/\/timpurinoi.mynomnom.ro\/en\/wp-json\/wp\/v2\/media\/4424"}],"wp:attachment":[{"href":"https:\/\/timpurinoi.mynomnom.ro\/en\/wp-json\/wp\/v2\/media?parent=3977"}],"wp:term":[{"taxonomy":"product_cat","embeddable":true,"href":"https:\/\/timpurinoi.mynomnom.ro\/en\/wp-json\/wp\/v2\/product_cat?post=3977"},{"taxonomy":"product_tag","embeddable":true,"href":"https:\/\/timpurinoi.mynomnom.ro\/en\/wp-json\/wp\/v2\/product_tag?post=3977"}],"curies":[{"name":"wp","href":"https:\/\/api.w.org\/{rel}","templated":true}]}}