{"id":3979,"date":"2025-07-12T14:06:29","date_gmt":"2025-07-12T11:06:29","guid":{"rendered":"https:\/\/timpurinoi.mynomnom.ro\/?post_type=product&#038;p=3979"},"modified":"2026-04-02T20:51:51","modified_gmt":"2026-04-02T17:51:51","slug":"falafel-cu-salata-de-cruditati-2","status":"publish","type":"product","link":"https:\/\/timpurinoi.mynomnom.ro\/en\/produs\/falafel-cu-salata-de-cruditati-2\/","title":{"rendered":"Falafel cu salat\u0103 de crudit\u0103\u021bi"},"content":{"rendered":"<p>n\u0103ut, ceap\u0103, p\u0103trunjel, coriandru, usturoi, avocado, salata, broccoli, morcov, ardei, dressing maionez\u0103 vegan\u0103 \u2013 350 gr<br \/>\n*produs far\u0103 gluten<\/p>\n<p>Valori nutri\u021bionale \/ 100g: Valoarea energetic\u0103: 95.68 kcal \/ 400.32 kJ, Gr\u0103simi: 3.79 g, Acizi gra\u0219i satura\u021bi (din grasimi): 0.55 g, Glucide: 10.64 g, Zaharuri (din glucide): 2.06 g, Proteine: 3.81 g, Fibre: 3.98 g, Sare: 1.06 g<\/p>\n","protected":false},"excerpt":{"rendered":"<p>n\u0103ut, ceap\u0103, p\u0103trunjel, coriandru, usturoi, avocado, salata, broccoli, morcov, ardei, dressing maionez\u0103 vegan\u0103 \u2013 350 gr<br \/>\n*produs far\u0103 gluten<\/p>\n","protected":false},"featured_media":4593,"template":"","meta":[],"product_cat":[38],"product_tag":[],"class_list":{"0":"post-3979","1":"product","2":"type-product","3":"status-publish","4":"has-post-thumbnail","6":"product_menu-meniul-joi","7":"product_menu-meniul-luni","8":"product_menu-meniul-marti","9":"product_menu-meniul-miercuri","10":"product_menu-meniul-sambata","11":"product_menu-meniul-vineri","12":"product_cat-aperitive","14":"first","15":"instock","16":"shipping-taxable","17":"purchasable","18":"product-type-simple"},"acf":[],"yoast_head":"<!-- This site is optimized with the Yoast SEO plugin v24.1 - https:\/\/yoast.com\/wordpress\/plugins\/seo\/ -->\n<title>Falafel cu salat\u0103 de crudit\u0103\u021bi - Nom Nom Bistro - Bucuresti, Timpuri Noi<\/title>\n<meta name=\"robots\" content=\"index, follow, max-snippet:-1, max-image-preview:large, max-video-preview:-1\" \/>\n<link rel=\"canonical\" href=\"https:\/\/timpurinoi.mynomnom.ro\/produs\/falafel-cu-salata-de-cruditati-2\/\" \/>\n<meta property=\"og:locale\" content=\"en_US\" \/>\n<meta property=\"og:type\" content=\"article\" \/>\n<meta property=\"og:title\" content=\"Falafel cu salat\u0103 de crudit\u0103\u021bi - Nom Nom Bistro - Bucuresti, Timpuri Noi\" \/>\n<meta property=\"og:description\" content=\"n\u0103ut, ceap\u0103, p\u0103trunjel, coriandru, usturoi, avocado, salata, broccoli, morcov, ardei, dressing maionez\u0103 vegan\u0103 \u2013 350 gr *produs far\u0103 gluten\" \/>\n<meta property=\"og:url\" content=\"https:\/\/timpurinoi.mynomnom.ro\/produs\/falafel-cu-salata-de-cruditati-2\/\" \/>\n<meta property=\"og:site_name\" content=\"Nom Nom Bistro - Bucuresti, Timpuri Noi\" \/>\n<meta property=\"article:modified_time\" content=\"2026-04-02T17:51:51+00:00\" \/>\n<meta property=\"og:image\" content=\"https:\/\/timpurinoi.mynomnom.ro\/wp-content\/uploads\/2026\/04\/falafel-site.jpg\" \/>\n\t<meta property=\"og:image:width\" content=\"1200\" \/>\n\t<meta property=\"og:image:height\" content=\"800\" \/>\n\t<meta property=\"og:image:type\" content=\"image\/jpeg\" \/>\n<meta name=\"twitter:card\" content=\"summary_large_image\" \/>\n<meta name=\"twitter:label1\" content=\"Est. reading time\" \/>\n\t<meta name=\"twitter:data1\" content=\"1 minute\" \/>\n<script type=\"application\/ld+json\" class=\"yoast-schema-graph\">{\"@context\":\"https:\/\/schema.org\",\"@graph\":[{\"@type\":\"WebPage\",\"@id\":\"https:\/\/timpurinoi.mynomnom.ro\/produs\/falafel-cu-salata-de-cruditati-2\/\",\"url\":\"https:\/\/timpurinoi.mynomnom.ro\/produs\/falafel-cu-salata-de-cruditati-2\/\",\"name\":\"Falafel cu salat\u0103 de crudit\u0103\u021bi - Nom Nom Bistro - Bucuresti, Timpuri Noi\",\"isPartOf\":{\"@id\":\"https:\/\/timpurinoi.mynomnom.ro\/#website\"},\"primaryImageOfPage\":{\"@id\":\"https:\/\/timpurinoi.mynomnom.ro\/produs\/falafel-cu-salata-de-cruditati-2\/#primaryimage\"},\"image\":{\"@id\":\"https:\/\/timpurinoi.mynomnom.ro\/produs\/falafel-cu-salata-de-cruditati-2\/#primaryimage\"},\"thumbnailUrl\":\"https:\/\/i0.wp.com\/timpurinoi.mynomnom.ro\/wp-content\/uploads\/2026\/04\/falafel-site.jpg?fit=1200%2C800&ssl=1\",\"datePublished\":\"2025-07-12T11:06:29+00:00\",\"dateModified\":\"2026-04-02T17:51:51+00:00\",\"breadcrumb\":{\"@id\":\"https:\/\/timpurinoi.mynomnom.ro\/produs\/falafel-cu-salata-de-cruditati-2\/#breadcrumb\"},\"inLanguage\":\"en-US\",\"potentialAction\":[{\"@type\":\"ReadAction\",\"target\":[\"https:\/\/timpurinoi.mynomnom.ro\/produs\/falafel-cu-salata-de-cruditati-2\/\"]}]},{\"@type\":\"ImageObject\",\"inLanguage\":\"en-US\",\"@id\":\"https:\/\/timpurinoi.mynomnom.ro\/produs\/falafel-cu-salata-de-cruditati-2\/#primaryimage\",\"url\":\"https:\/\/i0.wp.com\/timpurinoi.mynomnom.ro\/wp-content\/uploads\/2026\/04\/falafel-site.jpg?fit=1200%2C800&ssl=1\",\"contentUrl\":\"https:\/\/i0.wp.com\/timpurinoi.mynomnom.ro\/wp-content\/uploads\/2026\/04\/falafel-site.jpg?fit=1200%2C800&ssl=1\",\"width\":1200,\"height\":800},{\"@type\":\"BreadcrumbList\",\"@id\":\"https:\/\/timpurinoi.mynomnom.ro\/produs\/falafel-cu-salata-de-cruditati-2\/#breadcrumb\",\"itemListElement\":[{\"@type\":\"ListItem\",\"position\":1,\"name\":\"Prima pagin\u0103\",\"item\":\"https:\/\/timpurinoi.mynomnom.ro\/en\/\"},{\"@type\":\"ListItem\",\"position\":2,\"name\":\"Meniu\",\"item\":\"https:\/\/timpurinoi.mynomnom.ro\/menu\/\"},{\"@type\":\"ListItem\",\"position\":3,\"name\":\"Falafel cu salat\u0103 de crudit\u0103\u021bi\"}]},{\"@type\":\"WebSite\",\"@id\":\"https:\/\/timpurinoi.mynomnom.ro\/#website\",\"url\":\"https:\/\/timpurinoi.mynomnom.ro\/\",\"name\":\"Nom Nom Bistro - Bucuresti, Timpuri Noi\",\"description\":\"M\u00e2ncare s\u0103n\u0103toas\u0103 \u00een Bucure\u0219ti - Timpuri noi\",\"potentialAction\":[{\"@type\":\"SearchAction\",\"target\":{\"@type\":\"EntryPoint\",\"urlTemplate\":\"https:\/\/timpurinoi.mynomnom.ro\/?s={search_term_string}\"},\"query-input\":{\"@type\":\"PropertyValueSpecification\",\"valueRequired\":true,\"valueName\":\"search_term_string\"}}],\"inLanguage\":\"en-US\"}]}<\/script>\n<!-- \/ Yoast SEO plugin. -->","yoast_head_json":{"title":"Falafel cu salat\u0103 de crudit\u0103\u021bi - Nom Nom Bistro - Bucuresti, Timpuri Noi","robots":{"index":"index","follow":"follow","max-snippet":"max-snippet:-1","max-image-preview":"max-image-preview:large","max-video-preview":"max-video-preview:-1"},"canonical":"https:\/\/timpurinoi.mynomnom.ro\/produs\/falafel-cu-salata-de-cruditati-2\/","og_locale":"en_US","og_type":"article","og_title":"Falafel cu salat\u0103 de crudit\u0103\u021bi - Nom Nom Bistro - Bucuresti, Timpuri Noi","og_description":"n\u0103ut, ceap\u0103, p\u0103trunjel, coriandru, usturoi, avocado, salata, broccoli, morcov, ardei, dressing maionez\u0103 vegan\u0103 \u2013 350 gr *produs far\u0103 gluten","og_url":"https:\/\/timpurinoi.mynomnom.ro\/produs\/falafel-cu-salata-de-cruditati-2\/","og_site_name":"Nom Nom Bistro - Bucuresti, Timpuri Noi","article_modified_time":"2026-04-02T17:51:51+00:00","og_image":[{"width":1200,"height":800,"url":"https:\/\/timpurinoi.mynomnom.ro\/wp-content\/uploads\/2026\/04\/falafel-site.jpg","type":"image\/jpeg"}],"twitter_card":"summary_large_image","twitter_misc":{"Est. reading time":"1 minute"},"schema":{"@context":"https:\/\/schema.org","@graph":[{"@type":"WebPage","@id":"https:\/\/timpurinoi.mynomnom.ro\/produs\/falafel-cu-salata-de-cruditati-2\/","url":"https:\/\/timpurinoi.mynomnom.ro\/produs\/falafel-cu-salata-de-cruditati-2\/","name":"Falafel cu salat\u0103 de crudit\u0103\u021bi - Nom Nom Bistro - Bucuresti, Timpuri Noi","isPartOf":{"@id":"https:\/\/timpurinoi.mynomnom.ro\/#website"},"primaryImageOfPage":{"@id":"https:\/\/timpurinoi.mynomnom.ro\/produs\/falafel-cu-salata-de-cruditati-2\/#primaryimage"},"image":{"@id":"https:\/\/timpurinoi.mynomnom.ro\/produs\/falafel-cu-salata-de-cruditati-2\/#primaryimage"},"thumbnailUrl":"https:\/\/i0.wp.com\/timpurinoi.mynomnom.ro\/wp-content\/uploads\/2026\/04\/falafel-site.jpg?fit=1200%2C800&ssl=1","datePublished":"2025-07-12T11:06:29+00:00","dateModified":"2026-04-02T17:51:51+00:00","breadcrumb":{"@id":"https:\/\/timpurinoi.mynomnom.ro\/produs\/falafel-cu-salata-de-cruditati-2\/#breadcrumb"},"inLanguage":"en-US","potentialAction":[{"@type":"ReadAction","target":["https:\/\/timpurinoi.mynomnom.ro\/produs\/falafel-cu-salata-de-cruditati-2\/"]}]},{"@type":"ImageObject","inLanguage":"en-US","@id":"https:\/\/timpurinoi.mynomnom.ro\/produs\/falafel-cu-salata-de-cruditati-2\/#primaryimage","url":"https:\/\/i0.wp.com\/timpurinoi.mynomnom.ro\/wp-content\/uploads\/2026\/04\/falafel-site.jpg?fit=1200%2C800&ssl=1","contentUrl":"https:\/\/i0.wp.com\/timpurinoi.mynomnom.ro\/wp-content\/uploads\/2026\/04\/falafel-site.jpg?fit=1200%2C800&ssl=1","width":1200,"height":800},{"@type":"BreadcrumbList","@id":"https:\/\/timpurinoi.mynomnom.ro\/produs\/falafel-cu-salata-de-cruditati-2\/#breadcrumb","itemListElement":[{"@type":"ListItem","position":1,"name":"Prima pagin\u0103","item":"https:\/\/timpurinoi.mynomnom.ro\/en\/"},{"@type":"ListItem","position":2,"name":"Meniu","item":"https:\/\/timpurinoi.mynomnom.ro\/menu\/"},{"@type":"ListItem","position":3,"name":"Falafel cu salat\u0103 de crudit\u0103\u021bi"}]},{"@type":"WebSite","@id":"https:\/\/timpurinoi.mynomnom.ro\/#website","url":"https:\/\/timpurinoi.mynomnom.ro\/","name":"Nom Nom Bistro - Bucuresti, Timpuri Noi","description":"M\u00e2ncare s\u0103n\u0103toas\u0103 \u00een Bucure\u0219ti - Timpuri noi","potentialAction":[{"@type":"SearchAction","target":{"@type":"EntryPoint","urlTemplate":"https:\/\/timpurinoi.mynomnom.ro\/?s={search_term_string}"},"query-input":{"@type":"PropertyValueSpecification","valueRequired":true,"valueName":"search_term_string"}}],"inLanguage":"en-US"}]}},"jetpack_sharing_enabled":true,"_links":{"self":[{"href":"https:\/\/timpurinoi.mynomnom.ro\/en\/wp-json\/wp\/v2\/product\/3979","targetHints":{"allow":["GET"]}}],"collection":[{"href":"https:\/\/timpurinoi.mynomnom.ro\/en\/wp-json\/wp\/v2\/product"}],"about":[{"href":"https:\/\/timpurinoi.mynomnom.ro\/en\/wp-json\/wp\/v2\/types\/product"}],"wp:featuredmedia":[{"embeddable":true,"href":"https:\/\/timpurinoi.mynomnom.ro\/en\/wp-json\/wp\/v2\/media\/4593"}],"wp:attachment":[{"href":"https:\/\/timpurinoi.mynomnom.ro\/en\/wp-json\/wp\/v2\/media?parent=3979"}],"wp:term":[{"taxonomy":"product_cat","embeddable":true,"href":"https:\/\/timpurinoi.mynomnom.ro\/en\/wp-json\/wp\/v2\/product_cat?post=3979"},{"taxonomy":"product_tag","embeddable":true,"href":"https:\/\/timpurinoi.mynomnom.ro\/en\/wp-json\/wp\/v2\/product_tag?post=3979"}],"curies":[{"name":"wp","href":"https:\/\/api.w.org\/{rel}","templated":true}]}}