{"id":3981,"date":"2025-07-12T14:56:35","date_gmt":"2025-07-12T11:56:35","guid":{"rendered":"https:\/\/timpurinoi.mynomnom.ro\/?post_type=product&#038;p=3981"},"modified":"2026-02-02T14:30:16","modified_gmt":"2026-02-02T12:30:16","slug":"ciulama-de-ciuperci-cu-mamaliguta","status":"publish","type":"product","link":"https:\/\/timpurinoi.mynomnom.ro\/en\/produs\/ciulama-de-ciuperci-cu-mamaliguta\/","title":{"rendered":"Ciulama de ciuperci cu m\u0103m\u0103ligu\u021b\u0103"},"content":{"rendered":"<p>ciuperci, m\u0103m\u0103lig\u0103, lapte de soia, sm\u00e2nt\u00e2n\u0103 vegetal\u0103, amidon de tapioca, ceap\u0103, usturoi, turmeric, m\u0103rar, sare, piper &#8211; 350 gr<br \/>\n*produs f\u0103r\u0103 gluten<\/p>\n<p>*produs de post<\/p>\n<p>Valori nutri\u021bionale \/ 100g: Valoarea energetic\u0103: 178.00 kcal \/ 744.74 kJ, Gr\u0103simi: 4.89 g, Acizi gra\u0219i satura\u021bi (din grasimi): 0.35 g, Glucide: 25.76 g, Zaharuri (din glucide): 2.75 g, Proteine: 8.56 g, Fibre: 3.93 g, Sare: 0.51 g<\/p>\n","protected":false},"excerpt":{"rendered":"<p>ciuperci, m\u0103m\u0103lig\u0103, lapte de soia, sm\u00e2nt\u00e2n\u0103 vegetal\u0103, amidon de tapioca, ceap\u0103, usturoi, turmeric, m\u0103rar, sare, piper &#8211; 350 gr<br \/>\n*produs f\u0103r\u0103 gluten<\/p>\n","protected":false},"featured_media":4411,"template":"","meta":[],"product_cat":[24],"product_tag":[],"class_list":{"0":"post-3981","1":"product","2":"type-product","3":"status-publish","4":"has-post-thumbnail","6":"product_menu-meniul-luni","7":"product_cat-fel-principal","9":"first","10":"instock","11":"shipping-taxable","12":"purchasable","13":"product-type-simple"},"acf":[],"yoast_head":"<!-- This site is optimized with the Yoast SEO plugin v24.1 - https:\/\/yoast.com\/wordpress\/plugins\/seo\/ -->\n<title>Ciulama de ciuperci cu m\u0103m\u0103ligu\u021b\u0103 - Nom Nom Bistro - Bucuresti, Timpuri Noi<\/title>\n<meta name=\"robots\" content=\"index, follow, max-snippet:-1, max-image-preview:large, max-video-preview:-1\" \/>\n<link rel=\"canonical\" href=\"https:\/\/timpurinoi.mynomnom.ro\/produs\/ciulama-de-ciuperci-cu-mamaliguta\/\" \/>\n<meta property=\"og:locale\" content=\"en_US\" \/>\n<meta property=\"og:type\" content=\"article\" \/>\n<meta property=\"og:title\" content=\"Ciulama de ciuperci cu m\u0103m\u0103ligu\u021b\u0103 - Nom Nom Bistro - Bucuresti, Timpuri Noi\" \/>\n<meta property=\"og:description\" content=\"ciuperci, m\u0103m\u0103lig\u0103, lapte de soia, sm\u00e2nt\u00e2n\u0103 vegetal\u0103, amidon de tapioca, ceap\u0103, usturoi, turmeric, m\u0103rar, sare, piper - 350 gr *produs f\u0103r\u0103 gluten\" \/>\n<meta property=\"og:url\" content=\"https:\/\/timpurinoi.mynomnom.ro\/produs\/ciulama-de-ciuperci-cu-mamaliguta\/\" \/>\n<meta property=\"og:site_name\" content=\"Nom Nom Bistro - Bucuresti, Timpuri Noi\" \/>\n<meta property=\"article:modified_time\" content=\"2026-02-02T12:30:16+00:00\" \/>\n<meta property=\"og:image\" content=\"https:\/\/timpurinoi.mynomnom.ro\/wp-content\/uploads\/2026\/02\/Ciulama.jpeg\" \/>\n\t<meta property=\"og:image:width\" content=\"1500\" \/>\n\t<meta property=\"og:image:height\" content=\"2000\" \/>\n\t<meta property=\"og:image:type\" content=\"image\/jpeg\" \/>\n<meta name=\"twitter:card\" content=\"summary_large_image\" \/>\n<meta name=\"twitter:label1\" content=\"Est. reading time\" \/>\n\t<meta name=\"twitter:data1\" content=\"1 minute\" \/>\n<script type=\"application\/ld+json\" class=\"yoast-schema-graph\">{\"@context\":\"https:\/\/schema.org\",\"@graph\":[{\"@type\":\"WebPage\",\"@id\":\"https:\/\/timpurinoi.mynomnom.ro\/produs\/ciulama-de-ciuperci-cu-mamaliguta\/\",\"url\":\"https:\/\/timpurinoi.mynomnom.ro\/produs\/ciulama-de-ciuperci-cu-mamaliguta\/\",\"name\":\"Ciulama de ciuperci cu m\u0103m\u0103ligu\u021b\u0103 - Nom Nom Bistro - Bucuresti, Timpuri Noi\",\"isPartOf\":{\"@id\":\"https:\/\/timpurinoi.mynomnom.ro\/#website\"},\"primaryImageOfPage\":{\"@id\":\"https:\/\/timpurinoi.mynomnom.ro\/produs\/ciulama-de-ciuperci-cu-mamaliguta\/#primaryimage\"},\"image\":{\"@id\":\"https:\/\/timpurinoi.mynomnom.ro\/produs\/ciulama-de-ciuperci-cu-mamaliguta\/#primaryimage\"},\"thumbnailUrl\":\"https:\/\/i0.wp.com\/timpurinoi.mynomnom.ro\/wp-content\/uploads\/2026\/02\/Ciulama.jpeg?fit=1500%2C2000&ssl=1\",\"datePublished\":\"2025-07-12T11:56:35+00:00\",\"dateModified\":\"2026-02-02T12:30:16+00:00\",\"breadcrumb\":{\"@id\":\"https:\/\/timpurinoi.mynomnom.ro\/produs\/ciulama-de-ciuperci-cu-mamaliguta\/#breadcrumb\"},\"inLanguage\":\"en-US\",\"potentialAction\":[{\"@type\":\"ReadAction\",\"target\":[\"https:\/\/timpurinoi.mynomnom.ro\/produs\/ciulama-de-ciuperci-cu-mamaliguta\/\"]}]},{\"@type\":\"ImageObject\",\"inLanguage\":\"en-US\",\"@id\":\"https:\/\/timpurinoi.mynomnom.ro\/produs\/ciulama-de-ciuperci-cu-mamaliguta\/#primaryimage\",\"url\":\"https:\/\/i0.wp.com\/timpurinoi.mynomnom.ro\/wp-content\/uploads\/2026\/02\/Ciulama.jpeg?fit=1500%2C2000&ssl=1\",\"contentUrl\":\"https:\/\/i0.wp.com\/timpurinoi.mynomnom.ro\/wp-content\/uploads\/2026\/02\/Ciulama.jpeg?fit=1500%2C2000&ssl=1\",\"width\":1500,\"height\":2000},{\"@type\":\"BreadcrumbList\",\"@id\":\"https:\/\/timpurinoi.mynomnom.ro\/produs\/ciulama-de-ciuperci-cu-mamaliguta\/#breadcrumb\",\"itemListElement\":[{\"@type\":\"ListItem\",\"position\":1,\"name\":\"Prima pagin\u0103\",\"item\":\"https:\/\/timpurinoi.mynomnom.ro\/en\/\"},{\"@type\":\"ListItem\",\"position\":2,\"name\":\"Meniu\",\"item\":\"https:\/\/timpurinoi.mynomnom.ro\/menu\/\"},{\"@type\":\"ListItem\",\"position\":3,\"name\":\"Ciulama de ciuperci cu m\u0103m\u0103ligu\u021b\u0103\"}]},{\"@type\":\"WebSite\",\"@id\":\"https:\/\/timpurinoi.mynomnom.ro\/#website\",\"url\":\"https:\/\/timpurinoi.mynomnom.ro\/\",\"name\":\"Nom Nom Bistro - Bucuresti, Timpuri Noi\",\"description\":\"M\u00e2ncare s\u0103n\u0103toas\u0103 \u00een Bucure\u0219ti - Timpuri noi\",\"potentialAction\":[{\"@type\":\"SearchAction\",\"target\":{\"@type\":\"EntryPoint\",\"urlTemplate\":\"https:\/\/timpurinoi.mynomnom.ro\/?s={search_term_string}\"},\"query-input\":{\"@type\":\"PropertyValueSpecification\",\"valueRequired\":true,\"valueName\":\"search_term_string\"}}],\"inLanguage\":\"en-US\"}]}<\/script>\n<!-- \/ Yoast SEO plugin. -->","yoast_head_json":{"title":"Ciulama de ciuperci cu m\u0103m\u0103ligu\u021b\u0103 - Nom Nom Bistro - Bucuresti, Timpuri Noi","robots":{"index":"index","follow":"follow","max-snippet":"max-snippet:-1","max-image-preview":"max-image-preview:large","max-video-preview":"max-video-preview:-1"},"canonical":"https:\/\/timpurinoi.mynomnom.ro\/produs\/ciulama-de-ciuperci-cu-mamaliguta\/","og_locale":"en_US","og_type":"article","og_title":"Ciulama de ciuperci cu m\u0103m\u0103ligu\u021b\u0103 - Nom Nom Bistro - Bucuresti, Timpuri Noi","og_description":"ciuperci, m\u0103m\u0103lig\u0103, lapte de soia, sm\u00e2nt\u00e2n\u0103 vegetal\u0103, amidon de tapioca, ceap\u0103, usturoi, turmeric, m\u0103rar, sare, piper - 350 gr *produs f\u0103r\u0103 gluten","og_url":"https:\/\/timpurinoi.mynomnom.ro\/produs\/ciulama-de-ciuperci-cu-mamaliguta\/","og_site_name":"Nom Nom Bistro - Bucuresti, Timpuri Noi","article_modified_time":"2026-02-02T12:30:16+00:00","og_image":[{"width":1500,"height":2000,"url":"https:\/\/timpurinoi.mynomnom.ro\/wp-content\/uploads\/2026\/02\/Ciulama.jpeg","type":"image\/jpeg"}],"twitter_card":"summary_large_image","twitter_misc":{"Est. reading time":"1 minute"},"schema":{"@context":"https:\/\/schema.org","@graph":[{"@type":"WebPage","@id":"https:\/\/timpurinoi.mynomnom.ro\/produs\/ciulama-de-ciuperci-cu-mamaliguta\/","url":"https:\/\/timpurinoi.mynomnom.ro\/produs\/ciulama-de-ciuperci-cu-mamaliguta\/","name":"Ciulama de ciuperci cu m\u0103m\u0103ligu\u021b\u0103 - Nom Nom Bistro - Bucuresti, Timpuri Noi","isPartOf":{"@id":"https:\/\/timpurinoi.mynomnom.ro\/#website"},"primaryImageOfPage":{"@id":"https:\/\/timpurinoi.mynomnom.ro\/produs\/ciulama-de-ciuperci-cu-mamaliguta\/#primaryimage"},"image":{"@id":"https:\/\/timpurinoi.mynomnom.ro\/produs\/ciulama-de-ciuperci-cu-mamaliguta\/#primaryimage"},"thumbnailUrl":"https:\/\/i0.wp.com\/timpurinoi.mynomnom.ro\/wp-content\/uploads\/2026\/02\/Ciulama.jpeg?fit=1500%2C2000&ssl=1","datePublished":"2025-07-12T11:56:35+00:00","dateModified":"2026-02-02T12:30:16+00:00","breadcrumb":{"@id":"https:\/\/timpurinoi.mynomnom.ro\/produs\/ciulama-de-ciuperci-cu-mamaliguta\/#breadcrumb"},"inLanguage":"en-US","potentialAction":[{"@type":"ReadAction","target":["https:\/\/timpurinoi.mynomnom.ro\/produs\/ciulama-de-ciuperci-cu-mamaliguta\/"]}]},{"@type":"ImageObject","inLanguage":"en-US","@id":"https:\/\/timpurinoi.mynomnom.ro\/produs\/ciulama-de-ciuperci-cu-mamaliguta\/#primaryimage","url":"https:\/\/i0.wp.com\/timpurinoi.mynomnom.ro\/wp-content\/uploads\/2026\/02\/Ciulama.jpeg?fit=1500%2C2000&ssl=1","contentUrl":"https:\/\/i0.wp.com\/timpurinoi.mynomnom.ro\/wp-content\/uploads\/2026\/02\/Ciulama.jpeg?fit=1500%2C2000&ssl=1","width":1500,"height":2000},{"@type":"BreadcrumbList","@id":"https:\/\/timpurinoi.mynomnom.ro\/produs\/ciulama-de-ciuperci-cu-mamaliguta\/#breadcrumb","itemListElement":[{"@type":"ListItem","position":1,"name":"Prima pagin\u0103","item":"https:\/\/timpurinoi.mynomnom.ro\/en\/"},{"@type":"ListItem","position":2,"name":"Meniu","item":"https:\/\/timpurinoi.mynomnom.ro\/menu\/"},{"@type":"ListItem","position":3,"name":"Ciulama de ciuperci cu m\u0103m\u0103ligu\u021b\u0103"}]},{"@type":"WebSite","@id":"https:\/\/timpurinoi.mynomnom.ro\/#website","url":"https:\/\/timpurinoi.mynomnom.ro\/","name":"Nom Nom Bistro - Bucuresti, Timpuri Noi","description":"M\u00e2ncare s\u0103n\u0103toas\u0103 \u00een Bucure\u0219ti - Timpuri noi","potentialAction":[{"@type":"SearchAction","target":{"@type":"EntryPoint","urlTemplate":"https:\/\/timpurinoi.mynomnom.ro\/?s={search_term_string}"},"query-input":{"@type":"PropertyValueSpecification","valueRequired":true,"valueName":"search_term_string"}}],"inLanguage":"en-US"}]}},"jetpack_sharing_enabled":true,"_links":{"self":[{"href":"https:\/\/timpurinoi.mynomnom.ro\/en\/wp-json\/wp\/v2\/product\/3981","targetHints":{"allow":["GET"]}}],"collection":[{"href":"https:\/\/timpurinoi.mynomnom.ro\/en\/wp-json\/wp\/v2\/product"}],"about":[{"href":"https:\/\/timpurinoi.mynomnom.ro\/en\/wp-json\/wp\/v2\/types\/product"}],"wp:featuredmedia":[{"embeddable":true,"href":"https:\/\/timpurinoi.mynomnom.ro\/en\/wp-json\/wp\/v2\/media\/4411"}],"wp:attachment":[{"href":"https:\/\/timpurinoi.mynomnom.ro\/en\/wp-json\/wp\/v2\/media?parent=3981"}],"wp:term":[{"taxonomy":"product_cat","embeddable":true,"href":"https:\/\/timpurinoi.mynomnom.ro\/en\/wp-json\/wp\/v2\/product_cat?post=3981"},{"taxonomy":"product_tag","embeddable":true,"href":"https:\/\/timpurinoi.mynomnom.ro\/en\/wp-json\/wp\/v2\/product_tag?post=3981"}],"curies":[{"name":"wp","href":"https:\/\/api.w.org\/{rel}","templated":true}]}}