{"id":4432,"date":"2026-02-02T14:47:08","date_gmt":"2026-02-02T12:47:08","guid":{"rendered":"https:\/\/timpurinoi.mynomnom.ro\/?post_type=product&#038;p=4432"},"modified":"2026-02-02T14:55:14","modified_gmt":"2026-02-02T12:55:14","slug":"ghiveci-de-legume","status":"publish","type":"product","link":"https:\/\/timpurinoi.mynomnom.ro\/en\/produs\/ghiveci-de-legume\/","title":{"rendered":"Ghiveci de legume"},"content":{"rendered":"<p>cartofi, fasole p\u0103st\u0103i, maz\u0103re, vinete, zucchini, ceap\u0103, usturoi, suc de ro\u0219ii, p\u0103trunjel, p\u00e2ine cu maia din f\u0103in\u0103 integral\u0103 &#8211; 350 gr<br \/>\n* produs f\u0103r\u0103 gluten<\/p>\n<p>* produs de post<\/p>\n<p>Valori nutri\u021bionale \/ 100g: Valoarea energetic\u0103: 142.24 kcal \/ 595.14 kJ, Gr\u0103simi: 7.64 g, Acizi gra\u0219i satura\u021bi (din grasimi): 1.37 g, Glucide: 13.28 g, Zaharuri (din glucide): 2.36 g, Proteine: 8.73 g, Fibre: 1.57 g, Sare: 0.22 g<\/p>\n","protected":false},"excerpt":{"rendered":"<p>cartofi, fasole p\u0103st\u0103i, maz\u0103re, vinete, zucchini, ceap\u0103, usturoi, suc de ro\u0219ii, p\u0103trunjel, p\u00e2ine cu maia din f\u0103in\u0103 integral\u0103 &#8211; 350 gr<br \/>\n* produs f\u0103r\u0103 gluten<\/p>\n","protected":false},"featured_media":4433,"template":"","meta":[],"product_cat":[24],"product_tag":[],"class_list":{"0":"post-4432","1":"product","2":"type-product","3":"status-publish","4":"has-post-thumbnail","6":"product_menu-meniul-joi","7":"product_cat-fel-principal","9":"first","10":"instock","11":"shipping-taxable","12":"purchasable","13":"product-type-simple"},"acf":[],"yoast_head":"<!-- This site is optimized with the Yoast SEO plugin v24.1 - https:\/\/yoast.com\/wordpress\/plugins\/seo\/ -->\n<title>Ghiveci de legume - Nom Nom Bistro - Bucuresti, Timpuri Noi<\/title>\n<meta name=\"robots\" content=\"index, follow, max-snippet:-1, max-image-preview:large, max-video-preview:-1\" \/>\n<link rel=\"canonical\" href=\"https:\/\/timpurinoi.mynomnom.ro\/produs\/ghiveci-de-legume\/\" \/>\n<meta property=\"og:locale\" content=\"en_US\" \/>\n<meta property=\"og:type\" content=\"article\" \/>\n<meta property=\"og:title\" content=\"Ghiveci de legume - Nom Nom Bistro - Bucuresti, Timpuri Noi\" \/>\n<meta property=\"og:description\" content=\"cartofi, fasole p\u0103st\u0103i, maz\u0103re, vinete, zucchini, ceap\u0103, usturoi, suc de ro\u0219ii, p\u0103trunjel, p\u00e2ine cu maia din f\u0103in\u0103 integral\u0103 - 350 gr * produs f\u0103r\u0103 gluten\" \/>\n<meta property=\"og:url\" content=\"https:\/\/timpurinoi.mynomnom.ro\/produs\/ghiveci-de-legume\/\" \/>\n<meta property=\"og:site_name\" content=\"Nom Nom Bistro - Bucuresti, Timpuri Noi\" \/>\n<meta property=\"article:modified_time\" content=\"2026-02-02T12:55:14+00:00\" \/>\n<meta property=\"og:image\" content=\"https:\/\/timpurinoi.mynomnom.ro\/wp-content\/uploads\/2026\/02\/ghiveci.jpg\" \/>\n\t<meta property=\"og:image:width\" content=\"1200\" \/>\n\t<meta property=\"og:image:height\" content=\"800\" \/>\n\t<meta property=\"og:image:type\" content=\"image\/jpeg\" \/>\n<meta name=\"twitter:card\" content=\"summary_large_image\" \/>\n<meta name=\"twitter:label1\" content=\"Est. reading time\" \/>\n\t<meta name=\"twitter:data1\" content=\"1 minute\" \/>\n<script type=\"application\/ld+json\" class=\"yoast-schema-graph\">{\"@context\":\"https:\/\/schema.org\",\"@graph\":[{\"@type\":\"WebPage\",\"@id\":\"https:\/\/timpurinoi.mynomnom.ro\/produs\/ghiveci-de-legume\/\",\"url\":\"https:\/\/timpurinoi.mynomnom.ro\/produs\/ghiveci-de-legume\/\",\"name\":\"Ghiveci de legume - Nom Nom Bistro - Bucuresti, Timpuri Noi\",\"isPartOf\":{\"@id\":\"https:\/\/timpurinoi.mynomnom.ro\/#website\"},\"primaryImageOfPage\":{\"@id\":\"https:\/\/timpurinoi.mynomnom.ro\/produs\/ghiveci-de-legume\/#primaryimage\"},\"image\":{\"@id\":\"https:\/\/timpurinoi.mynomnom.ro\/produs\/ghiveci-de-legume\/#primaryimage\"},\"thumbnailUrl\":\"https:\/\/i0.wp.com\/timpurinoi.mynomnom.ro\/wp-content\/uploads\/2026\/02\/ghiveci.jpg?fit=1200%2C800&ssl=1\",\"datePublished\":\"2026-02-02T12:47:08+00:00\",\"dateModified\":\"2026-02-02T12:55:14+00:00\",\"breadcrumb\":{\"@id\":\"https:\/\/timpurinoi.mynomnom.ro\/produs\/ghiveci-de-legume\/#breadcrumb\"},\"inLanguage\":\"en-US\",\"potentialAction\":[{\"@type\":\"ReadAction\",\"target\":[\"https:\/\/timpurinoi.mynomnom.ro\/produs\/ghiveci-de-legume\/\"]}]},{\"@type\":\"ImageObject\",\"inLanguage\":\"en-US\",\"@id\":\"https:\/\/timpurinoi.mynomnom.ro\/produs\/ghiveci-de-legume\/#primaryimage\",\"url\":\"https:\/\/i0.wp.com\/timpurinoi.mynomnom.ro\/wp-content\/uploads\/2026\/02\/ghiveci.jpg?fit=1200%2C800&ssl=1\",\"contentUrl\":\"https:\/\/i0.wp.com\/timpurinoi.mynomnom.ro\/wp-content\/uploads\/2026\/02\/ghiveci.jpg?fit=1200%2C800&ssl=1\",\"width\":1200,\"height\":800},{\"@type\":\"BreadcrumbList\",\"@id\":\"https:\/\/timpurinoi.mynomnom.ro\/produs\/ghiveci-de-legume\/#breadcrumb\",\"itemListElement\":[{\"@type\":\"ListItem\",\"position\":1,\"name\":\"Prima pagin\u0103\",\"item\":\"https:\/\/timpurinoi.mynomnom.ro\/en\/\"},{\"@type\":\"ListItem\",\"position\":2,\"name\":\"Meniu\",\"item\":\"https:\/\/timpurinoi.mynomnom.ro\/menu\/\"},{\"@type\":\"ListItem\",\"position\":3,\"name\":\"Ghiveci de legume\"}]},{\"@type\":\"WebSite\",\"@id\":\"https:\/\/timpurinoi.mynomnom.ro\/#website\",\"url\":\"https:\/\/timpurinoi.mynomnom.ro\/\",\"name\":\"Nom Nom Bistro - Bucuresti, Timpuri Noi\",\"description\":\"M\u00e2ncare s\u0103n\u0103toas\u0103 \u00een Bucure\u0219ti - Timpuri noi\",\"potentialAction\":[{\"@type\":\"SearchAction\",\"target\":{\"@type\":\"EntryPoint\",\"urlTemplate\":\"https:\/\/timpurinoi.mynomnom.ro\/?s={search_term_string}\"},\"query-input\":{\"@type\":\"PropertyValueSpecification\",\"valueRequired\":true,\"valueName\":\"search_term_string\"}}],\"inLanguage\":\"en-US\"}]}<\/script>\n<!-- \/ Yoast SEO plugin. -->","yoast_head_json":{"title":"Ghiveci de legume - Nom Nom Bistro - Bucuresti, Timpuri Noi","robots":{"index":"index","follow":"follow","max-snippet":"max-snippet:-1","max-image-preview":"max-image-preview:large","max-video-preview":"max-video-preview:-1"},"canonical":"https:\/\/timpurinoi.mynomnom.ro\/produs\/ghiveci-de-legume\/","og_locale":"en_US","og_type":"article","og_title":"Ghiveci de legume - Nom Nom Bistro - Bucuresti, Timpuri Noi","og_description":"cartofi, fasole p\u0103st\u0103i, maz\u0103re, vinete, zucchini, ceap\u0103, usturoi, suc de ro\u0219ii, p\u0103trunjel, p\u00e2ine cu maia din f\u0103in\u0103 integral\u0103 - 350 gr * produs f\u0103r\u0103 gluten","og_url":"https:\/\/timpurinoi.mynomnom.ro\/produs\/ghiveci-de-legume\/","og_site_name":"Nom Nom Bistro - Bucuresti, Timpuri Noi","article_modified_time":"2026-02-02T12:55:14+00:00","og_image":[{"width":1200,"height":800,"url":"https:\/\/timpurinoi.mynomnom.ro\/wp-content\/uploads\/2026\/02\/ghiveci.jpg","type":"image\/jpeg"}],"twitter_card":"summary_large_image","twitter_misc":{"Est. reading time":"1 minute"},"schema":{"@context":"https:\/\/schema.org","@graph":[{"@type":"WebPage","@id":"https:\/\/timpurinoi.mynomnom.ro\/produs\/ghiveci-de-legume\/","url":"https:\/\/timpurinoi.mynomnom.ro\/produs\/ghiveci-de-legume\/","name":"Ghiveci de legume - Nom Nom Bistro - Bucuresti, Timpuri Noi","isPartOf":{"@id":"https:\/\/timpurinoi.mynomnom.ro\/#website"},"primaryImageOfPage":{"@id":"https:\/\/timpurinoi.mynomnom.ro\/produs\/ghiveci-de-legume\/#primaryimage"},"image":{"@id":"https:\/\/timpurinoi.mynomnom.ro\/produs\/ghiveci-de-legume\/#primaryimage"},"thumbnailUrl":"https:\/\/i0.wp.com\/timpurinoi.mynomnom.ro\/wp-content\/uploads\/2026\/02\/ghiveci.jpg?fit=1200%2C800&ssl=1","datePublished":"2026-02-02T12:47:08+00:00","dateModified":"2026-02-02T12:55:14+00:00","breadcrumb":{"@id":"https:\/\/timpurinoi.mynomnom.ro\/produs\/ghiveci-de-legume\/#breadcrumb"},"inLanguage":"en-US","potentialAction":[{"@type":"ReadAction","target":["https:\/\/timpurinoi.mynomnom.ro\/produs\/ghiveci-de-legume\/"]}]},{"@type":"ImageObject","inLanguage":"en-US","@id":"https:\/\/timpurinoi.mynomnom.ro\/produs\/ghiveci-de-legume\/#primaryimage","url":"https:\/\/i0.wp.com\/timpurinoi.mynomnom.ro\/wp-content\/uploads\/2026\/02\/ghiveci.jpg?fit=1200%2C800&ssl=1","contentUrl":"https:\/\/i0.wp.com\/timpurinoi.mynomnom.ro\/wp-content\/uploads\/2026\/02\/ghiveci.jpg?fit=1200%2C800&ssl=1","width":1200,"height":800},{"@type":"BreadcrumbList","@id":"https:\/\/timpurinoi.mynomnom.ro\/produs\/ghiveci-de-legume\/#breadcrumb","itemListElement":[{"@type":"ListItem","position":1,"name":"Prima pagin\u0103","item":"https:\/\/timpurinoi.mynomnom.ro\/en\/"},{"@type":"ListItem","position":2,"name":"Meniu","item":"https:\/\/timpurinoi.mynomnom.ro\/menu\/"},{"@type":"ListItem","position":3,"name":"Ghiveci de legume"}]},{"@type":"WebSite","@id":"https:\/\/timpurinoi.mynomnom.ro\/#website","url":"https:\/\/timpurinoi.mynomnom.ro\/","name":"Nom Nom Bistro - Bucuresti, Timpuri Noi","description":"M\u00e2ncare s\u0103n\u0103toas\u0103 \u00een Bucure\u0219ti - Timpuri noi","potentialAction":[{"@type":"SearchAction","target":{"@type":"EntryPoint","urlTemplate":"https:\/\/timpurinoi.mynomnom.ro\/?s={search_term_string}"},"query-input":{"@type":"PropertyValueSpecification","valueRequired":true,"valueName":"search_term_string"}}],"inLanguage":"en-US"}]}},"jetpack_sharing_enabled":true,"_links":{"self":[{"href":"https:\/\/timpurinoi.mynomnom.ro\/en\/wp-json\/wp\/v2\/product\/4432","targetHints":{"allow":["GET"]}}],"collection":[{"href":"https:\/\/timpurinoi.mynomnom.ro\/en\/wp-json\/wp\/v2\/product"}],"about":[{"href":"https:\/\/timpurinoi.mynomnom.ro\/en\/wp-json\/wp\/v2\/types\/product"}],"wp:featuredmedia":[{"embeddable":true,"href":"https:\/\/timpurinoi.mynomnom.ro\/en\/wp-json\/wp\/v2\/media\/4433"}],"wp:attachment":[{"href":"https:\/\/timpurinoi.mynomnom.ro\/en\/wp-json\/wp\/v2\/media?parent=4432"}],"wp:term":[{"taxonomy":"product_cat","embeddable":true,"href":"https:\/\/timpurinoi.mynomnom.ro\/en\/wp-json\/wp\/v2\/product_cat?post=4432"},{"taxonomy":"product_tag","embeddable":true,"href":"https:\/\/timpurinoi.mynomnom.ro\/en\/wp-json\/wp\/v2\/product_tag?post=4432"}],"curies":[{"name":"wp","href":"https:\/\/api.w.org\/{rel}","templated":true}]}}